{"id":160,"date":"2019-03-17T11:59:55","date_gmt":"2019-03-17T10:59:55","guid":{"rendered":"https:\/\/www.riosa.com\/?page_id=160"},"modified":"2019-04-25T18:18:23","modified_gmt":"2019-04-25T17:18:23","slug":"contacto","status":"publish","type":"page","link":"https:\/\/www.riosa.com\/pt\/entre-em-contacto\/","title":{"rendered":"Contacto"},"content":{"rendered":"<div id=\"cs-content\" class=\"cs-content\"><\/div>","protected":false},"excerpt":{"rendered":"<p>Detalhes de contacto Estes s\u00e3o os detalhes que voc\u00ea pode usar para contactar connosco. Teremos o maior prazer em responder \u00e0s suas d\u00favidas, d\u00favidas, solicita\u00e7\u00f5es ou reclama\u00e7\u00f5es. E faremos tudo o que estiver ao nosso alcance para resolv\u00ea-los. Se preferir que o contactemos, poder\u00e1 faz\u00ea-lo atrav\u00e9s do nosso formul\u00e1rio de contacto. Refinaci\u00f3n Industrial Ole\u00edcola SA (+34) 953692000 riosa@riosa.com WhatsApp \u2026 <\/p>\n<div><a href=\"https:\/\/www.riosa.com\/pt\/entre-em-contacto\/\" class=\"more-link\">consulte Mais informa\u00e7\u00e3o<\/a><\/div>","protected":false},"author":1,"featured_media":0,"parent":0,"menu_order":0,"comment_status":"closed","ping_status":"closed","template":"template-layout-full-width.php","meta":{"footnotes":""},"yoast_head":"<!-- This site is optimized with the Yoast SEO plugin v22.6 - https:\/\/yoast.com\/wordpress\/plugins\/seo\/ -->\n<title>Contacto | RIOSA<\/title>\n<meta name=\"robots\" content=\"index, follow, max-snippet:-1, max-image-preview:large, max-video-preview:-1\" \/>\n<link rel=\"canonical\" href=\"https:\/\/www.riosa.com\/pt\/entre-em-contacto\/\" \/>\n<meta property=\"og:locale\" content=\"pt_PT\" \/>\n<meta property=\"og:type\" content=\"article\" \/>\n<meta property=\"og:title\" content=\"Contacto | RIOSA\" \/>\n<meta property=\"og:description\" content=\"Datos de contacto Estos son los datos que pueden usar para contactar con nosotros. Estaremos encantados de contestar sus consultas, preguntas, peticiones o quejas. Y haremos todo lo que est\u00e9 en nuestra mano para solventarlas. Si prefieren que nosotros nos pongamos en contacto con usted pueden hacerlo usando nuestro formulario de contacto. Refinaci\u00f3n Industrial Ole\u00edcola S.A. (+34) 953692000 riosa@riosa.com&nbsp; WhatsApp ... Read More\" \/>\n<meta property=\"og:url\" content=\"https:\/\/www.riosa.com\/pt\/entre-em-contacto\/\" \/>\n<meta property=\"og:site_name\" content=\"RIOSA\" \/>\n<meta property=\"article:modified_time\" content=\"2019-04-25T17:18:23+00:00\" \/>\n<meta name=\"twitter:card\" content=\"summary_large_image\" \/>\n<meta name=\"twitter:label1\" content=\"Tempo estimado de leitura\" \/>\n\t<meta name=\"twitter:data1\" content=\"1 minuto\" \/>\n<script type=\"application\/ld+json\" class=\"yoast-schema-graph\">{\"@context\":\"https:\/\/schema.org\",\"@graph\":[{\"@type\":\"WebPage\",\"@id\":\"https:\/\/www.riosa.com\/contacto\/\",\"url\":\"https:\/\/www.riosa.com\/contacto\/\",\"name\":\"Contacto | RIOSA\",\"isPartOf\":{\"@id\":\"https:\/\/www.riosa.com\/he\/#website\"},\"datePublished\":\"2019-03-17T10:59:55+00:00\",\"dateModified\":\"2019-04-25T17:18:23+00:00\",\"breadcrumb\":{\"@id\":\"https:\/\/www.riosa.com\/contacto\/#breadcrumb\"},\"inLanguage\":\"pt-PT\",\"potentialAction\":[{\"@type\":\"ReadAction\",\"target\":[\"https:\/\/www.riosa.com\/contacto\/\"]}]},{\"@type\":\"BreadcrumbList\",\"@id\":\"https:\/\/www.riosa.com\/contacto\/#breadcrumb\",\"itemListElement\":[{\"@type\":\"ListItem\",\"position\":1,\"name\":\"Inicio\",\"item\":\"https:\/\/www.riosa.com\/\"},{\"@type\":\"ListItem\",\"position\":2,\"name\":\"Contacto\"}]},{\"@type\":\"WebSite\",\"@id\":\"https:\/\/www.riosa.com\/he\/#website\",\"url\":\"https:\/\/www.riosa.com\/he\/\",\"name\":\"RIOSA\",\"description\":\"ACEITES GRASAS Y OLE\u00cdNAS para alimentaci\u00f3n animal\",\"publisher\":{\"@id\":\"https:\/\/www.riosa.com\/he\/#organization\"},\"potentialAction\":[{\"@type\":\"SearchAction\",\"target\":{\"@type\":\"EntryPoint\",\"urlTemplate\":\"https:\/\/www.riosa.com\/he\/?s={search_term_string}\"},\"query-input\":\"required name=search_term_string\"}],\"inLanguage\":\"pt-PT\"},{\"@type\":\"Organization\",\"@id\":\"https:\/\/www.riosa.com\/he\/#organization\",\"name\":\"RIOSA - Refinaci\u00f3n Industrial Oleicola S.A.\",\"url\":\"https:\/\/www.riosa.com\/he\/\",\"logo\":{\"@type\":\"ImageObject\",\"inLanguage\":\"pt-PT\",\"@id\":\"https:\/\/www.riosa.com\/he\/#\/schema\/logo\/image\/\",\"url\":\"https:\/\/staging.riosa.com\/wp-content\/uploads\/2019\/04\/Logo-Riosa-250.jpg\",\"contentUrl\":\"https:\/\/staging.riosa.com\/wp-content\/uploads\/2019\/04\/Logo-Riosa-250.jpg\",\"width\":250,\"height\":271,\"caption\":\"RIOSA - Refinaci\u00f3n Industrial Oleicola S.A.\"},\"image\":{\"@id\":\"https:\/\/www.riosa.com\/he\/#\/schema\/logo\/image\/\"}}]}<\/script>\n<!-- \/ Yoast SEO plugin. -->","yoast_head_json":{"title":"Contacto | RIOSA","robots":{"index":"index","follow":"follow","max-snippet":"max-snippet:-1","max-image-preview":"max-image-preview:large","max-video-preview":"max-video-preview:-1"},"canonical":"https:\/\/www.riosa.com\/pt\/entre-em-contacto\/","og_locale":"pt_PT","og_type":"article","og_title":"Contacto | RIOSA","og_description":"Datos de contacto Estos son los datos que pueden usar para contactar con nosotros. Estaremos encantados de contestar sus consultas, preguntas, peticiones o quejas. Y haremos todo lo que est\u00e9 en nuestra mano para solventarlas. Si prefieren que nosotros nos pongamos en contacto con usted pueden hacerlo usando nuestro formulario de contacto. Refinaci\u00f3n Industrial Ole\u00edcola S.A. (+34) 953692000 riosa@riosa.com&nbsp; WhatsApp ... Read More","og_url":"https:\/\/www.riosa.com\/pt\/entre-em-contacto\/","og_site_name":"RIOSA","article_modified_time":"2019-04-25T17:18:23+00:00","twitter_card":"summary_large_image","twitter_misc":{"Tempo estimado de leitura":"1 minuto"},"schema":{"@context":"https:\/\/schema.org","@graph":[{"@type":"WebPage","@id":"https:\/\/www.riosa.com\/contacto\/","url":"https:\/\/www.riosa.com\/contacto\/","name":"Contacto | RIOSA","isPartOf":{"@id":"https:\/\/www.riosa.com\/he\/#website"},"datePublished":"2019-03-17T10:59:55+00:00","dateModified":"2019-04-25T17:18:23+00:00","breadcrumb":{"@id":"https:\/\/www.riosa.com\/contacto\/#breadcrumb"},"inLanguage":"pt-PT","potentialAction":[{"@type":"ReadAction","target":["https:\/\/www.riosa.com\/contacto\/"]}]},{"@type":"BreadcrumbList","@id":"https:\/\/www.riosa.com\/contacto\/#breadcrumb","itemListElement":[{"@type":"ListItem","position":1,"name":"Inicio","item":"https:\/\/www.riosa.com\/"},{"@type":"ListItem","position":2,"name":"Contacto"}]},{"@type":"WebSite","@id":"https:\/\/www.riosa.com\/he\/#website","url":"https:\/\/www.riosa.com\/he\/","name":"RIOSA","description":"GORDURAS E OLE\u00cdNAS \u00d3LEOS para alimenta\u00e7\u00e3o animal","publisher":{"@id":"https:\/\/www.riosa.com\/he\/#organization"},"potentialAction":[{"@type":"SearchAction","target":{"@type":"EntryPoint","urlTemplate":"https:\/\/www.riosa.com\/he\/?s={search_term_string}"},"query-input":"required name=search_term_string"}],"inLanguage":"pt-PT"},{"@type":"Organization","@id":"https:\/\/www.riosa.com\/he\/#organization","name":"RIOSA - Refino Industrial Oleicola SA","url":"https:\/\/www.riosa.com\/he\/","logo":{"@type":"ImageObject","inLanguage":"pt-PT","@id":"https:\/\/www.riosa.com\/he\/#\/schema\/logo\/image\/","url":"https:\/\/staging.riosa.com\/wp-content\/uploads\/2019\/04\/Logo-Riosa-250.jpg","contentUrl":"https:\/\/staging.riosa.com\/wp-content\/uploads\/2019\/04\/Logo-Riosa-250.jpg","width":250,"height":271,"caption":"RIOSA - Refinaci\u00f3n Industrial Oleicola S.A."},"image":{"@id":"https:\/\/www.riosa.com\/he\/#\/schema\/logo\/image\/"}}]}},"jetpack_sharing_enabled":true,"_links":{"self":[{"href":"https:\/\/www.riosa.com\/pt\/wp-json\/wp\/v2\/pages\/160"}],"collection":[{"href":"https:\/\/www.riosa.com\/pt\/wp-json\/wp\/v2\/pages"}],"about":[{"href":"https:\/\/www.riosa.com\/pt\/wp-json\/wp\/v2\/types\/page"}],"author":[{"embeddable":true,"href":"https:\/\/www.riosa.com\/pt\/wp-json\/wp\/v2\/users\/1"}],"replies":[{"embeddable":true,"href":"https:\/\/www.riosa.com\/pt\/wp-json\/wp\/v2\/comments?post=160"}],"version-history":[{"count":14,"href":"https:\/\/www.riosa.com\/pt\/wp-json\/wp\/v2\/pages\/160\/revisions"}],"predecessor-version":[{"id":875,"href":"https:\/\/www.riosa.com\/pt\/wp-json\/wp\/v2\/pages\/160\/revisions\/875"}],"wp:attachment":[{"href":"https:\/\/www.riosa.com\/pt\/wp-json\/wp\/v2\/media?parent=160"}],"curies":[{"name":"wp","href":"https:\/\/api.w.org\/{rel}","templated":true}]}}