{"id":1138,"date":"2019-05-01T18:43:49","date_gmt":"2019-05-01T17:43:49","guid":{"rendered":"https:\/\/www.riosa.com\/?page_id=1138"},"modified":"2019-05-04T21:39:34","modified_gmt":"2019-05-04T20:39:34","slug":"oleina","status":"publish","type":"page","link":"https:\/\/www.riosa.com\/pt\/oleina\/","title":{"rendered":"ole\u00edna"},"content":{"rendered":"<div id=\"cs-content\" class=\"cs-content\"><\/div>","protected":false},"excerpt":{"rendered":"<p>O que \u00e9 ole\u00edna? Nesta p\u00e1gina, voc\u00ea encontrar\u00e1 uma breve explica\u00e7\u00e3o sobre o que \u00e9 ole\u00edna vegetal, tamb\u00e9m conhecida como \u00f3leo \u00e1cido, e sua rela\u00e7\u00e3o com os \u00f3leos. A ole\u00edna \u00e9 usada principalmente na alimenta\u00e7\u00e3o animal, mas tamb\u00e9m \u00e9 comumente usada na fabrica\u00e7\u00e3o de sabonetes e outros produtos na ind\u00fastria qu\u00edmica. Para acesso imediato a... <\/p>\n<div><a href=\"https:\/\/www.riosa.com\/pt\/oleina\/\" class=\"more-link\">consulte Mais informa\u00e7\u00e3o<\/a><\/div>","protected":false},"author":1,"featured_media":0,"parent":0,"menu_order":0,"comment_status":"closed","ping_status":"closed","template":"template-layout-full-width.php","meta":{"footnotes":""},"yoast_head":"<!-- This site is optimized with the Yoast SEO plugin v22.6 - https:\/\/yoast.com\/wordpress\/plugins\/seo\/ -->\n<title>Qu\u00e9 Es la Ole\u00edna | RIOSA - Nuestros Productos<\/title>\n<meta name=\"description\" content=\"Explicaci\u00f3n de qu\u00e9 es la oleina vegetal. La oleina tambi\u00e9n conocida como aceite \u00e1cido, se usa en alimentaci\u00f3n animal y para hacer jab\u00f3n\" \/>\n<meta name=\"robots\" content=\"index, follow, max-snippet:-1, max-image-preview:large, max-video-preview:-1\" \/>\n<link rel=\"canonical\" href=\"https:\/\/www.riosa.com\/pt\/eu\/olein\/\" \/>\n<meta property=\"og:locale\" content=\"pt_PT\" \/>\n<meta property=\"og:type\" content=\"article\" \/>\n<meta property=\"og:title\" content=\"Qu\u00e9 Es la Ole\u00edna | RIOSA - Nuestros Productos\" \/>\n<meta property=\"og:description\" content=\"Explicaci\u00f3n de qu\u00e9 es la oleina vegetal. La oleina tambi\u00e9n conocida como aceite \u00e1cido, se usa en alimentaci\u00f3n animal y para hacer jab\u00f3n\" \/>\n<meta property=\"og:url\" content=\"https:\/\/www.riosa.com\/pt\/eu\/olein\/\" \/>\n<meta property=\"og:site_name\" content=\"RIOSA\" \/>\n<meta property=\"article:modified_time\" content=\"2019-05-04T20:39:34+00:00\" \/>\n<meta name=\"twitter:card\" content=\"summary_large_image\" \/>\n<meta name=\"twitter:label1\" content=\"Tempo estimado de leitura\" \/>\n\t<meta name=\"twitter:data1\" content=\"1 minuto\" \/>\n<script type=\"application\/ld+json\" class=\"yoast-schema-graph\">{\"@context\":\"https:\/\/schema.org\",\"@graph\":[{\"@type\":\"WebPage\",\"@id\":\"https:\/\/www.riosa.com\/eu\/olein\/\",\"url\":\"https:\/\/www.riosa.com\/eu\/olein\/\",\"name\":\"Qu\u00e9 Es la Ole\u00edna | RIOSA - Nuestros Productos\",\"isPartOf\":{\"@id\":\"https:\/\/www.riosa.com\/he\/#website\"},\"datePublished\":\"2019-05-01T17:43:49+00:00\",\"dateModified\":\"2019-05-04T20:39:34+00:00\",\"description\":\"Explicaci\u00f3n de qu\u00e9 es la oleina vegetal. La oleina tambi\u00e9n conocida como aceite \u00e1cido, se usa en alimentaci\u00f3n animal y para hacer jab\u00f3n\",\"breadcrumb\":{\"@id\":\"https:\/\/www.riosa.com\/eu\/olein\/#breadcrumb\"},\"inLanguage\":\"pt-PT\",\"potentialAction\":[{\"@type\":\"ReadAction\",\"target\":[\"https:\/\/www.riosa.com\/eu\/olein\/\"]}]},{\"@type\":\"BreadcrumbList\",\"@id\":\"https:\/\/www.riosa.com\/eu\/olein\/#breadcrumb\",\"itemListElement\":[{\"@type\":\"ListItem\",\"position\":1,\"name\":\"Inicio\",\"item\":\"https:\/\/www.riosa.com\/\"},{\"@type\":\"ListItem\",\"position\":2,\"name\":\"Ole\u00edna\"}]},{\"@type\":\"WebSite\",\"@id\":\"https:\/\/www.riosa.com\/he\/#website\",\"url\":\"https:\/\/www.riosa.com\/he\/\",\"name\":\"RIOSA\",\"description\":\"ACEITES GRASAS Y OLE\u00cdNAS para alimentaci\u00f3n animal\",\"publisher\":{\"@id\":\"https:\/\/www.riosa.com\/he\/#organization\"},\"potentialAction\":[{\"@type\":\"SearchAction\",\"target\":{\"@type\":\"EntryPoint\",\"urlTemplate\":\"https:\/\/www.riosa.com\/he\/?s={search_term_string}\"},\"query-input\":\"required name=search_term_string\"}],\"inLanguage\":\"pt-PT\"},{\"@type\":\"Organization\",\"@id\":\"https:\/\/www.riosa.com\/he\/#organization\",\"name\":\"RIOSA - Refinaci\u00f3n Industrial Oleicola S.A.\",\"url\":\"https:\/\/www.riosa.com\/he\/\",\"logo\":{\"@type\":\"ImageObject\",\"inLanguage\":\"pt-PT\",\"@id\":\"https:\/\/www.riosa.com\/he\/#\/schema\/logo\/image\/\",\"url\":\"https:\/\/staging.riosa.com\/wp-content\/uploads\/2019\/04\/Logo-Riosa-250.jpg\",\"contentUrl\":\"https:\/\/staging.riosa.com\/wp-content\/uploads\/2019\/04\/Logo-Riosa-250.jpg\",\"width\":250,\"height\":271,\"caption\":\"RIOSA - Refinaci\u00f3n Industrial Oleicola S.A.\"},\"image\":{\"@id\":\"https:\/\/www.riosa.com\/he\/#\/schema\/logo\/image\/\"}}]}<\/script>\n<!-- \/ Yoast SEO plugin. -->","yoast_head_json":{"title":"O que \u00e9 ole\u00edna | RIOSA - Nossos Produtos","description":"Explica\u00e7\u00e3o do que \u00e9 ole\u00edna vegetal. A ole\u00edna, tamb\u00e9m conhecida como \u00f3leo \u00e1cido, \u00e9 usada na alimenta\u00e7\u00e3o animal e na fabrica\u00e7\u00e3o de sab\u00e3o.","robots":{"index":"index","follow":"follow","max-snippet":"max-snippet:-1","max-image-preview":"max-image-preview:large","max-video-preview":"max-video-preview:-1"},"canonical":"https:\/\/www.riosa.com\/pt\/eu\/olein\/","og_locale":"pt_PT","og_type":"article","og_title":"Qu\u00e9 Es la Ole\u00edna | RIOSA - Nuestros Productos","og_description":"Explicaci\u00f3n de qu\u00e9 es la oleina vegetal. La oleina tambi\u00e9n conocida como aceite \u00e1cido, se usa en alimentaci\u00f3n animal y para hacer jab\u00f3n","og_url":"https:\/\/www.riosa.com\/pt\/eu\/olein\/","og_site_name":"RIOSA","article_modified_time":"2019-05-04T20:39:34+00:00","twitter_card":"summary_large_image","twitter_misc":{"Tempo estimado de leitura":"1 minuto"},"schema":{"@context":"https:\/\/schema.org","@graph":[{"@type":"WebPage","@id":"https:\/\/www.riosa.com\/eu\/olein\/","url":"https:\/\/www.riosa.com\/eu\/olein\/","name":"O que \u00e9 ole\u00edna | RIOSA - Nossos Produtos","isPartOf":{"@id":"https:\/\/www.riosa.com\/he\/#website"},"datePublished":"2019-05-01T17:43:49+00:00","dateModified":"2019-05-04T20:39:34+00:00","description":"Explica\u00e7\u00e3o do que \u00e9 ole\u00edna vegetal. A ole\u00edna, tamb\u00e9m conhecida como \u00f3leo \u00e1cido, \u00e9 usada na alimenta\u00e7\u00e3o animal e na fabrica\u00e7\u00e3o de sab\u00e3o.","breadcrumb":{"@id":"https:\/\/www.riosa.com\/eu\/olein\/#breadcrumb"},"inLanguage":"pt-PT","potentialAction":[{"@type":"ReadAction","target":["https:\/\/www.riosa.com\/eu\/olein\/"]}]},{"@type":"BreadcrumbList","@id":"https:\/\/www.riosa.com\/eu\/olein\/#breadcrumb","itemListElement":[{"@type":"ListItem","position":1,"name":"Inicio","item":"https:\/\/www.riosa.com\/"},{"@type":"ListItem","position":2,"name":"Ole\u00edna"}]},{"@type":"WebSite","@id":"https:\/\/www.riosa.com\/he\/#website","url":"https:\/\/www.riosa.com\/he\/","name":"RIOSA","description":"GORDURAS E OLE\u00cdNAS \u00d3LEOS para alimenta\u00e7\u00e3o animal","publisher":{"@id":"https:\/\/www.riosa.com\/he\/#organization"},"potentialAction":[{"@type":"SearchAction","target":{"@type":"EntryPoint","urlTemplate":"https:\/\/www.riosa.com\/he\/?s={search_term_string}"},"query-input":"required name=search_term_string"}],"inLanguage":"pt-PT"},{"@type":"Organization","@id":"https:\/\/www.riosa.com\/he\/#organization","name":"RIOSA - Refino Industrial Oleicola SA","url":"https:\/\/www.riosa.com\/he\/","logo":{"@type":"ImageObject","inLanguage":"pt-PT","@id":"https:\/\/www.riosa.com\/he\/#\/schema\/logo\/image\/","url":"https:\/\/staging.riosa.com\/wp-content\/uploads\/2019\/04\/Logo-Riosa-250.jpg","contentUrl":"https:\/\/staging.riosa.com\/wp-content\/uploads\/2019\/04\/Logo-Riosa-250.jpg","width":250,"height":271,"caption":"RIOSA - Refinaci\u00f3n Industrial Oleicola S.A."},"image":{"@id":"https:\/\/www.riosa.com\/he\/#\/schema\/logo\/image\/"}}]}},"_links":{"self":[{"href":"https:\/\/www.riosa.com\/pt\/wp-json\/wp\/v2\/pages\/1138"}],"collection":[{"href":"https:\/\/www.riosa.com\/pt\/wp-json\/wp\/v2\/pages"}],"about":[{"href":"https:\/\/www.riosa.com\/pt\/wp-json\/wp\/v2\/types\/page"}],"author":[{"embeddable":true,"href":"https:\/\/www.riosa.com\/pt\/wp-json\/wp\/v2\/users\/1"}],"replies":[{"embeddable":true,"href":"https:\/\/www.riosa.com\/pt\/wp-json\/wp\/v2\/comments?post=1138"}],"version-history":[{"count":1,"href":"https:\/\/www.riosa.com\/pt\/wp-json\/wp\/v2\/pages\/1138\/revisions"}],"predecessor-version":[{"id":1140,"href":"https:\/\/www.riosa.com\/pt\/wp-json\/wp\/v2\/pages\/1138\/revisions\/1140"}],"wp:attachment":[{"href":"https:\/\/www.riosa.com\/pt\/wp-json\/wp\/v2\/media?parent=1138"}],"curies":[{"name":"wp","href":"https:\/\/api.w.org\/{rel}","templated":true}]}}