{"id":1004,"date":"2019-04-25T18:05:28","date_gmt":"2019-04-25T17:05:28","guid":{"rendered":"https:\/\/www.riosa.com\/?page_id=1004"},"modified":"2019-04-26T18:59:58","modified_gmt":"2019-04-26T17:59:58","slug":"archivo","status":"publish","type":"page","link":"https:\/\/www.riosa.com\/pt\/documentacao\/arquivo\/","title":{"rendered":"Arquivo"},"content":{"rendered":"<div id=\"cs-content\" class=\"cs-content\"><\/div>","protected":false},"excerpt":{"rendered":"<p>Archivo de noticias En esta p\u00e1gina podr\u00e1 encontrar referencias para buscar en nuestras publicaciones y noticias anteriores. Hemos incluido tambi\u00e9n noticias de sitios externos de renombre en el sector sobre agricultura y ganader\u00eda. RIOSA: Noticias recientes de nosotros Conflicto en Ir\u00e1n: La Tormenta Perfecta que Amenaza la Alimentaci\u00f3n Animal15 Abril, 2026La escalada b\u00e9lica en Oriente Medio ha dejado de ser &#8230; <\/p>\n<div><a href=\"https:\/\/www.riosa.com\/pt\/nextgenerationeu-ajuda-para-instalacao-de-sistemas-fotovoltaicos-de-autoconsumo\/\" class=\"more-link\">consulte Mais informa\u00e7\u00e3o<\/a><\/div>","protected":false},"author":1,"featured_media":0,"parent":900,"menu_order":0,"comment_status":"closed","ping_status":"closed","template":"template-layout-full-width.php","meta":{"footnotes":""},"yoast_head":"<!-- This site is optimized with the Yoast SEO plugin v22.6 - https:\/\/yoast.com\/wordpress\/plugins\/seo\/ -->\n<title>Archivo | RIOSA<\/title>\n<meta name=\"robots\" content=\"index, follow, max-snippet:-1, max-image-preview:large, max-video-preview:-1\" \/>\n<link rel=\"canonical\" href=\"https:\/\/www.riosa.com\/pt\/sl\/dokumentacijo\/arhiv\/\" \/>\n<meta property=\"og:locale\" content=\"pt_PT\" \/>\n<meta property=\"og:type\" content=\"article\" \/>\n<meta property=\"og:title\" content=\"Archivo | RIOSA\" \/>\n<meta property=\"og:description\" content=\"Archivo de noticias En esta p\u00e1gina podr\u00e1 encontrar referencias para buscar en nuestras publicaciones y noticias anteriores. Hemos incluido tambi\u00e9n noticias de sitios externos de renombre en el sector sobre agricultura y ganader\u00eda. RIOSA: Noticias recientes de nosotros Conflicto en Ir\u00e1n: La Tormenta Perfecta que Amenaza la Alimentaci\u00f3n Animal15 Abril, 2026La escalada b\u00e9lica en Oriente Medio ha dejado de ser ... Read More\" \/>\n<meta property=\"og:url\" content=\"https:\/\/www.riosa.com\/pt\/sl\/dokumentacijo\/arhiv\/\" \/>\n<meta property=\"og:site_name\" content=\"RIOSA\" \/>\n<meta property=\"article:modified_time\" content=\"2019-04-26T17:59:58+00:00\" \/>\n<meta name=\"twitter:card\" content=\"summary_large_image\" \/>\n<script type=\"application\/ld+json\" class=\"yoast-schema-graph\">{\"@context\":\"https:\/\/schema.org\",\"@graph\":[{\"@type\":\"WebPage\",\"@id\":\"https:\/\/www.riosa.com\/sl\/dokumentacijo\/arhiv\/\",\"url\":\"https:\/\/www.riosa.com\/sl\/dokumentacijo\/arhiv\/\",\"name\":\"Archivo | RIOSA\",\"isPartOf\":{\"@id\":\"https:\/\/www.riosa.com\/he\/#website\"},\"datePublished\":\"2019-04-25T17:05:28+00:00\",\"dateModified\":\"2019-04-26T17:59:58+00:00\",\"breadcrumb\":{\"@id\":\"https:\/\/www.riosa.com\/sl\/dokumentacijo\/arhiv\/#breadcrumb\"},\"inLanguage\":\"pt-PT\",\"potentialAction\":[{\"@type\":\"ReadAction\",\"target\":[\"https:\/\/www.riosa.com\/sl\/dokumentacijo\/arhiv\/\"]}]},{\"@type\":\"BreadcrumbList\",\"@id\":\"https:\/\/www.riosa.com\/sl\/dokumentacijo\/arhiv\/#breadcrumb\",\"itemListElement\":[{\"@type\":\"ListItem\",\"position\":1,\"name\":\"Inicio\",\"item\":\"https:\/\/www.riosa.com\/\"},{\"@type\":\"ListItem\",\"position\":2,\"name\":\"Documentaci\u00f3n\",\"item\":\"https:\/\/www.riosa.com\/sl\/dokumentacijo\/\"},{\"@type\":\"ListItem\",\"position\":3,\"name\":\"Archivo\"}]},{\"@type\":\"WebSite\",\"@id\":\"https:\/\/www.riosa.com\/he\/#website\",\"url\":\"https:\/\/www.riosa.com\/he\/\",\"name\":\"RIOSA\",\"description\":\"ACEITES GRASAS Y OLE\u00cdNAS para alimentaci\u00f3n animal\",\"publisher\":{\"@id\":\"https:\/\/www.riosa.com\/he\/#organization\"},\"potentialAction\":[{\"@type\":\"SearchAction\",\"target\":{\"@type\":\"EntryPoint\",\"urlTemplate\":\"https:\/\/www.riosa.com\/he\/?s={search_term_string}\"},\"query-input\":\"required name=search_term_string\"}],\"inLanguage\":\"pt-PT\"},{\"@type\":\"Organization\",\"@id\":\"https:\/\/www.riosa.com\/he\/#organization\",\"name\":\"RIOSA - Refinaci\u00f3n Industrial Oleicola S.A.\",\"url\":\"https:\/\/www.riosa.com\/he\/\",\"logo\":{\"@type\":\"ImageObject\",\"inLanguage\":\"pt-PT\",\"@id\":\"https:\/\/www.riosa.com\/he\/#\/schema\/logo\/image\/\",\"url\":\"https:\/\/staging.riosa.com\/wp-content\/uploads\/2019\/04\/Logo-Riosa-250.jpg\",\"contentUrl\":\"https:\/\/staging.riosa.com\/wp-content\/uploads\/2019\/04\/Logo-Riosa-250.jpg\",\"width\":250,\"height\":271,\"caption\":\"RIOSA - Refinaci\u00f3n Industrial Oleicola S.A.\"},\"image\":{\"@id\":\"https:\/\/www.riosa.com\/he\/#\/schema\/logo\/image\/\"}}]}<\/script>\n<!-- \/ Yoast SEO plugin. -->","yoast_head_json":{"title":"Arquivo | RIOSA","robots":{"index":"index","follow":"follow","max-snippet":"max-snippet:-1","max-image-preview":"max-image-preview:large","max-video-preview":"max-video-preview:-1"},"canonical":"https:\/\/www.riosa.com\/pt\/sl\/dokumentacijo\/arhiv\/","og_locale":"pt_PT","og_type":"article","og_title":"Archivo | RIOSA","og_description":"Archivo de noticias En esta p\u00e1gina podr\u00e1 encontrar referencias para buscar en nuestras publicaciones y noticias anteriores. Hemos incluido tambi\u00e9n noticias de sitios externos de renombre en el sector sobre agricultura y ganader\u00eda. RIOSA: Noticias recientes de nosotros Conflicto en Ir\u00e1n: La Tormenta Perfecta que Amenaza la Alimentaci\u00f3n Animal15 Abril, 2026La escalada b\u00e9lica en Oriente Medio ha dejado de ser ... Read More","og_url":"https:\/\/www.riosa.com\/pt\/sl\/dokumentacijo\/arhiv\/","og_site_name":"RIOSA","article_modified_time":"2019-04-26T17:59:58+00:00","twitter_card":"summary_large_image","schema":{"@context":"https:\/\/schema.org","@graph":[{"@type":"WebPage","@id":"https:\/\/www.riosa.com\/sl\/dokumentacijo\/arhiv\/","url":"https:\/\/www.riosa.com\/sl\/dokumentacijo\/arhiv\/","name":"Arquivo | RIOSA","isPartOf":{"@id":"https:\/\/www.riosa.com\/he\/#website"},"datePublished":"2019-04-25T17:05:28+00:00","dateModified":"2019-04-26T17:59:58+00:00","breadcrumb":{"@id":"https:\/\/www.riosa.com\/sl\/dokumentacijo\/arhiv\/#breadcrumb"},"inLanguage":"pt-PT","potentialAction":[{"@type":"ReadAction","target":["https:\/\/www.riosa.com\/sl\/dokumentacijo\/arhiv\/"]}]},{"@type":"BreadcrumbList","@id":"https:\/\/www.riosa.com\/sl\/dokumentacijo\/arhiv\/#breadcrumb","itemListElement":[{"@type":"ListItem","position":1,"name":"Inicio","item":"https:\/\/www.riosa.com\/"},{"@type":"ListItem","position":2,"name":"Documentaci\u00f3n","item":"https:\/\/www.riosa.com\/sl\/dokumentacijo\/"},{"@type":"ListItem","position":3,"name":"Archivo"}]},{"@type":"WebSite","@id":"https:\/\/www.riosa.com\/he\/#website","url":"https:\/\/www.riosa.com\/he\/","name":"RIOSA","description":"GORDURAS E OLE\u00cdNAS \u00d3LEOS para alimenta\u00e7\u00e3o animal","publisher":{"@id":"https:\/\/www.riosa.com\/he\/#organization"},"potentialAction":[{"@type":"SearchAction","target":{"@type":"EntryPoint","urlTemplate":"https:\/\/www.riosa.com\/he\/?s={search_term_string}"},"query-input":"required name=search_term_string"}],"inLanguage":"pt-PT"},{"@type":"Organization","@id":"https:\/\/www.riosa.com\/he\/#organization","name":"RIOSA - Refino Industrial Oleicola SA","url":"https:\/\/www.riosa.com\/he\/","logo":{"@type":"ImageObject","inLanguage":"pt-PT","@id":"https:\/\/www.riosa.com\/he\/#\/schema\/logo\/image\/","url":"https:\/\/staging.riosa.com\/wp-content\/uploads\/2019\/04\/Logo-Riosa-250.jpg","contentUrl":"https:\/\/staging.riosa.com\/wp-content\/uploads\/2019\/04\/Logo-Riosa-250.jpg","width":250,"height":271,"caption":"RIOSA - Refinaci\u00f3n Industrial Oleicola S.A."},"image":{"@id":"https:\/\/www.riosa.com\/he\/#\/schema\/logo\/image\/"}}]}},"jetpack_sharing_enabled":true,"_links":{"self":[{"href":"https:\/\/www.riosa.com\/pt\/wp-json\/wp\/v2\/pages\/1004"}],"collection":[{"href":"https:\/\/www.riosa.com\/pt\/wp-json\/wp\/v2\/pages"}],"about":[{"href":"https:\/\/www.riosa.com\/pt\/wp-json\/wp\/v2\/types\/page"}],"author":[{"embeddable":true,"href":"https:\/\/www.riosa.com\/pt\/wp-json\/wp\/v2\/users\/1"}],"replies":[{"embeddable":true,"href":"https:\/\/www.riosa.com\/pt\/wp-json\/wp\/v2\/comments?post=1004"}],"version-history":[{"count":6,"href":"https:\/\/www.riosa.com\/pt\/wp-json\/wp\/v2\/pages\/1004\/revisions"}],"predecessor-version":[{"id":1014,"href":"https:\/\/www.riosa.com\/pt\/wp-json\/wp\/v2\/pages\/1004\/revisions\/1014"}],"up":[{"embeddable":true,"href":"https:\/\/www.riosa.com\/pt\/wp-json\/wp\/v2\/pages\/900"}],"wp:attachment":[{"href":"https:\/\/www.riosa.com\/pt\/wp-json\/wp\/v2\/media?parent=1004"}],"curies":[{"name":"wp","href":"https:\/\/api.w.org\/{rel}","templated":true}]}}