{"id":96,"date":"2019-03-16T21:23:05","date_gmt":"2019-03-16T20:23:05","guid":{"rendered":"https:\/\/www.riosa.com\/?page_id=96"},"modified":"2023-03-03T04:17:04","modified_gmt":"2023-03-03T03:17:04","slug":"inicio","status":"publish","type":"page","link":"https:\/\/www.riosa.com\/it\/","title":{"rendered":"Inizio"},"content":{"rendered":"<div id=\"cs-content\" class=\"cs-content\"><\/div>","protected":false},"excerpt":{"rendered":"<p>Fondata nel 1965, RIOSA \u00e8 un&#039;azienda dedicata all&#039;alimentazione animale che produce e commercializza oleine, grassi e oli vegetali, principalmente per l&#039;industria mangimistica e zootecnica. Produciamo prodotti lipidici quali oleine, grassi e oli di origine esclusivamente vegetale, non solo rispettando tutti i requisiti sanitari e normativi, ma ricercando anche... <\/p>\n<div><a href=\"https:\/\/www.riosa.com\/it\/nextgenerationeu-offre-supporto-per-linstallazione-di-impianti-fotovoltaici-per-lautoconsumo\/\" class=\"more-link\">Per saperne di pi\u00f9<\/a><\/div>","protected":false},"author":1,"featured_media":0,"parent":0,"menu_order":0,"comment_status":"closed","ping_status":"closed","template":"template-layout-full-width.php","meta":{"footnotes":""},"yoast_head":"<!-- This site is optimized with the Yoast SEO plugin v22.6 - https:\/\/yoast.com\/wordpress\/plugins\/seo\/ -->\n<title>RIOSA - ACEITES GRASAS Y OLEINAS para alimentaci\u00f3n animal<\/title>\n<meta name=\"description\" content=\"Aceites grasas y ole\u00ednas vegetales para alimentaci\u00f3n animal, jaboner\u00eda e industria qu\u00edmica. Certificados de calidad GMP+, ISO 22000 e ISCC.\" \/>\n<meta name=\"robots\" content=\"index, follow, max-snippet:-1, max-image-preview:large, max-video-preview:-1\" \/>\n<link rel=\"canonical\" href=\"https:\/\/www.riosa.com\/it\/\" \/>\n<meta property=\"og:locale\" content=\"it_IT\" \/>\n<meta property=\"og:type\" content=\"article\" \/>\n<meta property=\"og:title\" content=\"RIOSA - ACEITES GRASAS Y OLEINAS para alimentaci\u00f3n animal\" \/>\n<meta property=\"og:description\" content=\"Aceites grasas y ole\u00ednas vegetales para alimentaci\u00f3n animal, jaboner\u00eda e industria qu\u00edmica. Certificados de calidad GMP+, ISO 22000 e ISCC.\" \/>\n<meta property=\"og:url\" content=\"https:\/\/www.riosa.com\/it\/\" \/>\n<meta property=\"og:site_name\" content=\"RIOSA\" \/>\n<meta property=\"article:modified_time\" content=\"2023-03-03T03:17:04+00:00\" \/>\n<meta property=\"og:image\" content=\"https:\/\/www.riosa.com\/wp-content\/uploads\/2023\/03\/cerdo_iberico.webp\" \/>\n<meta name=\"twitter:card\" content=\"summary_large_image\" \/>\n<meta name=\"twitter:label1\" content=\"Tempo di lettura stimato\" \/>\n\t<meta name=\"twitter:data1\" content=\"5 minuti\" \/>\n<script type=\"application\/ld+json\" class=\"yoast-schema-graph\">{\"@context\":\"https:\/\/schema.org\",\"@graph\":[{\"@type\":\"WebPage\",\"@id\":\"https:\/\/www.riosa.com\/\",\"url\":\"https:\/\/www.riosa.com\/\",\"name\":\"RIOSA - ACEITES GRASAS Y OLEINAS para alimentaci\u00f3n animal\",\"isPartOf\":{\"@id\":\"https:\/\/www.riosa.com\/he\/#website\"},\"primaryImageOfPage\":{\"@id\":\"https:\/\/www.riosa.com\/#primaryimage\"},\"image\":{\"@id\":\"https:\/\/www.riosa.com\/#primaryimage\"},\"thumbnailUrl\":\"https:\/\/www.riosa.com\/wp-content\/uploads\/2023\/03\/cerdo_iberico.webp\",\"datePublished\":\"2019-03-16T20:23:05+00:00\",\"dateModified\":\"2023-03-03T03:17:04+00:00\",\"description\":\"Aceites grasas y ole\u00ednas vegetales para alimentaci\u00f3n animal, jaboner\u00eda e industria qu\u00edmica. Certificados de calidad GMP+, ISO 22000 e ISCC.\",\"breadcrumb\":{\"@id\":\"https:\/\/www.riosa.com\/#breadcrumb\"},\"inLanguage\":\"it-IT\",\"potentialAction\":[{\"@type\":\"ReadAction\",\"target\":[\"https:\/\/www.riosa.com\/\"]}]},{\"@type\":\"ImageObject\",\"inLanguage\":\"it-IT\",\"@id\":\"https:\/\/www.riosa.com\/#primaryimage\",\"url\":\"https:\/\/www.riosa.com\/wp-content\/uploads\/2023\/03\/cerdo_iberico.webp\",\"contentUrl\":\"https:\/\/www.riosa.com\/wp-content\/uploads\/2023\/03\/cerdo_iberico.webp\"},{\"@type\":\"BreadcrumbList\",\"@id\":\"https:\/\/www.riosa.com\/#breadcrumb\",\"itemListElement\":[{\"@type\":\"ListItem\",\"position\":1,\"name\":\"Inicio\",\"item\":\"https:\/\/www.riosa.com\/\"},{\"@type\":\"ListItem\",\"position\":2,\"name\":\"Inicio\"}]},{\"@type\":\"WebSite\",\"@id\":\"https:\/\/www.riosa.com\/he\/#website\",\"url\":\"https:\/\/www.riosa.com\/he\/\",\"name\":\"RIOSA\",\"description\":\"ACEITES GRASAS Y OLE\u00cdNAS para alimentaci\u00f3n animal\",\"publisher\":{\"@id\":\"https:\/\/www.riosa.com\/he\/#organization\"},\"potentialAction\":[{\"@type\":\"SearchAction\",\"target\":{\"@type\":\"EntryPoint\",\"urlTemplate\":\"https:\/\/www.riosa.com\/he\/?s={search_term_string}\"},\"query-input\":\"required name=search_term_string\"}],\"inLanguage\":\"it-IT\"},{\"@type\":\"Organization\",\"@id\":\"https:\/\/www.riosa.com\/he\/#organization\",\"name\":\"RIOSA - Refinaci\u00f3n Industrial Oleicola S.A.\",\"url\":\"https:\/\/www.riosa.com\/he\/\",\"logo\":{\"@type\":\"ImageObject\",\"inLanguage\":\"it-IT\",\"@id\":\"https:\/\/www.riosa.com\/he\/#\/schema\/logo\/image\/\",\"url\":\"https:\/\/staging.riosa.com\/wp-content\/uploads\/2019\/04\/Logo-Riosa-250.jpg\",\"contentUrl\":\"https:\/\/staging.riosa.com\/wp-content\/uploads\/2019\/04\/Logo-Riosa-250.jpg\",\"width\":250,\"height\":271,\"caption\":\"RIOSA - Refinaci\u00f3n Industrial Oleicola S.A.\"},\"image\":{\"@id\":\"https:\/\/www.riosa.com\/he\/#\/schema\/logo\/image\/\"}}]}<\/script>\n<!-- \/ Yoast SEO plugin. -->","yoast_head_json":{"title":"RIOSA - OLI GRASSI ED OLEINE per alimentazione animale","description":"Oli grassi e oleine vegetali per l&#039;alimentazione animale, la produzione di saponi e l&#039;industria chimica. Certificati di qualit\u00e0 GMP+, ISO 22000 e ISCC.","robots":{"index":"index","follow":"follow","max-snippet":"max-snippet:-1","max-image-preview":"max-image-preview:large","max-video-preview":"max-video-preview:-1"},"canonical":"https:\/\/www.riosa.com\/it\/","og_locale":"it_IT","og_type":"article","og_title":"RIOSA - ACEITES GRASAS Y OLEINAS para alimentaci\u00f3n animal","og_description":"Aceites grasas y ole\u00ednas vegetales para alimentaci\u00f3n animal, jaboner\u00eda e industria qu\u00edmica. Certificados de calidad GMP+, ISO 22000 e ISCC.","og_url":"https:\/\/www.riosa.com\/it\/","og_site_name":"RIOSA","article_modified_time":"2023-03-03T03:17:04+00:00","og_image":[{"url":"https:\/\/www.riosa.com\/wp-content\/uploads\/2023\/03\/cerdo_iberico.webp"}],"twitter_card":"summary_large_image","twitter_misc":{"Tempo di lettura stimato":"5 minuti"},"schema":{"@context":"https:\/\/schema.org","@graph":[{"@type":"WebPage","@id":"https:\/\/www.riosa.com\/","url":"https:\/\/www.riosa.com\/","name":"RIOSA - OLI GRASSI ED OLEINE per alimentazione animale","isPartOf":{"@id":"https:\/\/www.riosa.com\/he\/#website"},"primaryImageOfPage":{"@id":"https:\/\/www.riosa.com\/#primaryimage"},"image":{"@id":"https:\/\/www.riosa.com\/#primaryimage"},"thumbnailUrl":"https:\/\/www.riosa.com\/wp-content\/uploads\/2023\/03\/cerdo_iberico.webp","datePublished":"2019-03-16T20:23:05+00:00","dateModified":"2023-03-03T03:17:04+00:00","description":"Oli grassi e oleine vegetali per l&#039;alimentazione animale, la produzione di saponi e l&#039;industria chimica. Certificati di qualit\u00e0 GMP+, ISO 22000 e ISCC.","breadcrumb":{"@id":"https:\/\/www.riosa.com\/#breadcrumb"},"inLanguage":"it-IT","potentialAction":[{"@type":"ReadAction","target":["https:\/\/www.riosa.com\/"]}]},{"@type":"ImageObject","inLanguage":"it-IT","@id":"https:\/\/www.riosa.com\/#primaryimage","url":"https:\/\/www.riosa.com\/wp-content\/uploads\/2023\/03\/cerdo_iberico.webp","contentUrl":"https:\/\/www.riosa.com\/wp-content\/uploads\/2023\/03\/cerdo_iberico.webp"},{"@type":"BreadcrumbList","@id":"https:\/\/www.riosa.com\/#breadcrumb","itemListElement":[{"@type":"ListItem","position":1,"name":"Inicio","item":"https:\/\/www.riosa.com\/"},{"@type":"ListItem","position":2,"name":"Inicio"}]},{"@type":"WebSite","@id":"https:\/\/www.riosa.com\/he\/#website","url":"https:\/\/www.riosa.com\/he\/","name":"RIOSA","description":"GRASSI E OLEINE OLI per alimentazione animale","publisher":{"@id":"https:\/\/www.riosa.com\/he\/#organization"},"potentialAction":[{"@type":"SearchAction","target":{"@type":"EntryPoint","urlTemplate":"https:\/\/www.riosa.com\/he\/?s={search_term_string}"},"query-input":"required name=search_term_string"}],"inLanguage":"it-IT"},{"@type":"Organization","@id":"https:\/\/www.riosa.com\/he\/#organization","name":"RIOSA - Refinaci\u00f3n Industrial Ole\u00edcola S.A.","url":"https:\/\/www.riosa.com\/he\/","logo":{"@type":"ImageObject","inLanguage":"it-IT","@id":"https:\/\/www.riosa.com\/he\/#\/schema\/logo\/image\/","url":"https:\/\/staging.riosa.com\/wp-content\/uploads\/2019\/04\/Logo-Riosa-250.jpg","contentUrl":"https:\/\/staging.riosa.com\/wp-content\/uploads\/2019\/04\/Logo-Riosa-250.jpg","width":250,"height":271,"caption":"RIOSA - Refinaci\u00f3n Industrial Oleicola S.A."},"image":{"@id":"https:\/\/www.riosa.com\/he\/#\/schema\/logo\/image\/"}}]}},"jetpack_sharing_enabled":true,"_links":{"self":[{"href":"https:\/\/www.riosa.com\/it\/wp-json\/wp\/v2\/pages\/96"}],"collection":[{"href":"https:\/\/www.riosa.com\/it\/wp-json\/wp\/v2\/pages"}],"about":[{"href":"https:\/\/www.riosa.com\/it\/wp-json\/wp\/v2\/types\/page"}],"author":[{"embeddable":true,"href":"https:\/\/www.riosa.com\/it\/wp-json\/wp\/v2\/users\/1"}],"replies":[{"embeddable":true,"href":"https:\/\/www.riosa.com\/it\/wp-json\/wp\/v2\/comments?post=96"}],"version-history":[{"count":26,"href":"https:\/\/www.riosa.com\/it\/wp-json\/wp\/v2\/pages\/96\/revisions"}],"predecessor-version":[{"id":2175,"href":"https:\/\/www.riosa.com\/it\/wp-json\/wp\/v2\/pages\/96\/revisions\/2175"}],"wp:attachment":[{"href":"https:\/\/www.riosa.com\/it\/wp-json\/wp\/v2\/media?parent=96"}],"curies":[{"name":"parola chiave","href":"https:\/\/api.w.org\/{rel}","templated":true}]}}