{"id":95,"date":"2019-03-16T21:28:36","date_gmt":"2019-03-16T20:28:36","guid":{"rendered":"https:\/\/www.riosa.com\/?page_id=95"},"modified":"2021-11-11T21:40:44","modified_gmt":"2021-11-11T20:40:44","slug":"empresa","status":"publish","type":"page","link":"https:\/\/www.riosa.com\/it\/societa\/","title":{"rendered":"Chi siamo"},"content":{"rendered":"<div id=\"cs-content\" class=\"cs-content\"><\/div>","protected":false},"excerpt":{"rendered":"<p>Chi Siamo Industrial Olive Oil Refining SA (+34) 953692000 riosa@riosa.com Messaggio WhatsApp Messaggio Telegram Barriada del Puente s\/n 23490 E. Linares Baeza SPAGNA CONTATTACI Articoli recenti NextGeneration Aiuti UE per l&#039;autoconsumo Installazione fotovoltaica Avviso di Assemblea Generale Straordinaria degli Azionisti 60\u00b0 Anniversario di RIOSA Avviso di Assemblea Generale Ordinaria degli Azionisti Avviso di riunione \u2026 <\/p>\n<div><a href=\"https:\/\/www.riosa.com\/it\/societa\/\" class=\"more-link\">Per saperne di pi\u00f9<\/a><\/div>","protected":false},"author":1,"featured_media":0,"parent":0,"menu_order":0,"comment_status":"closed","ping_status":"closed","template":"template-layout-full-width.php","meta":{"_exactmetrics_skip_tracking":false,"_exactmetrics_sitenote_active":false,"_exactmetrics_sitenote_note":"","_exactmetrics_sitenote_category":0,"footnotes":""},"yoast_head":"<!-- This site is optimized with the Yoast SEO plugin v22.6 - https:\/\/yoast.com\/wordpress\/plugins\/seo\/ -->\n<title>Sobre Nosotros | RIOSA<\/title>\n<meta name=\"description\" content=\"Una introducci\u00f3n sobre nuestra empresa, qui\u00e9nes somos y qu\u00e9 hacemos, incluido un breve resumen de nuestra historia y la de nuestro fundador Benjam\u00edn Espuny\" \/>\n<meta name=\"robots\" content=\"index, follow, max-snippet:-1, max-image-preview:large, max-video-preview:-1\" \/>\n<link rel=\"canonical\" href=\"https:\/\/www.riosa.com\/it\/eu\/konpainiak\/\" \/>\n<meta property=\"og:locale\" content=\"it_IT\" \/>\n<meta property=\"og:type\" content=\"article\" \/>\n<meta property=\"og:title\" content=\"Sobre Nosotros | RIOSA\" \/>\n<meta property=\"og:description\" content=\"Una introducci\u00f3n sobre nuestra empresa, qui\u00e9nes somos y qu\u00e9 hacemos, incluido un breve resumen de nuestra historia y la de nuestro fundador Benjam\u00edn Espuny\" \/>\n<meta property=\"og:url\" content=\"https:\/\/www.riosa.com\/it\/eu\/konpainiak\/\" \/>\n<meta property=\"og:site_name\" content=\"RIOSA\" \/>\n<meta property=\"article:modified_time\" content=\"2021-11-11T20:40:44+00:00\" \/>\n<meta name=\"twitter:card\" content=\"summary_large_image\" \/>\n<meta name=\"twitter:label1\" content=\"Tempo di lettura stimato\" \/>\n\t<meta name=\"twitter:data1\" content=\"5 minuti\" \/>\n<script type=\"application\/ld+json\" class=\"yoast-schema-graph\">{\"@context\":\"https:\/\/schema.org\",\"@graph\":[{\"@type\":\"WebPage\",\"@id\":\"https:\/\/www.riosa.com\/eu\/konpainiak\/\",\"url\":\"https:\/\/www.riosa.com\/eu\/konpainiak\/\",\"name\":\"Sobre Nosotros | RIOSA\",\"isPartOf\":{\"@id\":\"https:\/\/www.riosa.com\/he\/#website\"},\"datePublished\":\"2019-03-16T20:28:36+00:00\",\"dateModified\":\"2021-11-11T20:40:44+00:00\",\"description\":\"Una introducci\u00f3n sobre nuestra empresa, qui\u00e9nes somos y qu\u00e9 hacemos, incluido un breve resumen de nuestra historia y la de nuestro fundador Benjam\u00edn Espuny\",\"breadcrumb\":{\"@id\":\"https:\/\/www.riosa.com\/eu\/konpainiak\/#breadcrumb\"},\"inLanguage\":\"it-IT\",\"potentialAction\":[{\"@type\":\"ReadAction\",\"target\":[\"https:\/\/www.riosa.com\/eu\/konpainiak\/\"]}]},{\"@type\":\"BreadcrumbList\",\"@id\":\"https:\/\/www.riosa.com\/eu\/konpainiak\/#breadcrumb\",\"itemListElement\":[{\"@type\":\"ListItem\",\"position\":1,\"name\":\"Inicio\",\"item\":\"https:\/\/www.riosa.com\/\"},{\"@type\":\"ListItem\",\"position\":2,\"name\":\"Sobre Nosotros\"}]},{\"@type\":\"WebSite\",\"@id\":\"https:\/\/www.riosa.com\/he\/#website\",\"url\":\"https:\/\/www.riosa.com\/he\/\",\"name\":\"RIOSA\",\"description\":\"ACEITES GRASAS Y OLE\u00cdNAS para alimentaci\u00f3n animal\",\"publisher\":{\"@id\":\"https:\/\/www.riosa.com\/he\/#organization\"},\"potentialAction\":[{\"@type\":\"SearchAction\",\"target\":{\"@type\":\"EntryPoint\",\"urlTemplate\":\"https:\/\/www.riosa.com\/he\/?s={search_term_string}\"},\"query-input\":\"required name=search_term_string\"}],\"inLanguage\":\"it-IT\"},{\"@type\":\"Organization\",\"@id\":\"https:\/\/www.riosa.com\/he\/#organization\",\"name\":\"RIOSA - Refinaci\u00f3n Industrial Oleicola S.A.\",\"url\":\"https:\/\/www.riosa.com\/he\/\",\"logo\":{\"@type\":\"ImageObject\",\"inLanguage\":\"it-IT\",\"@id\":\"https:\/\/www.riosa.com\/he\/#\/schema\/logo\/image\/\",\"url\":\"https:\/\/staging.riosa.com\/wp-content\/uploads\/2019\/04\/Logo-Riosa-250.jpg\",\"contentUrl\":\"https:\/\/staging.riosa.com\/wp-content\/uploads\/2019\/04\/Logo-Riosa-250.jpg\",\"width\":250,\"height\":271,\"caption\":\"RIOSA - Refinaci\u00f3n Industrial Oleicola S.A.\"},\"image\":{\"@id\":\"https:\/\/www.riosa.com\/he\/#\/schema\/logo\/image\/\"}}]}<\/script>\n<!-- \/ Yoast SEO plugin. -->","yoast_head_json":{"title":"Chi siamo | RIOSA","description":"Un&#039;introduzione alla nostra azienda, chi siamo e cosa facciamo, incluso un breve riassunto della nostra storia e di quella del nostro fondatore Benjam\u00edn Espuny","robots":{"index":"index","follow":"follow","max-snippet":"max-snippet:-1","max-image-preview":"max-image-preview:large","max-video-preview":"max-video-preview:-1"},"canonical":"https:\/\/www.riosa.com\/it\/eu\/konpainiak\/","og_locale":"it_IT","og_type":"article","og_title":"Sobre Nosotros | RIOSA","og_description":"Una introducci\u00f3n sobre nuestra empresa, qui\u00e9nes somos y qu\u00e9 hacemos, incluido un breve resumen de nuestra historia y la de nuestro fundador Benjam\u00edn Espuny","og_url":"https:\/\/www.riosa.com\/it\/eu\/konpainiak\/","og_site_name":"RIOSA","article_modified_time":"2021-11-11T20:40:44+00:00","twitter_card":"summary_large_image","twitter_misc":{"Tempo di lettura stimato":"5 minuti"},"schema":{"@context":"https:\/\/schema.org","@graph":[{"@type":"WebPage","@id":"https:\/\/www.riosa.com\/eu\/konpainiak\/","url":"https:\/\/www.riosa.com\/eu\/konpainiak\/","name":"Chi siamo | RIOSA","isPartOf":{"@id":"https:\/\/www.riosa.com\/he\/#website"},"datePublished":"2019-03-16T20:28:36+00:00","dateModified":"2021-11-11T20:40:44+00:00","description":"Un&#039;introduzione alla nostra azienda, chi siamo e cosa facciamo, incluso un breve riassunto della nostra storia e di quella del nostro fondatore Benjam\u00edn Espuny","breadcrumb":{"@id":"https:\/\/www.riosa.com\/eu\/konpainiak\/#breadcrumb"},"inLanguage":"it-IT","potentialAction":[{"@type":"ReadAction","target":["https:\/\/www.riosa.com\/eu\/konpainiak\/"]}]},{"@type":"BreadcrumbList","@id":"https:\/\/www.riosa.com\/eu\/konpainiak\/#breadcrumb","itemListElement":[{"@type":"ListItem","position":1,"name":"Inicio","item":"https:\/\/www.riosa.com\/"},{"@type":"ListItem","position":2,"name":"Sobre Nosotros"}]},{"@type":"WebSite","@id":"https:\/\/www.riosa.com\/he\/#website","url":"https:\/\/www.riosa.com\/he\/","name":"RIOSA","description":"GRASSI E OLEINE OLI per alimentazione animale","publisher":{"@id":"https:\/\/www.riosa.com\/he\/#organization"},"potentialAction":[{"@type":"SearchAction","target":{"@type":"EntryPoint","urlTemplate":"https:\/\/www.riosa.com\/he\/?s={search_term_string}"},"query-input":"required name=search_term_string"}],"inLanguage":"it-IT"},{"@type":"Organization","@id":"https:\/\/www.riosa.com\/he\/#organization","name":"RIOSA - Raffinazione Industriale Oleicola SA","url":"https:\/\/www.riosa.com\/he\/","logo":{"@type":"ImageObject","inLanguage":"it-IT","@id":"https:\/\/www.riosa.com\/he\/#\/schema\/logo\/image\/","url":"https:\/\/staging.riosa.com\/wp-content\/uploads\/2019\/04\/Logo-Riosa-250.jpg","contentUrl":"https:\/\/staging.riosa.com\/wp-content\/uploads\/2019\/04\/Logo-Riosa-250.jpg","width":250,"height":271,"caption":"RIOSA - Refinaci\u00f3n Industrial Oleicola S.A."},"image":{"@id":"https:\/\/www.riosa.com\/he\/#\/schema\/logo\/image\/"}}]}},"jetpack_likes_enabled":true,"jetpack_sharing_enabled":true,"_links":{"self":[{"href":"https:\/\/www.riosa.com\/it\/wp-json\/wp\/v2\/pages\/95"}],"collection":[{"href":"https:\/\/www.riosa.com\/it\/wp-json\/wp\/v2\/pages"}],"about":[{"href":"https:\/\/www.riosa.com\/it\/wp-json\/wp\/v2\/types\/page"}],"author":[{"embeddable":true,"href":"https:\/\/www.riosa.com\/it\/wp-json\/wp\/v2\/users\/1"}],"replies":[{"embeddable":true,"href":"https:\/\/www.riosa.com\/it\/wp-json\/wp\/v2\/comments?post=95"}],"version-history":[{"count":26,"href":"https:\/\/www.riosa.com\/it\/wp-json\/wp\/v2\/pages\/95\/revisions"}],"predecessor-version":[{"id":1707,"href":"https:\/\/www.riosa.com\/it\/wp-json\/wp\/v2\/pages\/95\/revisions\/1707"}],"wp:attachment":[{"href":"https:\/\/www.riosa.com\/it\/wp-json\/wp\/v2\/media?parent=95"}],"curies":[{"name":"parola chiave","href":"https:\/\/api.w.org\/{rel}","templated":true}]}}