{"id":900,"date":"2019-04-20T10:11:24","date_gmt":"2019-04-20T09:11:24","guid":{"rendered":"https:\/\/www.riosa.com\/?page_id=900"},"modified":"2019-05-29T20:22:37","modified_gmt":"2019-05-29T19:22:37","slug":"documentacion","status":"publish","type":"page","link":"https:\/\/www.riosa.com\/it\/documentazione\/","title":{"rendered":"Documentazione"},"content":{"rendered":"<div id=\"cs-content\" class=\"cs-content\"><\/div>","protected":false},"excerpt":{"rendered":"<p>Documenti sull&#039;alimentazione animale Di seguito potete trovare la nostra biblioteca di risorse documentali sull&#039;uso di oli, grassi e oleine nell&#039;alimentazione animale. Tra queste, opuscoli esplicativi, opuscoli comparativi, tabelle dei valori e articoli di riviste scientifiche, nonch\u00e9 studi e pubblicazioni universitarie sull&#039;argomento. Si prega di notare che tutti i documenti qui presentati sono stati redatti... <\/p>\n<div><a href=\"https:\/\/www.riosa.com\/it\/documentazione\/\" class=\"more-link\">Per saperne di pi\u00f9<\/a><\/div>","protected":false},"author":1,"featured_media":0,"parent":0,"menu_order":0,"comment_status":"closed","ping_status":"closed","template":"template-layout-full-width.php","meta":{"_exactmetrics_skip_tracking":false,"_exactmetrics_sitenote_active":false,"_exactmetrics_sitenote_note":"","_exactmetrics_sitenote_category":0,"footnotes":""},"yoast_head":"<!-- This site is optimized with the Yoast SEO plugin v22.6 - https:\/\/yoast.com\/wordpress\/plugins\/seo\/ -->\n<title>Documentos sobre Alimentaci\u00f3n Animal | RIOSA<\/title>\n<meta name=\"description\" content=\"Documentos como articulos en revistas especializadas, estudios cient\u00edficos y tablas comparativas sobre el uso de las grasas y ole\u00ednas en nutrici\u00f3n animal\" \/>\n<meta name=\"robots\" content=\"index, follow, max-snippet:-1, max-image-preview:large, max-video-preview:-1\" \/>\n<link rel=\"canonical\" href=\"https:\/\/www.riosa.com\/it\/sl\/dokumentacijo\/\" \/>\n<meta property=\"og:locale\" content=\"it_IT\" \/>\n<meta property=\"og:type\" content=\"article\" \/>\n<meta property=\"og:title\" content=\"Documentos sobre Alimentaci\u00f3n Animal | RIOSA\" \/>\n<meta property=\"og:description\" content=\"Documentos como articulos en revistas especializadas, estudios cient\u00edficos y tablas comparativas sobre el uso de las grasas y ole\u00ednas en nutrici\u00f3n animal\" \/>\n<meta property=\"og:url\" content=\"https:\/\/www.riosa.com\/it\/sl\/dokumentacijo\/\" \/>\n<meta property=\"og:site_name\" content=\"RIOSA\" \/>\n<meta property=\"article:modified_time\" content=\"2019-05-29T19:22:37+00:00\" \/>\n<meta name=\"twitter:card\" content=\"summary_large_image\" \/>\n<script type=\"application\/ld+json\" class=\"yoast-schema-graph\">{\"@context\":\"https:\/\/schema.org\",\"@graph\":[{\"@type\":\"WebPage\",\"@id\":\"https:\/\/www.riosa.com\/sl\/dokumentacijo\/\",\"url\":\"https:\/\/www.riosa.com\/sl\/dokumentacijo\/\",\"name\":\"Documentos sobre Alimentaci\u00f3n Animal | RIOSA\",\"isPartOf\":{\"@id\":\"https:\/\/www.riosa.com\/he\/#website\"},\"datePublished\":\"2019-04-20T09:11:24+00:00\",\"dateModified\":\"2019-05-29T19:22:37+00:00\",\"description\":\"Documentos como articulos en revistas especializadas, estudios cient\u00edficos y tablas comparativas sobre el uso de las grasas y ole\u00ednas en nutrici\u00f3n animal\",\"breadcrumb\":{\"@id\":\"https:\/\/www.riosa.com\/sl\/dokumentacijo\/#breadcrumb\"},\"inLanguage\":\"it-IT\",\"potentialAction\":[{\"@type\":\"ReadAction\",\"target\":[\"https:\/\/www.riosa.com\/sl\/dokumentacijo\/\"]}]},{\"@type\":\"BreadcrumbList\",\"@id\":\"https:\/\/www.riosa.com\/sl\/dokumentacijo\/#breadcrumb\",\"itemListElement\":[{\"@type\":\"ListItem\",\"position\":1,\"name\":\"Inicio\",\"item\":\"https:\/\/www.riosa.com\/\"},{\"@type\":\"ListItem\",\"position\":2,\"name\":\"Documentaci\u00f3n\"}]},{\"@type\":\"WebSite\",\"@id\":\"https:\/\/www.riosa.com\/he\/#website\",\"url\":\"https:\/\/www.riosa.com\/he\/\",\"name\":\"RIOSA\",\"description\":\"ACEITES GRASAS Y OLE\u00cdNAS para alimentaci\u00f3n animal\",\"publisher\":{\"@id\":\"https:\/\/www.riosa.com\/he\/#organization\"},\"potentialAction\":[{\"@type\":\"SearchAction\",\"target\":{\"@type\":\"EntryPoint\",\"urlTemplate\":\"https:\/\/www.riosa.com\/he\/?s={search_term_string}\"},\"query-input\":\"required name=search_term_string\"}],\"inLanguage\":\"it-IT\"},{\"@type\":\"Organization\",\"@id\":\"https:\/\/www.riosa.com\/he\/#organization\",\"name\":\"RIOSA - Refinaci\u00f3n Industrial Oleicola S.A.\",\"url\":\"https:\/\/www.riosa.com\/he\/\",\"logo\":{\"@type\":\"ImageObject\",\"inLanguage\":\"it-IT\",\"@id\":\"https:\/\/www.riosa.com\/he\/#\/schema\/logo\/image\/\",\"url\":\"https:\/\/staging.riosa.com\/wp-content\/uploads\/2019\/04\/Logo-Riosa-250.jpg\",\"contentUrl\":\"https:\/\/staging.riosa.com\/wp-content\/uploads\/2019\/04\/Logo-Riosa-250.jpg\",\"width\":250,\"height\":271,\"caption\":\"RIOSA - Refinaci\u00f3n Industrial Oleicola S.A.\"},\"image\":{\"@id\":\"https:\/\/www.riosa.com\/he\/#\/schema\/logo\/image\/\"}}]}<\/script>\n<!-- \/ Yoast SEO plugin. -->","yoast_head_json":{"title":"Documenti sull&#039;alimentazione degli animali | RIOSA","description":"Documenti quali articoli su riviste specializzate, studi scientifici e tabelle comparative sull&#039;utilizzo di grassi e oleine nell&#039;alimentazione animale","robots":{"index":"index","follow":"follow","max-snippet":"max-snippet:-1","max-image-preview":"max-image-preview:large","max-video-preview":"max-video-preview:-1"},"canonical":"https:\/\/www.riosa.com\/it\/sl\/dokumentacijo\/","og_locale":"it_IT","og_type":"article","og_title":"Documentos sobre Alimentaci\u00f3n Animal | RIOSA","og_description":"Documentos como articulos en revistas especializadas, estudios cient\u00edficos y tablas comparativas sobre el uso de las grasas y ole\u00ednas en nutrici\u00f3n animal","og_url":"https:\/\/www.riosa.com\/it\/sl\/dokumentacijo\/","og_site_name":"RIOSA","article_modified_time":"2019-05-29T19:22:37+00:00","twitter_card":"summary_large_image","schema":{"@context":"https:\/\/schema.org","@graph":[{"@type":"WebPage","@id":"https:\/\/www.riosa.com\/sl\/dokumentacijo\/","url":"https:\/\/www.riosa.com\/sl\/dokumentacijo\/","name":"Documenti sull&#039;alimentazione degli animali | RIOSA","isPartOf":{"@id":"https:\/\/www.riosa.com\/he\/#website"},"datePublished":"2019-04-20T09:11:24+00:00","dateModified":"2019-05-29T19:22:37+00:00","description":"Documenti quali articoli su riviste specializzate, studi scientifici e tabelle comparative sull&#039;utilizzo di grassi e oleine nell&#039;alimentazione animale","breadcrumb":{"@id":"https:\/\/www.riosa.com\/sl\/dokumentacijo\/#breadcrumb"},"inLanguage":"it-IT","potentialAction":[{"@type":"ReadAction","target":["https:\/\/www.riosa.com\/sl\/dokumentacijo\/"]}]},{"@type":"BreadcrumbList","@id":"https:\/\/www.riosa.com\/sl\/dokumentacijo\/#breadcrumb","itemListElement":[{"@type":"ListItem","position":1,"name":"Inicio","item":"https:\/\/www.riosa.com\/"},{"@type":"ListItem","position":2,"name":"Documentaci\u00f3n"}]},{"@type":"WebSite","@id":"https:\/\/www.riosa.com\/he\/#website","url":"https:\/\/www.riosa.com\/he\/","name":"RIOSA","description":"GRASSI E OLEINE OLI per alimentazione animale","publisher":{"@id":"https:\/\/www.riosa.com\/he\/#organization"},"potentialAction":[{"@type":"SearchAction","target":{"@type":"EntryPoint","urlTemplate":"https:\/\/www.riosa.com\/he\/?s={search_term_string}"},"query-input":"required name=search_term_string"}],"inLanguage":"it-IT"},{"@type":"Organization","@id":"https:\/\/www.riosa.com\/he\/#organization","name":"RIOSA - Raffinazione Industriale Oleicola SA","url":"https:\/\/www.riosa.com\/he\/","logo":{"@type":"ImageObject","inLanguage":"it-IT","@id":"https:\/\/www.riosa.com\/he\/#\/schema\/logo\/image\/","url":"https:\/\/staging.riosa.com\/wp-content\/uploads\/2019\/04\/Logo-Riosa-250.jpg","contentUrl":"https:\/\/staging.riosa.com\/wp-content\/uploads\/2019\/04\/Logo-Riosa-250.jpg","width":250,"height":271,"caption":"RIOSA - Refinaci\u00f3n Industrial Oleicola S.A."},"image":{"@id":"https:\/\/www.riosa.com\/he\/#\/schema\/logo\/image\/"}}]}},"jetpack_likes_enabled":true,"jetpack_sharing_enabled":true,"_links":{"self":[{"href":"https:\/\/www.riosa.com\/it\/wp-json\/wp\/v2\/pages\/900"}],"collection":[{"href":"https:\/\/www.riosa.com\/it\/wp-json\/wp\/v2\/pages"}],"about":[{"href":"https:\/\/www.riosa.com\/it\/wp-json\/wp\/v2\/types\/page"}],"author":[{"embeddable":true,"href":"https:\/\/www.riosa.com\/it\/wp-json\/wp\/v2\/users\/1"}],"replies":[{"embeddable":true,"href":"https:\/\/www.riosa.com\/it\/wp-json\/wp\/v2\/comments?post=900"}],"version-history":[{"count":11,"href":"https:\/\/www.riosa.com\/it\/wp-json\/wp\/v2\/pages\/900\/revisions"}],"predecessor-version":[{"id":914,"href":"https:\/\/www.riosa.com\/it\/wp-json\/wp\/v2\/pages\/900\/revisions\/914"}],"wp:attachment":[{"href":"https:\/\/www.riosa.com\/it\/wp-json\/wp\/v2\/media?parent=900"}],"curies":[{"name":"parola chiave","href":"https:\/\/api.w.org\/{rel}","templated":true}]}}