{"id":764,"date":"2019-04-15T12:39:19","date_gmt":"2019-04-15T11:39:19","guid":{"rendered":"https:\/\/www.riosa.com\/?page_id=764"},"modified":"2019-05-04T21:38:09","modified_gmt":"2019-05-04T20:38:09","slug":"industria-quimica","status":"publish","type":"page","link":"https:\/\/www.riosa.com\/it\/industria-chimica\/","title":{"rendered":"Industria chimica"},"content":{"rendered":"<div id=\"cs-content\" class=\"cs-content\"><\/div>","protected":false},"excerpt":{"rendered":"<p>Prodotti per l&#039;industria chimica e del biodiesel. Presentiamo i nostri prodotti lipidici per la produzione di biodiesel e per l&#039;industria chimica. Se cercate un&#039;altra sezione del catalogo, potete utilizzare i link qui sotto. Nutrizione, Sapone, Industria. Tutti i nostri prodotti per l&#039;industria chimica sono realizzati seguendo le stesse scrupolose misure di qualit\u00e0 e igiene che utilizziamo per l&#039;industria alimentare. Sono inoltre prodotti sostenibili e rispettosi dell&#039;ambiente. <\/p>\n<div><a href=\"https:\/\/www.riosa.com\/it\/industria-chimica\/\" class=\"more-link\">Per saperne di pi\u00f9<\/a><\/div>","protected":false},"author":1,"featured_media":0,"parent":0,"menu_order":0,"comment_status":"closed","ping_status":"open","template":"template-layout-full-width.php","meta":{"_exactmetrics_skip_tracking":false,"_exactmetrics_sitenote_active":false,"_exactmetrics_sitenote_note":"","_exactmetrics_sitenote_category":0,"footnotes":""},"yoast_head":"<!-- This site is optimized with the Yoast SEO plugin v22.6 - https:\/\/yoast.com\/wordpress\/plugins\/seo\/ -->\n<title>Industria qu\u00edmica | RIOSA - Nuestros Productos<\/title>\n<meta name=\"description\" content=\"Aceites, grasas, ole\u00ednas, aceites \u00e1cidos y \u00e1cidos grasos para uso como materias primas en la industria qu\u00edmica\" \/>\n<meta name=\"robots\" content=\"index, follow, max-snippet:-1, max-image-preview:large, max-video-preview:-1\" \/>\n<link rel=\"canonical\" href=\"https:\/\/www.riosa.com\/it\/ar\/\u0627\u0644\u0635\u0646\u0627\u0639\u0629-\u0627\u0644\u0643\u064a\u0645\u064a\u0627\u0626\u064a\u0629\/\" \/>\n<meta property=\"og:locale\" content=\"it_IT\" \/>\n<meta property=\"og:type\" content=\"article\" \/>\n<meta property=\"og:title\" content=\"Industria qu\u00edmica | RIOSA - Nuestros Productos\" \/>\n<meta property=\"og:description\" content=\"Aceites, grasas, ole\u00ednas, aceites \u00e1cidos y \u00e1cidos grasos para uso como materias primas en la industria qu\u00edmica\" \/>\n<meta property=\"og:url\" content=\"https:\/\/www.riosa.com\/it\/ar\/\u0627\u0644\u0635\u0646\u0627\u0639\u0629-\u0627\u0644\u0643\u064a\u0645\u064a\u0627\u0626\u064a\u0629\/\" \/>\n<meta property=\"og:site_name\" content=\"RIOSA\" \/>\n<meta property=\"article:modified_time\" content=\"2019-05-04T20:38:09+00:00\" \/>\n<meta name=\"twitter:card\" content=\"summary_large_image\" \/>\n<meta name=\"twitter:label1\" content=\"Tempo di lettura stimato\" \/>\n\t<meta name=\"twitter:data1\" content=\"1 minuto\" \/>\n<script type=\"application\/ld+json\" class=\"yoast-schema-graph\">{\"@context\":\"https:\/\/schema.org\",\"@graph\":[{\"@type\":\"WebPage\",\"@id\":\"https:\/\/www.riosa.com\/ar\/%d8%a7%d9%84%d8%b5%d9%86%d8%a7%d8%b9%d8%a9-%d8%a7%d9%84%d9%83%d9%8a%d9%85%d9%8a%d8%a7%d8%a6%d9%8a%d8%a9\/\",\"url\":\"https:\/\/www.riosa.com\/ar\/%d8%a7%d9%84%d8%b5%d9%86%d8%a7%d8%b9%d8%a9-%d8%a7%d9%84%d9%83%d9%8a%d9%85%d9%8a%d8%a7%d8%a6%d9%8a%d8%a9\/\",\"name\":\"Industria qu\u00edmica | RIOSA - Nuestros Productos\",\"isPartOf\":{\"@id\":\"https:\/\/www.riosa.com\/he\/#website\"},\"datePublished\":\"2019-04-15T11:39:19+00:00\",\"dateModified\":\"2019-05-04T20:38:09+00:00\",\"description\":\"Aceites, grasas, ole\u00ednas, aceites \u00e1cidos y \u00e1cidos grasos para uso como materias primas en la industria qu\u00edmica\",\"breadcrumb\":{\"@id\":\"https:\/\/www.riosa.com\/ar\/%d8%a7%d9%84%d8%b5%d9%86%d8%a7%d8%b9%d8%a9-%d8%a7%d9%84%d9%83%d9%8a%d9%85%d9%8a%d8%a7%d8%a6%d9%8a%d8%a9\/#breadcrumb\"},\"inLanguage\":\"it-IT\",\"potentialAction\":[{\"@type\":\"ReadAction\",\"target\":[\"https:\/\/www.riosa.com\/ar\/%d8%a7%d9%84%d8%b5%d9%86%d8%a7%d8%b9%d8%a9-%d8%a7%d9%84%d9%83%d9%8a%d9%85%d9%8a%d8%a7%d8%a6%d9%8a%d8%a9\/\"]}]},{\"@type\":\"BreadcrumbList\",\"@id\":\"https:\/\/www.riosa.com\/ar\/%d8%a7%d9%84%d8%b5%d9%86%d8%a7%d8%b9%d8%a9-%d8%a7%d9%84%d9%83%d9%8a%d9%85%d9%8a%d8%a7%d8%a6%d9%8a%d8%a9\/#breadcrumb\",\"itemListElement\":[{\"@type\":\"ListItem\",\"position\":1,\"name\":\"Inicio\",\"item\":\"https:\/\/www.riosa.com\/\"},{\"@type\":\"ListItem\",\"position\":2,\"name\":\"Industria qu\u00edmica\"}]},{\"@type\":\"WebSite\",\"@id\":\"https:\/\/www.riosa.com\/he\/#website\",\"url\":\"https:\/\/www.riosa.com\/he\/\",\"name\":\"RIOSA\",\"description\":\"ACEITES GRASAS Y OLE\u00cdNAS para alimentaci\u00f3n animal\",\"publisher\":{\"@id\":\"https:\/\/www.riosa.com\/he\/#organization\"},\"potentialAction\":[{\"@type\":\"SearchAction\",\"target\":{\"@type\":\"EntryPoint\",\"urlTemplate\":\"https:\/\/www.riosa.com\/he\/?s={search_term_string}\"},\"query-input\":\"required name=search_term_string\"}],\"inLanguage\":\"it-IT\"},{\"@type\":\"Organization\",\"@id\":\"https:\/\/www.riosa.com\/he\/#organization\",\"name\":\"RIOSA - Refinaci\u00f3n Industrial Oleicola S.A.\",\"url\":\"https:\/\/www.riosa.com\/he\/\",\"logo\":{\"@type\":\"ImageObject\",\"inLanguage\":\"it-IT\",\"@id\":\"https:\/\/www.riosa.com\/he\/#\/schema\/logo\/image\/\",\"url\":\"https:\/\/staging.riosa.com\/wp-content\/uploads\/2019\/04\/Logo-Riosa-250.jpg\",\"contentUrl\":\"https:\/\/staging.riosa.com\/wp-content\/uploads\/2019\/04\/Logo-Riosa-250.jpg\",\"width\":250,\"height\":271,\"caption\":\"RIOSA - Refinaci\u00f3n Industrial Oleicola S.A.\"},\"image\":{\"@id\":\"https:\/\/www.riosa.com\/he\/#\/schema\/logo\/image\/\"}}]}<\/script>\n<!-- \/ Yoast SEO plugin. -->","yoast_head_json":{"title":"Industria chimica | RIOSA - I nostri prodotti","description":"Oli, grassi, oleine, oli acidi e acidi grassi da utilizzare come materie prime nell&#039;industria chimica","robots":{"index":"index","follow":"follow","max-snippet":"max-snippet:-1","max-image-preview":"max-image-preview:large","max-video-preview":"max-video-preview:-1"},"canonical":"https:\/\/www.riosa.com\/it\/ar\/\u0627\u0644\u0635\u0646\u0627\u0639\u0629-\u0627\u0644\u0643\u064a\u0645\u064a\u0627\u0626\u064a\u0629\/","og_locale":"it_IT","og_type":"article","og_title":"Industria qu\u00edmica | RIOSA - Nuestros Productos","og_description":"Aceites, grasas, ole\u00ednas, aceites \u00e1cidos y \u00e1cidos grasos para uso como materias primas en la industria qu\u00edmica","og_url":"https:\/\/www.riosa.com\/it\/ar\/\u0627\u0644\u0635\u0646\u0627\u0639\u0629-\u0627\u0644\u0643\u064a\u0645\u064a\u0627\u0626\u064a\u0629\/","og_site_name":"RIOSA","article_modified_time":"2019-05-04T20:38:09+00:00","twitter_card":"summary_large_image","twitter_misc":{"Tempo di lettura stimato":"1 minuto"},"schema":{"@context":"https:\/\/schema.org","@graph":[{"@type":"WebPage","@id":"https:\/\/www.riosa.com\/ar\/%d8%a7%d9%84%d8%b5%d9%86%d8%a7%d8%b9%d8%a9-%d8%a7%d9%84%d9%83%d9%8a%d9%85%d9%8a%d8%a7%d8%a6%d9%8a%d8%a9\/","url":"https:\/\/www.riosa.com\/ar\/%d8%a7%d9%84%d8%b5%d9%86%d8%a7%d8%b9%d8%a9-%d8%a7%d9%84%d9%83%d9%8a%d9%85%d9%8a%d8%a7%d8%a6%d9%8a%d8%a9\/","name":"Industria chimica | RIOSA - I nostri prodotti","isPartOf":{"@id":"https:\/\/www.riosa.com\/he\/#website"},"datePublished":"2019-04-15T11:39:19+00:00","dateModified":"2019-05-04T20:38:09+00:00","description":"Oli, grassi, oleine, oli acidi e acidi grassi da utilizzare come materie prime nell&#039;industria chimica","breadcrumb":{"@id":"https:\/\/www.riosa.com\/ar\/%d8%a7%d9%84%d8%b5%d9%86%d8%a7%d8%b9%d8%a9-%d8%a7%d9%84%d9%83%d9%8a%d9%85%d9%8a%d8%a7%d8%a6%d9%8a%d8%a9\/#breadcrumb"},"inLanguage":"it-IT","potentialAction":[{"@type":"ReadAction","target":["https:\/\/www.riosa.com\/ar\/%d8%a7%d9%84%d8%b5%d9%86%d8%a7%d8%b9%d8%a9-%d8%a7%d9%84%d9%83%d9%8a%d9%85%d9%8a%d8%a7%d8%a6%d9%8a%d8%a9\/"]}]},{"@type":"BreadcrumbList","@id":"https:\/\/www.riosa.com\/ar\/%d8%a7%d9%84%d8%b5%d9%86%d8%a7%d8%b9%d8%a9-%d8%a7%d9%84%d9%83%d9%8a%d9%85%d9%8a%d8%a7%d8%a6%d9%8a%d8%a9\/#breadcrumb","itemListElement":[{"@type":"ListItem","position":1,"name":"Inicio","item":"https:\/\/www.riosa.com\/"},{"@type":"ListItem","position":2,"name":"Industria qu\u00edmica"}]},{"@type":"WebSite","@id":"https:\/\/www.riosa.com\/he\/#website","url":"https:\/\/www.riosa.com\/he\/","name":"RIOSA","description":"GRASSI E OLEINE OLI per alimentazione animale","publisher":{"@id":"https:\/\/www.riosa.com\/he\/#organization"},"potentialAction":[{"@type":"SearchAction","target":{"@type":"EntryPoint","urlTemplate":"https:\/\/www.riosa.com\/he\/?s={search_term_string}"},"query-input":"required name=search_term_string"}],"inLanguage":"it-IT"},{"@type":"Organization","@id":"https:\/\/www.riosa.com\/he\/#organization","name":"RIOSA - Raffinazione Industriale Oleicola SA","url":"https:\/\/www.riosa.com\/he\/","logo":{"@type":"ImageObject","inLanguage":"it-IT","@id":"https:\/\/www.riosa.com\/he\/#\/schema\/logo\/image\/","url":"https:\/\/staging.riosa.com\/wp-content\/uploads\/2019\/04\/Logo-Riosa-250.jpg","contentUrl":"https:\/\/staging.riosa.com\/wp-content\/uploads\/2019\/04\/Logo-Riosa-250.jpg","width":250,"height":271,"caption":"RIOSA - Refinaci\u00f3n Industrial Oleicola S.A."},"image":{"@id":"https:\/\/www.riosa.com\/he\/#\/schema\/logo\/image\/"}}]}},"jetpack_likes_enabled":true,"jetpack_sharing_enabled":true,"_links":{"self":[{"href":"https:\/\/www.riosa.com\/it\/wp-json\/wp\/v2\/pages\/764"}],"collection":[{"href":"https:\/\/www.riosa.com\/it\/wp-json\/wp\/v2\/pages"}],"about":[{"href":"https:\/\/www.riosa.com\/it\/wp-json\/wp\/v2\/types\/page"}],"author":[{"embeddable":true,"href":"https:\/\/www.riosa.com\/it\/wp-json\/wp\/v2\/users\/1"}],"replies":[{"embeddable":true,"href":"https:\/\/www.riosa.com\/it\/wp-json\/wp\/v2\/comments?post=764"}],"version-history":[{"count":6,"href":"https:\/\/www.riosa.com\/it\/wp-json\/wp\/v2\/pages\/764\/revisions"}],"predecessor-version":[{"id":773,"href":"https:\/\/www.riosa.com\/it\/wp-json\/wp\/v2\/pages\/764\/revisions\/773"}],"wp:attachment":[{"href":"https:\/\/www.riosa.com\/it\/wp-json\/wp\/v2\/media?parent=764"}],"curies":[{"name":"parola chiave","href":"https:\/\/api.w.org\/{rel}","templated":true}]}}