{"id":608,"date":"2019-04-11T19:59:00","date_gmt":"2019-04-11T18:59:00","guid":{"rendered":"https:\/\/www.riosa.com\/?page_id=608"},"modified":"2019-04-25T18:18:37","modified_gmt":"2019-04-25T17:18:37","slug":"formulario-de-contacto","status":"publish","type":"page","link":"https:\/\/www.riosa.com\/it\/contatto\/modulo-di-contatto\/","title":{"rendered":"Modulo di Contatto"},"content":{"rendered":"<div id=\"cs-content\" class=\"cs-content\"><\/div>","protected":false},"excerpt":{"rendered":"<p>Modulo di contatto Se lo desideri, puoi utilizzare il seguente modulo per contattarci per qualsiasi dubbio, richiesta, domanda o reclamo. Saremo lieti di ricevere il tuo messaggio e ti promettiamo di risponderti il prima possibile, se ci autorizzerai a farlo. Nome e Cognome * Azienda (facoltativo) Email * Recapito telefonico (facoltativo) Indicare come... <\/p>\n<div><a href=\"https:\/\/www.riosa.com\/it\/contatto\/modulo-di-contatto\/\" class=\"more-link\">Per saperne di pi\u00f9<\/a><\/div>","protected":false},"author":1,"featured_media":0,"parent":160,"menu_order":0,"comment_status":"closed","ping_status":"closed","template":"template-layout-full-width.php","meta":{"footnotes":""},"yoast_head":"<!-- This site is optimized with the Yoast SEO plugin v22.6 - https:\/\/yoast.com\/wordpress\/plugins\/seo\/ -->\n<title>Formulario de contacto | RIOSA<\/title>\n<meta name=\"robots\" content=\"index, follow, max-snippet:-1, max-image-preview:large, max-video-preview:-1\" \/>\n<link rel=\"canonical\" href=\"https:\/\/www.riosa.com\/it\/contatto\/modulo-di-contatto\/\" \/>\n<meta property=\"og:locale\" content=\"it_IT\" \/>\n<meta property=\"og:type\" content=\"article\" \/>\n<meta property=\"og:title\" content=\"Formulario de contacto | RIOSA\" \/>\n<meta property=\"og:description\" content=\"Formulario de contacto Si lo desea puede usar el siguiente formulario para ponerse en contacto con nosotros para cualquier consulta, petici\u00f3n, pregunta o queja. Estaremos encantados de recibir su mensaje, y nos comprometemos a contestarle a la mayor brevedad posible, si as\u00ed nos lo autoriza. Nombre y Apellidos * Empresa (opcional) Correo electr\u00f3nico * Tel\u00e9fono de contacto (opcional) Indique como ... Read More\" \/>\n<meta property=\"og:url\" content=\"https:\/\/www.riosa.com\/it\/contatto\/modulo-di-contatto\/\" \/>\n<meta property=\"og:site_name\" content=\"RIOSA\" \/>\n<meta property=\"article:modified_time\" content=\"2019-04-25T17:18:37+00:00\" \/>\n<meta name=\"twitter:card\" content=\"summary_large_image\" \/>\n<meta name=\"twitter:label1\" content=\"Tempo di lettura stimato\" \/>\n\t<meta name=\"twitter:data1\" content=\"1 minuto\" \/>\n<script type=\"application\/ld+json\" class=\"yoast-schema-graph\">{\"@context\":\"https:\/\/schema.org\",\"@graph\":[{\"@type\":\"WebPage\",\"@id\":\"https:\/\/www.riosa.com\/contacto\/formulario-de-contacto\/\",\"url\":\"https:\/\/www.riosa.com\/contacto\/formulario-de-contacto\/\",\"name\":\"Formulario de contacto | RIOSA\",\"isPartOf\":{\"@id\":\"https:\/\/www.riosa.com\/he\/#website\"},\"datePublished\":\"2019-04-11T18:59:00+00:00\",\"dateModified\":\"2019-04-25T17:18:37+00:00\",\"breadcrumb\":{\"@id\":\"https:\/\/www.riosa.com\/contacto\/formulario-de-contacto\/#breadcrumb\"},\"inLanguage\":\"it-IT\",\"potentialAction\":[{\"@type\":\"ReadAction\",\"target\":[\"https:\/\/www.riosa.com\/contacto\/formulario-de-contacto\/\"]}]},{\"@type\":\"BreadcrumbList\",\"@id\":\"https:\/\/www.riosa.com\/contacto\/formulario-de-contacto\/#breadcrumb\",\"itemListElement\":[{\"@type\":\"ListItem\",\"position\":1,\"name\":\"Inicio\",\"item\":\"https:\/\/www.riosa.com\/\"},{\"@type\":\"ListItem\",\"position\":2,\"name\":\"Contacto\",\"item\":\"https:\/\/www.riosa.com\/contacto\/\"},{\"@type\":\"ListItem\",\"position\":3,\"name\":\"Formulario de contacto\"}]},{\"@type\":\"WebSite\",\"@id\":\"https:\/\/www.riosa.com\/he\/#website\",\"url\":\"https:\/\/www.riosa.com\/he\/\",\"name\":\"RIOSA\",\"description\":\"ACEITES GRASAS Y OLE\u00cdNAS para alimentaci\u00f3n animal\",\"publisher\":{\"@id\":\"https:\/\/www.riosa.com\/he\/#organization\"},\"potentialAction\":[{\"@type\":\"SearchAction\",\"target\":{\"@type\":\"EntryPoint\",\"urlTemplate\":\"https:\/\/www.riosa.com\/he\/?s={search_term_string}\"},\"query-input\":\"required name=search_term_string\"}],\"inLanguage\":\"it-IT\"},{\"@type\":\"Organization\",\"@id\":\"https:\/\/www.riosa.com\/he\/#organization\",\"name\":\"RIOSA - Refinaci\u00f3n Industrial Oleicola S.A.\",\"url\":\"https:\/\/www.riosa.com\/he\/\",\"logo\":{\"@type\":\"ImageObject\",\"inLanguage\":\"it-IT\",\"@id\":\"https:\/\/www.riosa.com\/he\/#\/schema\/logo\/image\/\",\"url\":\"https:\/\/staging.riosa.com\/wp-content\/uploads\/2019\/04\/Logo-Riosa-250.jpg\",\"contentUrl\":\"https:\/\/staging.riosa.com\/wp-content\/uploads\/2019\/04\/Logo-Riosa-250.jpg\",\"width\":250,\"height\":271,\"caption\":\"RIOSA - Refinaci\u00f3n Industrial Oleicola S.A.\"},\"image\":{\"@id\":\"https:\/\/www.riosa.com\/he\/#\/schema\/logo\/image\/\"}}]}<\/script>\n<!-- \/ Yoast SEO plugin. -->","yoast_head_json":{"title":"Modulo di contatto | RIOSA","robots":{"index":"index","follow":"follow","max-snippet":"max-snippet:-1","max-image-preview":"max-image-preview:large","max-video-preview":"max-video-preview:-1"},"canonical":"https:\/\/www.riosa.com\/it\/contatto\/modulo-di-contatto\/","og_locale":"it_IT","og_type":"article","og_title":"Formulario de contacto | RIOSA","og_description":"Formulario de contacto Si lo desea puede usar el siguiente formulario para ponerse en contacto con nosotros para cualquier consulta, petici\u00f3n, pregunta o queja. Estaremos encantados de recibir su mensaje, y nos comprometemos a contestarle a la mayor brevedad posible, si as\u00ed nos lo autoriza. Nombre y Apellidos * Empresa (opcional) Correo electr\u00f3nico * Tel\u00e9fono de contacto (opcional) Indique como ... Read More","og_url":"https:\/\/www.riosa.com\/it\/contatto\/modulo-di-contatto\/","og_site_name":"RIOSA","article_modified_time":"2019-04-25T17:18:37+00:00","twitter_card":"summary_large_image","twitter_misc":{"Tempo di lettura stimato":"1 minuto"},"schema":{"@context":"https:\/\/schema.org","@graph":[{"@type":"WebPage","@id":"https:\/\/www.riosa.com\/contacto\/formulario-de-contacto\/","url":"https:\/\/www.riosa.com\/contacto\/formulario-de-contacto\/","name":"Modulo di contatto | RIOSA","isPartOf":{"@id":"https:\/\/www.riosa.com\/he\/#website"},"datePublished":"2019-04-11T18:59:00+00:00","dateModified":"2019-04-25T17:18:37+00:00","breadcrumb":{"@id":"https:\/\/www.riosa.com\/contacto\/formulario-de-contacto\/#breadcrumb"},"inLanguage":"it-IT","potentialAction":[{"@type":"ReadAction","target":["https:\/\/www.riosa.com\/contacto\/formulario-de-contacto\/"]}]},{"@type":"BreadcrumbList","@id":"https:\/\/www.riosa.com\/contacto\/formulario-de-contacto\/#breadcrumb","itemListElement":[{"@type":"ListItem","position":1,"name":"Inicio","item":"https:\/\/www.riosa.com\/"},{"@type":"ListItem","position":2,"name":"Contacto","item":"https:\/\/www.riosa.com\/contacto\/"},{"@type":"ListItem","position":3,"name":"Formulario de contacto"}]},{"@type":"WebSite","@id":"https:\/\/www.riosa.com\/he\/#website","url":"https:\/\/www.riosa.com\/he\/","name":"RIOSA","description":"GRASSI E OLEINE OLI per alimentazione animale","publisher":{"@id":"https:\/\/www.riosa.com\/he\/#organization"},"potentialAction":[{"@type":"SearchAction","target":{"@type":"EntryPoint","urlTemplate":"https:\/\/www.riosa.com\/he\/?s={search_term_string}"},"query-input":"required name=search_term_string"}],"inLanguage":"it-IT"},{"@type":"Organization","@id":"https:\/\/www.riosa.com\/he\/#organization","name":"RIOSA - Refinaci\u00f3n Industrial Ole\u00edcola S.A.","url":"https:\/\/www.riosa.com\/he\/","logo":{"@type":"ImageObject","inLanguage":"it-IT","@id":"https:\/\/www.riosa.com\/he\/#\/schema\/logo\/image\/","url":"https:\/\/staging.riosa.com\/wp-content\/uploads\/2019\/04\/Logo-Riosa-250.jpg","contentUrl":"https:\/\/staging.riosa.com\/wp-content\/uploads\/2019\/04\/Logo-Riosa-250.jpg","width":250,"height":271,"caption":"RIOSA - Refinaci\u00f3n Industrial Oleicola S.A."},"image":{"@id":"https:\/\/www.riosa.com\/he\/#\/schema\/logo\/image\/"}}]}},"jetpack_sharing_enabled":true,"_links":{"self":[{"href":"https:\/\/www.riosa.com\/it\/wp-json\/wp\/v2\/pages\/608"}],"collection":[{"href":"https:\/\/www.riosa.com\/it\/wp-json\/wp\/v2\/pages"}],"about":[{"href":"https:\/\/www.riosa.com\/it\/wp-json\/wp\/v2\/types\/page"}],"author":[{"embeddable":true,"href":"https:\/\/www.riosa.com\/it\/wp-json\/wp\/v2\/users\/1"}],"replies":[{"embeddable":true,"href":"https:\/\/www.riosa.com\/it\/wp-json\/wp\/v2\/comments?post=608"}],"version-history":[{"count":5,"href":"https:\/\/www.riosa.com\/it\/wp-json\/wp\/v2\/pages\/608\/revisions"}],"predecessor-version":[{"id":698,"href":"https:\/\/www.riosa.com\/it\/wp-json\/wp\/v2\/pages\/608\/revisions\/698"}],"up":[{"embeddable":true,"href":"https:\/\/www.riosa.com\/it\/wp-json\/wp\/v2\/pages\/160"}],"wp:attachment":[{"href":"https:\/\/www.riosa.com\/it\/wp-json\/wp\/v2\/media?parent=608"}],"curies":[{"name":"parola chiave","href":"https:\/\/api.w.org\/{rel}","templated":true}]}}