{"id":2,"date":"2019-03-14T20:39:08","date_gmt":"2019-03-14T20:39:08","guid":{"rendered":"https:\/\/www.riosa.com\/?page_id=2"},"modified":"2019-05-04T21:36:33","modified_gmt":"2019-05-04T20:36:33","slug":"nutricion-animal","status":"publish","type":"page","link":"https:\/\/www.riosa.com\/it\/nutrizione-animale\/","title":{"rendered":"Nutrizione Animale"},"content":{"rendered":"<div id=\"cs-content\" class=\"cs-content\"><\/div>","protected":false},"excerpt":{"rendered":"<p>Prodotti per la nutrizione animale: presentiamo i nostri prodotti lipidici per la nutrizione animale. Se cercate un&#039;altra sezione del catalogo, potete utilizzare i link qui sotto. Nutrizione, Industria del sapone: Tutti i nostri prodotti per la nutrizione animale sono certificati secondo gli standard di qualit\u00e0 ISO 22000:2005 per i Sistemi di Gestione della Sicurezza Alimentare e GMP+ per le Buone Pratiche di Fabbricazione Alimentare. Rispettiamo scrupolosamente... <\/p>\n<div><a href=\"https:\/\/www.riosa.com\/it\/nutrizione-animale\/\" class=\"more-link\">Per saperne di pi\u00f9<\/a><\/div>","protected":false},"author":1,"featured_media":0,"parent":0,"menu_order":0,"comment_status":"closed","ping_status":"open","template":"template-layout-full-width.php","meta":{"footnotes":""},"yoast_head":"<!-- This site is optimized with the Yoast SEO plugin v22.6 - https:\/\/yoast.com\/wordpress\/plugins\/seo\/ -->\n<title>Nutrici\u00f3n Animal | RIOSA - Nuestros Productos<\/title>\n<meta name=\"description\" content=\"Productos para alimentaci\u00f3n animal como aceites, grasas y ole\u00ednas vegetales. Para ganado porcino, avicultura y rumiantes\" \/>\n<meta name=\"robots\" content=\"index, follow, max-snippet:-1, max-image-preview:large, max-video-preview:-1\" \/>\n<link rel=\"canonical\" href=\"https:\/\/www.riosa.com\/it\/ar\/\u0628\u0627\u0644\u062a\u063a\u0630\u064a\u0629-\u0627\u0644\u062d\u064a\u0648\u0627\u0646\u064a\u0629\/\" \/>\n<meta property=\"og:locale\" content=\"it_IT\" \/>\n<meta property=\"og:type\" content=\"article\" \/>\n<meta property=\"og:title\" content=\"Nutrici\u00f3n Animal | RIOSA - Nuestros Productos\" \/>\n<meta property=\"og:description\" content=\"Productos para alimentaci\u00f3n animal como aceites, grasas y ole\u00ednas vegetales. Para ganado porcino, avicultura y rumiantes\" \/>\n<meta property=\"og:url\" content=\"https:\/\/www.riosa.com\/it\/ar\/\u0628\u0627\u0644\u062a\u063a\u0630\u064a\u0629-\u0627\u0644\u062d\u064a\u0648\u0627\u0646\u064a\u0629\/\" \/>\n<meta property=\"og:site_name\" content=\"RIOSA\" \/>\n<meta property=\"article:modified_time\" content=\"2019-05-04T20:36:33+00:00\" \/>\n<meta name=\"twitter:card\" content=\"summary_large_image\" \/>\n<meta name=\"twitter:label1\" content=\"Tempo di lettura stimato\" \/>\n\t<meta name=\"twitter:data1\" content=\"1 minuto\" \/>\n<script type=\"application\/ld+json\" class=\"yoast-schema-graph\">{\"@context\":\"https:\/\/schema.org\",\"@graph\":[{\"@type\":\"WebPage\",\"@id\":\"https:\/\/www.riosa.com\/ar\/%d8%a8%d8%a7%d9%84%d8%aa%d8%ba%d8%b0%d9%8a%d8%a9-%d8%a7%d9%84%d8%ad%d9%8a%d9%88%d8%a7%d9%86%d9%8a%d8%a9\/\",\"url\":\"https:\/\/www.riosa.com\/ar\/%d8%a8%d8%a7%d9%84%d8%aa%d8%ba%d8%b0%d9%8a%d8%a9-%d8%a7%d9%84%d8%ad%d9%8a%d9%88%d8%a7%d9%86%d9%8a%d8%a9\/\",\"name\":\"Nutrici\u00f3n Animal | RIOSA - Nuestros Productos\",\"isPartOf\":{\"@id\":\"https:\/\/www.riosa.com\/he\/#website\"},\"datePublished\":\"2019-03-14T20:39:08+00:00\",\"dateModified\":\"2019-05-04T20:36:33+00:00\",\"description\":\"Productos para alimentaci\u00f3n animal como aceites, grasas y ole\u00ednas vegetales. Para ganado porcino, avicultura y rumiantes\",\"breadcrumb\":{\"@id\":\"https:\/\/www.riosa.com\/ar\/%d8%a8%d8%a7%d9%84%d8%aa%d8%ba%d8%b0%d9%8a%d8%a9-%d8%a7%d9%84%d8%ad%d9%8a%d9%88%d8%a7%d9%86%d9%8a%d8%a9\/#breadcrumb\"},\"inLanguage\":\"it-IT\",\"potentialAction\":[{\"@type\":\"ReadAction\",\"target\":[\"https:\/\/www.riosa.com\/ar\/%d8%a8%d8%a7%d9%84%d8%aa%d8%ba%d8%b0%d9%8a%d8%a9-%d8%a7%d9%84%d8%ad%d9%8a%d9%88%d8%a7%d9%86%d9%8a%d8%a9\/\"]}]},{\"@type\":\"BreadcrumbList\",\"@id\":\"https:\/\/www.riosa.com\/ar\/%d8%a8%d8%a7%d9%84%d8%aa%d8%ba%d8%b0%d9%8a%d8%a9-%d8%a7%d9%84%d8%ad%d9%8a%d9%88%d8%a7%d9%86%d9%8a%d8%a9\/#breadcrumb\",\"itemListElement\":[{\"@type\":\"ListItem\",\"position\":1,\"name\":\"Inicio\",\"item\":\"https:\/\/www.riosa.com\/\"},{\"@type\":\"ListItem\",\"position\":2,\"name\":\"Nutrici\u00f3n Animal\"}]},{\"@type\":\"WebSite\",\"@id\":\"https:\/\/www.riosa.com\/he\/#website\",\"url\":\"https:\/\/www.riosa.com\/he\/\",\"name\":\"RIOSA\",\"description\":\"ACEITES GRASAS Y OLE\u00cdNAS para alimentaci\u00f3n animal\",\"publisher\":{\"@id\":\"https:\/\/www.riosa.com\/he\/#organization\"},\"potentialAction\":[{\"@type\":\"SearchAction\",\"target\":{\"@type\":\"EntryPoint\",\"urlTemplate\":\"https:\/\/www.riosa.com\/he\/?s={search_term_string}\"},\"query-input\":\"required name=search_term_string\"}],\"inLanguage\":\"it-IT\"},{\"@type\":\"Organization\",\"@id\":\"https:\/\/www.riosa.com\/he\/#organization\",\"name\":\"RIOSA - Refinaci\u00f3n Industrial Oleicola S.A.\",\"url\":\"https:\/\/www.riosa.com\/he\/\",\"logo\":{\"@type\":\"ImageObject\",\"inLanguage\":\"it-IT\",\"@id\":\"https:\/\/www.riosa.com\/he\/#\/schema\/logo\/image\/\",\"url\":\"https:\/\/staging.riosa.com\/wp-content\/uploads\/2019\/04\/Logo-Riosa-250.jpg\",\"contentUrl\":\"https:\/\/staging.riosa.com\/wp-content\/uploads\/2019\/04\/Logo-Riosa-250.jpg\",\"width\":250,\"height\":271,\"caption\":\"RIOSA - Refinaci\u00f3n Industrial Oleicola S.A.\"},\"image\":{\"@id\":\"https:\/\/www.riosa.com\/he\/#\/schema\/logo\/image\/\"}}]}<\/script>\n<!-- \/ Yoast SEO plugin. -->","yoast_head_json":{"title":"Alimentazione animale | RIOSA - I nostri prodotti","description":"Prodotti per l&#039;alimentazione animale come oli, grassi e oleine vegetali. Per suini, pollame e ruminanti","robots":{"index":"index","follow":"follow","max-snippet":"max-snippet:-1","max-image-preview":"max-image-preview:large","max-video-preview":"max-video-preview:-1"},"canonical":"https:\/\/www.riosa.com\/it\/ar\/\u0628\u0627\u0644\u062a\u063a\u0630\u064a\u0629-\u0627\u0644\u062d\u064a\u0648\u0627\u0646\u064a\u0629\/","og_locale":"it_IT","og_type":"article","og_title":"Nutrici\u00f3n Animal | RIOSA - Nuestros Productos","og_description":"Productos para alimentaci\u00f3n animal como aceites, grasas y ole\u00ednas vegetales. Para ganado porcino, avicultura y rumiantes","og_url":"https:\/\/www.riosa.com\/it\/ar\/\u0628\u0627\u0644\u062a\u063a\u0630\u064a\u0629-\u0627\u0644\u062d\u064a\u0648\u0627\u0646\u064a\u0629\/","og_site_name":"RIOSA","article_modified_time":"2019-05-04T20:36:33+00:00","twitter_card":"summary_large_image","twitter_misc":{"Tempo di lettura stimato":"1 minuto"},"schema":{"@context":"https:\/\/schema.org","@graph":[{"@type":"WebPage","@id":"https:\/\/www.riosa.com\/ar\/%d8%a8%d8%a7%d9%84%d8%aa%d8%ba%d8%b0%d9%8a%d8%a9-%d8%a7%d9%84%d8%ad%d9%8a%d9%88%d8%a7%d9%86%d9%8a%d8%a9\/","url":"https:\/\/www.riosa.com\/ar\/%d8%a8%d8%a7%d9%84%d8%aa%d8%ba%d8%b0%d9%8a%d8%a9-%d8%a7%d9%84%d8%ad%d9%8a%d9%88%d8%a7%d9%86%d9%8a%d8%a9\/","name":"Alimentazione animale | RIOSA - I nostri prodotti","isPartOf":{"@id":"https:\/\/www.riosa.com\/he\/#website"},"datePublished":"2019-03-14T20:39:08+00:00","dateModified":"2019-05-04T20:36:33+00:00","description":"Prodotti per l&#039;alimentazione animale come oli, grassi e oleine vegetali. Per suini, pollame e ruminanti","breadcrumb":{"@id":"https:\/\/www.riosa.com\/ar\/%d8%a8%d8%a7%d9%84%d8%aa%d8%ba%d8%b0%d9%8a%d8%a9-%d8%a7%d9%84%d8%ad%d9%8a%d9%88%d8%a7%d9%86%d9%8a%d8%a9\/#breadcrumb"},"inLanguage":"it-IT","potentialAction":[{"@type":"ReadAction","target":["https:\/\/www.riosa.com\/ar\/%d8%a8%d8%a7%d9%84%d8%aa%d8%ba%d8%b0%d9%8a%d8%a9-%d8%a7%d9%84%d8%ad%d9%8a%d9%88%d8%a7%d9%86%d9%8a%d8%a9\/"]}]},{"@type":"BreadcrumbList","@id":"https:\/\/www.riosa.com\/ar\/%d8%a8%d8%a7%d9%84%d8%aa%d8%ba%d8%b0%d9%8a%d8%a9-%d8%a7%d9%84%d8%ad%d9%8a%d9%88%d8%a7%d9%86%d9%8a%d8%a9\/#breadcrumb","itemListElement":[{"@type":"ListItem","position":1,"name":"Inicio","item":"https:\/\/www.riosa.com\/"},{"@type":"ListItem","position":2,"name":"Nutrici\u00f3n Animal"}]},{"@type":"WebSite","@id":"https:\/\/www.riosa.com\/he\/#website","url":"https:\/\/www.riosa.com\/he\/","name":"RIOSA","description":"GRASSI E OLEINE OLI per alimentazione animale","publisher":{"@id":"https:\/\/www.riosa.com\/he\/#organization"},"potentialAction":[{"@type":"SearchAction","target":{"@type":"EntryPoint","urlTemplate":"https:\/\/www.riosa.com\/he\/?s={search_term_string}"},"query-input":"required name=search_term_string"}],"inLanguage":"it-IT"},{"@type":"Organization","@id":"https:\/\/www.riosa.com\/he\/#organization","name":"RIOSA - Refinaci\u00f3n Industrial Ole\u00edcola S.A.","url":"https:\/\/www.riosa.com\/he\/","logo":{"@type":"ImageObject","inLanguage":"it-IT","@id":"https:\/\/www.riosa.com\/he\/#\/schema\/logo\/image\/","url":"https:\/\/staging.riosa.com\/wp-content\/uploads\/2019\/04\/Logo-Riosa-250.jpg","contentUrl":"https:\/\/staging.riosa.com\/wp-content\/uploads\/2019\/04\/Logo-Riosa-250.jpg","width":250,"height":271,"caption":"RIOSA - Refinaci\u00f3n Industrial Oleicola S.A."},"image":{"@id":"https:\/\/www.riosa.com\/he\/#\/schema\/logo\/image\/"}}]}},"jetpack_sharing_enabled":true,"_links":{"self":[{"href":"https:\/\/www.riosa.com\/it\/wp-json\/wp\/v2\/pages\/2"}],"collection":[{"href":"https:\/\/www.riosa.com\/it\/wp-json\/wp\/v2\/pages"}],"about":[{"href":"https:\/\/www.riosa.com\/it\/wp-json\/wp\/v2\/types\/page"}],"author":[{"embeddable":true,"href":"https:\/\/www.riosa.com\/it\/wp-json\/wp\/v2\/users\/1"}],"replies":[{"embeddable":true,"href":"https:\/\/www.riosa.com\/it\/wp-json\/wp\/v2\/comments?post=2"}],"version-history":[{"count":33,"href":"https:\/\/www.riosa.com\/it\/wp-json\/wp\/v2\/pages\/2\/revisions"}],"predecessor-version":[{"id":913,"href":"https:\/\/www.riosa.com\/it\/wp-json\/wp\/v2\/pages\/2\/revisions\/913"}],"wp:attachment":[{"href":"https:\/\/www.riosa.com\/it\/wp-json\/wp\/v2\/media?parent=2"}],"curies":[{"name":"parola chiave","href":"https:\/\/api.w.org\/{rel}","templated":true}]}}