{"id":1015,"date":"2019-04-26T19:01:00","date_gmt":"2019-04-26T18:01:00","guid":{"rendered":"https:\/\/www.riosa.com\/?page_id=1015"},"modified":"2021-10-04T16:31:16","modified_gmt":"2021-10-04T15:31:16","slug":"hojas-informativas","status":"publish","type":"page","link":"https:\/\/www.riosa.com\/it\/documentazione\/fogli-informativi\/","title":{"rendered":"Fogli informativi"},"content":{"rendered":"<div id=\"cs-content\" class=\"cs-content\"><\/div>","protected":false},"excerpt":{"rendered":"<p>Archivio delle Schede Informative RIOSA 2000-2006. In questo archivio potete trovare le nostre famose Schede Informative, o come ci piace chiamarle, Schede Parrocchiali. Create dal nostro fondatore, Benjam\u00edn Espuny, le nostre Schede Parrocchiali erano un compendio di ingegno, creativit\u00e0, curiosit\u00e0 e intelligenza. Narono come pubblicazioni mensili per pubblicizzare i prezzi dei nostri prodotti, ma... <\/p>\n<div><a href=\"https:\/\/www.riosa.com\/it\/documentazione\/fogli-informativi\/\" class=\"more-link\">Per saperne di pi\u00f9<\/a><\/div>","protected":false},"author":1,"featured_media":0,"parent":900,"menu_order":0,"comment_status":"closed","ping_status":"closed","template":"template-layout-full-width.php","meta":{"footnotes":""},"yoast_head":"<!-- This site is optimized with the Yoast SEO plugin v22.6 - https:\/\/yoast.com\/wordpress\/plugins\/seo\/ -->\n<title>Hojas Informativas | RIOSA<\/title>\n<meta name=\"robots\" content=\"index, follow, max-snippet:-1, max-image-preview:large, max-video-preview:-1\" \/>\n<link rel=\"canonical\" href=\"https:\/\/www.riosa.com\/it\/sl\/dokumentacijo\/informativni-listi\/\" \/>\n<meta property=\"og:locale\" content=\"it_IT\" \/>\n<meta property=\"og:type\" content=\"article\" \/>\n<meta property=\"og:title\" content=\"Hojas Informativas | RIOSA\" \/>\n<meta property=\"og:description\" content=\"Archivo de hojas informativas de RIOSA 2000 - 2006 Es este archivo podr\u00e1 encontrar nuestras famosas Hojas Informativas, o como a nosotros nos gusta llamarlas, Hojas Parroquiales. Creadas por nuestro fundador Benjam\u00edn Espuny, nuestras Hojas Parroquiales eran un compendio de ingenio, creatividad, curiosidad e inteligencia. Comenzaron como unas publicaciones de car\u00e1cter mensual para difundir los precios de nuestros productos, pero ... Read More\" \/>\n<meta property=\"og:url\" content=\"https:\/\/www.riosa.com\/it\/sl\/dokumentacijo\/informativni-listi\/\" \/>\n<meta property=\"og:site_name\" content=\"RIOSA\" \/>\n<meta property=\"article:modified_time\" content=\"2021-10-04T15:31:16+00:00\" \/>\n<meta property=\"og:image\" content=\"https:\/\/www.riosa.com\/wp-content\/uploads\/2019\/04\/hp20050101-thumb.png\" \/>\n<meta name=\"twitter:card\" content=\"summary_large_image\" \/>\n<meta name=\"twitter:label1\" content=\"Tempo di lettura stimato\" \/>\n\t<meta name=\"twitter:data1\" content=\"7 minuti\" \/>\n<script type=\"application\/ld+json\" class=\"yoast-schema-graph\">{\"@context\":\"https:\/\/schema.org\",\"@graph\":[{\"@type\":\"WebPage\",\"@id\":\"https:\/\/www.riosa.com\/sl\/dokumentacijo\/informativni-listi\/\",\"url\":\"https:\/\/www.riosa.com\/sl\/dokumentacijo\/informativni-listi\/\",\"name\":\"Hojas Informativas | RIOSA\",\"isPartOf\":{\"@id\":\"https:\/\/www.riosa.com\/he\/#website\"},\"primaryImageOfPage\":{\"@id\":\"https:\/\/www.riosa.com\/sl\/dokumentacijo\/informativni-listi\/#primaryimage\"},\"image\":{\"@id\":\"https:\/\/www.riosa.com\/sl\/dokumentacijo\/informativni-listi\/#primaryimage\"},\"thumbnailUrl\":\"https:\/\/www.riosa.com\/wp-content\/uploads\/2019\/04\/hp20050101-thumb.png\",\"datePublished\":\"2019-04-26T18:01:00+00:00\",\"dateModified\":\"2021-10-04T15:31:16+00:00\",\"breadcrumb\":{\"@id\":\"https:\/\/www.riosa.com\/sl\/dokumentacijo\/informativni-listi\/#breadcrumb\"},\"inLanguage\":\"it-IT\",\"potentialAction\":[{\"@type\":\"ReadAction\",\"target\":[\"https:\/\/www.riosa.com\/sl\/dokumentacijo\/informativni-listi\/\"]}]},{\"@type\":\"ImageObject\",\"inLanguage\":\"it-IT\",\"@id\":\"https:\/\/www.riosa.com\/sl\/dokumentacijo\/informativni-listi\/#primaryimage\",\"url\":\"https:\/\/www.riosa.com\/wp-content\/uploads\/2019\/04\/hp20050101-thumb.png\",\"contentUrl\":\"https:\/\/www.riosa.com\/wp-content\/uploads\/2019\/04\/hp20050101-thumb.png\"},{\"@type\":\"BreadcrumbList\",\"@id\":\"https:\/\/www.riosa.com\/sl\/dokumentacijo\/informativni-listi\/#breadcrumb\",\"itemListElement\":[{\"@type\":\"ListItem\",\"position\":1,\"name\":\"Inicio\",\"item\":\"https:\/\/www.riosa.com\/\"},{\"@type\":\"ListItem\",\"position\":2,\"name\":\"Documentaci\u00f3n\",\"item\":\"https:\/\/www.riosa.com\/sl\/dokumentacijo\/\"},{\"@type\":\"ListItem\",\"position\":3,\"name\":\"Hojas Informativas\"}]},{\"@type\":\"WebSite\",\"@id\":\"https:\/\/www.riosa.com\/he\/#website\",\"url\":\"https:\/\/www.riosa.com\/he\/\",\"name\":\"RIOSA\",\"description\":\"ACEITES GRASAS Y OLE\u00cdNAS para alimentaci\u00f3n animal\",\"publisher\":{\"@id\":\"https:\/\/www.riosa.com\/he\/#organization\"},\"potentialAction\":[{\"@type\":\"SearchAction\",\"target\":{\"@type\":\"EntryPoint\",\"urlTemplate\":\"https:\/\/www.riosa.com\/he\/?s={search_term_string}\"},\"query-input\":\"required name=search_term_string\"}],\"inLanguage\":\"it-IT\"},{\"@type\":\"Organization\",\"@id\":\"https:\/\/www.riosa.com\/he\/#organization\",\"name\":\"RIOSA - Refinaci\u00f3n Industrial Oleicola S.A.\",\"url\":\"https:\/\/www.riosa.com\/he\/\",\"logo\":{\"@type\":\"ImageObject\",\"inLanguage\":\"it-IT\",\"@id\":\"https:\/\/www.riosa.com\/he\/#\/schema\/logo\/image\/\",\"url\":\"https:\/\/staging.riosa.com\/wp-content\/uploads\/2019\/04\/Logo-Riosa-250.jpg\",\"contentUrl\":\"https:\/\/staging.riosa.com\/wp-content\/uploads\/2019\/04\/Logo-Riosa-250.jpg\",\"width\":250,\"height\":271,\"caption\":\"RIOSA - Refinaci\u00f3n Industrial Oleicola S.A.\"},\"image\":{\"@id\":\"https:\/\/www.riosa.com\/he\/#\/schema\/logo\/image\/\"}}]}<\/script>\n<!-- \/ Yoast SEO plugin. -->","yoast_head_json":{"title":"Schede informative | RIOSA","robots":{"index":"index","follow":"follow","max-snippet":"max-snippet:-1","max-image-preview":"max-image-preview:large","max-video-preview":"max-video-preview:-1"},"canonical":"https:\/\/www.riosa.com\/it\/sl\/dokumentacijo\/informativni-listi\/","og_locale":"it_IT","og_type":"article","og_title":"Hojas Informativas | RIOSA","og_description":"Archivo de hojas informativas de RIOSA 2000 - 2006 Es este archivo podr\u00e1 encontrar nuestras famosas Hojas Informativas, o como a nosotros nos gusta llamarlas, Hojas Parroquiales. Creadas por nuestro fundador Benjam\u00edn Espuny, nuestras Hojas Parroquiales eran un compendio de ingenio, creatividad, curiosidad e inteligencia. Comenzaron como unas publicaciones de car\u00e1cter mensual para difundir los precios de nuestros productos, pero ... Read More","og_url":"https:\/\/www.riosa.com\/it\/sl\/dokumentacijo\/informativni-listi\/","og_site_name":"RIOSA","article_modified_time":"2021-10-04T15:31:16+00:00","og_image":[{"url":"https:\/\/www.riosa.com\/wp-content\/uploads\/2019\/04\/hp20050101-thumb.png"}],"twitter_card":"summary_large_image","twitter_misc":{"Tempo di lettura stimato":"7 minuti"},"schema":{"@context":"https:\/\/schema.org","@graph":[{"@type":"WebPage","@id":"https:\/\/www.riosa.com\/sl\/dokumentacijo\/informativni-listi\/","url":"https:\/\/www.riosa.com\/sl\/dokumentacijo\/informativni-listi\/","name":"Schede informative | RIOSA","isPartOf":{"@id":"https:\/\/www.riosa.com\/he\/#website"},"primaryImageOfPage":{"@id":"https:\/\/www.riosa.com\/sl\/dokumentacijo\/informativni-listi\/#primaryimage"},"image":{"@id":"https:\/\/www.riosa.com\/sl\/dokumentacijo\/informativni-listi\/#primaryimage"},"thumbnailUrl":"https:\/\/www.riosa.com\/wp-content\/uploads\/2019\/04\/hp20050101-thumb.png","datePublished":"2019-04-26T18:01:00+00:00","dateModified":"2021-10-04T15:31:16+00:00","breadcrumb":{"@id":"https:\/\/www.riosa.com\/sl\/dokumentacijo\/informativni-listi\/#breadcrumb"},"inLanguage":"it-IT","potentialAction":[{"@type":"ReadAction","target":["https:\/\/www.riosa.com\/sl\/dokumentacijo\/informativni-listi\/"]}]},{"@type":"ImageObject","inLanguage":"it-IT","@id":"https:\/\/www.riosa.com\/sl\/dokumentacijo\/informativni-listi\/#primaryimage","url":"https:\/\/www.riosa.com\/wp-content\/uploads\/2019\/04\/hp20050101-thumb.png","contentUrl":"https:\/\/www.riosa.com\/wp-content\/uploads\/2019\/04\/hp20050101-thumb.png"},{"@type":"BreadcrumbList","@id":"https:\/\/www.riosa.com\/sl\/dokumentacijo\/informativni-listi\/#breadcrumb","itemListElement":[{"@type":"ListItem","position":1,"name":"Inicio","item":"https:\/\/www.riosa.com\/"},{"@type":"ListItem","position":2,"name":"Documentaci\u00f3n","item":"https:\/\/www.riosa.com\/sl\/dokumentacijo\/"},{"@type":"ListItem","position":3,"name":"Hojas Informativas"}]},{"@type":"WebSite","@id":"https:\/\/www.riosa.com\/he\/#website","url":"https:\/\/www.riosa.com\/he\/","name":"RIOSA","description":"GRASSI E OLEINE OLI per alimentazione animale","publisher":{"@id":"https:\/\/www.riosa.com\/he\/#organization"},"potentialAction":[{"@type":"SearchAction","target":{"@type":"EntryPoint","urlTemplate":"https:\/\/www.riosa.com\/he\/?s={search_term_string}"},"query-input":"required name=search_term_string"}],"inLanguage":"it-IT"},{"@type":"Organization","@id":"https:\/\/www.riosa.com\/he\/#organization","name":"RIOSA - Refinaci\u00f3n Industrial Ole\u00edcola S.A.","url":"https:\/\/www.riosa.com\/he\/","logo":{"@type":"ImageObject","inLanguage":"it-IT","@id":"https:\/\/www.riosa.com\/he\/#\/schema\/logo\/image\/","url":"https:\/\/staging.riosa.com\/wp-content\/uploads\/2019\/04\/Logo-Riosa-250.jpg","contentUrl":"https:\/\/staging.riosa.com\/wp-content\/uploads\/2019\/04\/Logo-Riosa-250.jpg","width":250,"height":271,"caption":"RIOSA - Refinaci\u00f3n Industrial Oleicola S.A."},"image":{"@id":"https:\/\/www.riosa.com\/he\/#\/schema\/logo\/image\/"}}]}},"_links":{"self":[{"href":"https:\/\/www.riosa.com\/it\/wp-json\/wp\/v2\/pages\/1015"}],"collection":[{"href":"https:\/\/www.riosa.com\/it\/wp-json\/wp\/v2\/pages"}],"about":[{"href":"https:\/\/www.riosa.com\/it\/wp-json\/wp\/v2\/types\/page"}],"author":[{"embeddable":true,"href":"https:\/\/www.riosa.com\/it\/wp-json\/wp\/v2\/users\/1"}],"replies":[{"embeddable":true,"href":"https:\/\/www.riosa.com\/it\/wp-json\/wp\/v2\/comments?post=1015"}],"version-history":[{"count":29,"href":"https:\/\/www.riosa.com\/it\/wp-json\/wp\/v2\/pages\/1015\/revisions"}],"predecessor-version":[{"id":1680,"href":"https:\/\/www.riosa.com\/it\/wp-json\/wp\/v2\/pages\/1015\/revisions\/1680"}],"up":[{"embeddable":true,"href":"https:\/\/www.riosa.com\/it\/wp-json\/wp\/v2\/pages\/900"}],"wp:attachment":[{"href":"https:\/\/www.riosa.com\/it\/wp-json\/wp\/v2\/media?parent=1015"}],"curies":[{"name":"parola chiave","href":"https:\/\/api.w.org\/{rel}","templated":true}]}}