{"id":96,"date":"2019-03-16T21:23:05","date_gmt":"2019-03-16T20:23:05","guid":{"rendered":"https:\/\/www.riosa.com\/?page_id=96"},"modified":"2023-03-03T04:17:04","modified_gmt":"2023-03-03T03:17:04","slug":"inicio","status":"publish","type":"page","link":"https:\/\/www.riosa.com\/fr\/","title":{"rendered":"D\u00e9but"},"content":{"rendered":"<div id=\"cs-content\" class=\"cs-content\"><\/div>","protected":false},"excerpt":{"rendered":"<p>D\u00e9di\u00e9e \u00e0 la nutrition animale, RIOSA, fond\u00e9e en 1965, est une entreprise qui produit et commercialise des ol\u00e9ines, des graisses et des huiles v\u00e9g\u00e9tales, principalement destin\u00e9es aux industries de l&#039;alimentation animale et de l&#039;\u00e9levage. Nous fabriquons des produits lipidiques tels que des ol\u00e9ines, des graisses et des huiles d&#039;origine exclusivement v\u00e9g\u00e9tale, en respectant non seulement toutes les exigences sanitaires et r\u00e9glementaires, mais \u00e9galement en recherchant\u2026 <\/p>\n<div><a href=\"https:\/\/www.riosa.com\/fr\/nextgenerationeu-aide-a-linstallation-photovoltaique-en-autoconsommation\/\" class=\"more-link\">En savoir plus<\/a><\/div>","protected":false},"author":1,"featured_media":0,"parent":0,"menu_order":0,"comment_status":"closed","ping_status":"closed","template":"template-layout-full-width.php","meta":{"footnotes":""},"yoast_head":"<!-- This site is optimized with the Yoast SEO plugin v22.6 - https:\/\/yoast.com\/wordpress\/plugins\/seo\/ -->\n<title>RIOSA - ACEITES GRASAS Y OLEINAS para alimentaci\u00f3n animal<\/title>\n<meta name=\"description\" content=\"Aceites grasas y ole\u00ednas vegetales para alimentaci\u00f3n animal, jaboner\u00eda e industria qu\u00edmica. Certificados de calidad GMP+, ISO 22000 e ISCC.\" \/>\n<meta name=\"robots\" content=\"index, follow, max-snippet:-1, max-image-preview:large, max-video-preview:-1\" \/>\n<link rel=\"canonical\" href=\"https:\/\/www.riosa.com\/fr\/\" \/>\n<meta property=\"og:locale\" content=\"fr_FR\" \/>\n<meta property=\"og:type\" content=\"article\" \/>\n<meta property=\"og:title\" content=\"RIOSA - ACEITES GRASAS Y OLEINAS para alimentaci\u00f3n animal\" \/>\n<meta property=\"og:description\" content=\"Aceites grasas y ole\u00ednas vegetales para alimentaci\u00f3n animal, jaboner\u00eda e industria qu\u00edmica. Certificados de calidad GMP+, ISO 22000 e ISCC.\" \/>\n<meta property=\"og:url\" content=\"https:\/\/www.riosa.com\/fr\/\" \/>\n<meta property=\"og:site_name\" content=\"RIOSA\" \/>\n<meta property=\"article:modified_time\" content=\"2023-03-03T03:17:04+00:00\" \/>\n<meta property=\"og:image\" content=\"https:\/\/www.riosa.com\/wp-content\/uploads\/2023\/03\/cerdo_iberico.webp\" \/>\n<meta name=\"twitter:card\" content=\"summary_large_image\" \/>\n<meta name=\"twitter:label1\" content=\"Dur\u00e9e de lecture estim\u00e9e\" \/>\n\t<meta name=\"twitter:data1\" content=\"5 minutes\" \/>\n<script type=\"application\/ld+json\" class=\"yoast-schema-graph\">{\"@context\":\"https:\/\/schema.org\",\"@graph\":[{\"@type\":\"WebPage\",\"@id\":\"https:\/\/www.riosa.com\/\",\"url\":\"https:\/\/www.riosa.com\/\",\"name\":\"RIOSA - ACEITES GRASAS Y OLEINAS para alimentaci\u00f3n animal\",\"isPartOf\":{\"@id\":\"https:\/\/www.riosa.com\/he\/#website\"},\"primaryImageOfPage\":{\"@id\":\"https:\/\/www.riosa.com\/#primaryimage\"},\"image\":{\"@id\":\"https:\/\/www.riosa.com\/#primaryimage\"},\"thumbnailUrl\":\"https:\/\/www.riosa.com\/wp-content\/uploads\/2023\/03\/cerdo_iberico.webp\",\"datePublished\":\"2019-03-16T20:23:05+00:00\",\"dateModified\":\"2023-03-03T03:17:04+00:00\",\"description\":\"Aceites grasas y ole\u00ednas vegetales para alimentaci\u00f3n animal, jaboner\u00eda e industria qu\u00edmica. Certificados de calidad GMP+, ISO 22000 e ISCC.\",\"breadcrumb\":{\"@id\":\"https:\/\/www.riosa.com\/#breadcrumb\"},\"inLanguage\":\"fr-FR\",\"potentialAction\":[{\"@type\":\"ReadAction\",\"target\":[\"https:\/\/www.riosa.com\/\"]}]},{\"@type\":\"ImageObject\",\"inLanguage\":\"fr-FR\",\"@id\":\"https:\/\/www.riosa.com\/#primaryimage\",\"url\":\"https:\/\/www.riosa.com\/wp-content\/uploads\/2023\/03\/cerdo_iberico.webp\",\"contentUrl\":\"https:\/\/www.riosa.com\/wp-content\/uploads\/2023\/03\/cerdo_iberico.webp\"},{\"@type\":\"BreadcrumbList\",\"@id\":\"https:\/\/www.riosa.com\/#breadcrumb\",\"itemListElement\":[{\"@type\":\"ListItem\",\"position\":1,\"name\":\"Inicio\",\"item\":\"https:\/\/www.riosa.com\/\"},{\"@type\":\"ListItem\",\"position\":2,\"name\":\"Inicio\"}]},{\"@type\":\"WebSite\",\"@id\":\"https:\/\/www.riosa.com\/he\/#website\",\"url\":\"https:\/\/www.riosa.com\/he\/\",\"name\":\"RIOSA\",\"description\":\"ACEITES GRASAS Y OLE\u00cdNAS para alimentaci\u00f3n animal\",\"publisher\":{\"@id\":\"https:\/\/www.riosa.com\/he\/#organization\"},\"potentialAction\":[{\"@type\":\"SearchAction\",\"target\":{\"@type\":\"EntryPoint\",\"urlTemplate\":\"https:\/\/www.riosa.com\/he\/?s={search_term_string}\"},\"query-input\":\"required name=search_term_string\"}],\"inLanguage\":\"fr-FR\"},{\"@type\":\"Organization\",\"@id\":\"https:\/\/www.riosa.com\/he\/#organization\",\"name\":\"RIOSA - Refinaci\u00f3n Industrial Oleicola S.A.\",\"url\":\"https:\/\/www.riosa.com\/he\/\",\"logo\":{\"@type\":\"ImageObject\",\"inLanguage\":\"fr-FR\",\"@id\":\"https:\/\/www.riosa.com\/he\/#\/schema\/logo\/image\/\",\"url\":\"https:\/\/staging.riosa.com\/wp-content\/uploads\/2019\/04\/Logo-Riosa-250.jpg\",\"contentUrl\":\"https:\/\/staging.riosa.com\/wp-content\/uploads\/2019\/04\/Logo-Riosa-250.jpg\",\"width\":250,\"height\":271,\"caption\":\"RIOSA - Refinaci\u00f3n Industrial Oleicola S.A.\"},\"image\":{\"@id\":\"https:\/\/www.riosa.com\/he\/#\/schema\/logo\/image\/\"}}]}<\/script>\n<!-- \/ Yoast SEO plugin. -->","yoast_head_json":{"title":"RIOSA - HUILES GRASSES ET OL\u00c9INES pour l&#039;alimentation animale","description":"Huiles grasses et ol\u00e9ines v\u00e9g\u00e9tales pour l&#039;alimentation animale, la savonnerie et l&#039;industrie chimique. Certificats de qualit\u00e9 GMP+, ISO 22000 et ISCC.","robots":{"index":"index","follow":"follow","max-snippet":"max-snippet:-1","max-image-preview":"max-image-preview:large","max-video-preview":"max-video-preview:-1"},"canonical":"https:\/\/www.riosa.com\/fr\/","og_locale":"fr_FR","og_type":"article","og_title":"RIOSA - ACEITES GRASAS Y OLEINAS para alimentaci\u00f3n animal","og_description":"Aceites grasas y ole\u00ednas vegetales para alimentaci\u00f3n animal, jaboner\u00eda e industria qu\u00edmica. Certificados de calidad GMP+, ISO 22000 e ISCC.","og_url":"https:\/\/www.riosa.com\/fr\/","og_site_name":"RIOSA","article_modified_time":"2023-03-03T03:17:04+00:00","og_image":[{"url":"https:\/\/www.riosa.com\/wp-content\/uploads\/2023\/03\/cerdo_iberico.webp"}],"twitter_card":"summary_large_image","twitter_misc":{"Dur\u00e9e de lecture estim\u00e9e":"5 minutes"},"schema":{"@context":"https:\/\/schema.org","@graph":[{"@type":"WebPage","@id":"https:\/\/www.riosa.com\/","url":"https:\/\/www.riosa.com\/","name":"RIOSA - HUILES GRASSES ET OL\u00c9INES pour l&#039;alimentation animale","isPartOf":{"@id":"https:\/\/www.riosa.com\/he\/#website"},"primaryImageOfPage":{"@id":"https:\/\/www.riosa.com\/#primaryimage"},"image":{"@id":"https:\/\/www.riosa.com\/#primaryimage"},"thumbnailUrl":"https:\/\/www.riosa.com\/wp-content\/uploads\/2023\/03\/cerdo_iberico.webp","datePublished":"2019-03-16T20:23:05+00:00","dateModified":"2023-03-03T03:17:04+00:00","description":"Huiles grasses et ol\u00e9ines v\u00e9g\u00e9tales pour l&#039;alimentation animale, la savonnerie et l&#039;industrie chimique. Certificats de qualit\u00e9 GMP+, ISO 22000 et ISCC.","breadcrumb":{"@id":"https:\/\/www.riosa.com\/#breadcrumb"},"inLanguage":"fr-FR","potentialAction":[{"@type":"ReadAction","target":["https:\/\/www.riosa.com\/"]}]},{"@type":"ImageObject","inLanguage":"fr-FR","@id":"https:\/\/www.riosa.com\/#primaryimage","url":"https:\/\/www.riosa.com\/wp-content\/uploads\/2023\/03\/cerdo_iberico.webp","contentUrl":"https:\/\/www.riosa.com\/wp-content\/uploads\/2023\/03\/cerdo_iberico.webp"},{"@type":"BreadcrumbList","@id":"https:\/\/www.riosa.com\/#breadcrumb","itemListElement":[{"@type":"ListItem","position":1,"name":"Inicio","item":"https:\/\/www.riosa.com\/"},{"@type":"ListItem","position":2,"name":"Inicio"}]},{"@type":"WebSite","@id":"https:\/\/www.riosa.com\/he\/#website","url":"https:\/\/www.riosa.com\/he\/","name":"RIOSA","description":"GRAISSES ET HUILES OL\u00c9INES pour l&#039;alimentation animale","publisher":{"@id":"https:\/\/www.riosa.com\/he\/#organization"},"potentialAction":[{"@type":"SearchAction","target":{"@type":"EntryPoint","urlTemplate":"https:\/\/www.riosa.com\/he\/?s={search_term_string}"},"query-input":"required name=search_term_string"}],"inLanguage":"fr-FR"},{"@type":"Organization","@id":"https:\/\/www.riosa.com\/he\/#organization","name":"RIOSA - Raffinage Industriel Oleicola SA","url":"https:\/\/www.riosa.com\/he\/","logo":{"@type":"ImageObject","inLanguage":"fr-FR","@id":"https:\/\/www.riosa.com\/he\/#\/schema\/logo\/image\/","url":"https:\/\/staging.riosa.com\/wp-content\/uploads\/2019\/04\/Logo-Riosa-250.jpg","contentUrl":"https:\/\/staging.riosa.com\/wp-content\/uploads\/2019\/04\/Logo-Riosa-250.jpg","width":250,"height":271,"caption":"RIOSA - Refinaci\u00f3n Industrial Oleicola S.A."},"image":{"@id":"https:\/\/www.riosa.com\/he\/#\/schema\/logo\/image\/"}}]}},"jetpack_sharing_enabled":true,"_links":{"self":[{"href":"https:\/\/www.riosa.com\/fr\/wp-json\/wp\/v2\/pages\/96"}],"collection":[{"href":"https:\/\/www.riosa.com\/fr\/wp-json\/wp\/v2\/pages"}],"about":[{"href":"https:\/\/www.riosa.com\/fr\/wp-json\/wp\/v2\/types\/page"}],"author":[{"embeddable":true,"href":"https:\/\/www.riosa.com\/fr\/wp-json\/wp\/v2\/users\/1"}],"replies":[{"embeddable":true,"href":"https:\/\/www.riosa.com\/fr\/wp-json\/wp\/v2\/comments?post=96"}],"version-history":[{"count":26,"href":"https:\/\/www.riosa.com\/fr\/wp-json\/wp\/v2\/pages\/96\/revisions"}],"predecessor-version":[{"id":2175,"href":"https:\/\/www.riosa.com\/fr\/wp-json\/wp\/v2\/pages\/96\/revisions\/2175"}],"wp:attachment":[{"href":"https:\/\/www.riosa.com\/fr\/wp-json\/wp\/v2\/media?parent=96"}],"curies":[{"name":"wp","href":"https:\/\/api.w.org\/{rel}","templated":true}]}}