{"id":95,"date":"2019-03-16T21:28:36","date_gmt":"2019-03-16T20:28:36","guid":{"rendered":"https:\/\/www.riosa.com\/?page_id=95"},"modified":"2026-04-25T19:10:46","modified_gmt":"2026-04-25T18:10:46","slug":"empresa","status":"publish","type":"page","link":"https:\/\/www.riosa.com\/fr\/a-propos-de-nous\/","title":{"rendered":"\u00c0 propos de nous"},"content":{"rendered":"<div id=\"cs-content\" class=\"cs-content\"><div class=\"x-section e95-e1 m2n-0 m2n-1\"><div class=\"x-container max width e95-e2 m2n-3 m2n-4\"><div class=\"x-column x-sm x-1-1 e95-e3 m2n-b m2n-c\"><div class=\"x-text x-text-headline e95-e4 m2n-e m2n-f m2n-g m2n-h\"><div class=\"x-text-content\"><div class=\"x-text-content-text\"><h1 class=\"x-text-content-text-primary\">\u00c0 propos de nous<\/h1>\n<\/div><\/div><\/div><hr class=\"x-line e95-e5 m2n-l\"\/><\/div><\/div><div class=\"x-container max width e95-e6 m2n-3 m2n-4\"><div class=\"x-column x-sm x-2-3 e95-e7 m2n-b m2n-c\"><div class=\"cs-content x-global-block x-global-block-333 e95-e8\"><div class=\"x-section e333-e2 m99-0\"><div class=\"x-container max width e333-e3 m99-1\"><div class=\"x-column x-sm x-1-1 e333-e4 m99-2\"><div class=\"x-text x-content e333-e5 m99-3\"><img decoding=\"async\" src=\"https:\/\/www.riosa.com\/wp-content\/uploads\/2019\/03\/riosa_titulo_trans.png\" alt=\"RIOSA\" width=\"200\">\n<br>\n<strong>Raffinage Industriel Ole\u00edcola SA<\/strong>\n<br><br>\n<a onclick=\"return gtag_report_conversion('tel:+34953692000')\"; href=\"\/fr\/t\u00e9l\u00e9phone: 34953692000\/\"><img decoding=\"async\" src=\"https:\/\/www.riosa.com\/wp-content\/uploads\/2019\/03\/phone-classic.png\" alt=\"T\u00e9l\u00e9phone\" width=\"25\"> (+34) 953692000<\/a>\n<br>\n<a href=\"mailto:riosa@riosa.com\"><img decoding=\"async\" src=\"https:\/\/www.riosa.com\/wp-content\/uploads\/2019\/03\/email.png\" alt=\"e-mail\" width=\"25\"> riosa@riosa.com<\/a>&nbsp;\n<br>\n<a href=\"https:\/\/api.whatsapp.com\/send?phone=+34678692001&amp;text=Bonjour, j&#039;ai besoin de plus d&#039;informations\u00a0!\"><img decoding=\"async\" src=\"\/wp-content\/uploads\/2023\/02\/whatsapp-bw.png\" width=\"25\"> Messg Whatsapp<\/a>\n<br>\n<a href=\"https:\/\/t.me\/+34678692001\"><img decoding=\"async\" src=\"https:\/\/www.riosa.com\/wp-content\/uploads\/2023\/03\/telegram-bw-1.png\" width=\"25\"> Message de t\u00e9l\u00e9gramme &nbsp;<\/a>\n<br>\n<br>\n<a href=\"https:\/\/www.google.com\/maps\/place\/RIOSA+-+Refinaci\u00f3n+Industrial+Ole\u00edcola+SA\/@38.070372,-3.5852287,17z\/data=!3m1!4b1!4m5!3m4!1s0xd6e858a55a98acb:0xa422f967ef41e083!8m2! 3d38.070372!4d-3.58304\"  target=\"_blank\">\nBarriada del Puente s\/n<br>\n23490 E. Linares Baeza<br>\nESPAGNE<\/a><br>\n<br>\n<a href=\"\/fr\/formulario-de-contacto\/\"><strong>CONTACTEZ-NOUS<\/strong><\/a>\n<br>\n<br>\n  <center><div class=\"cs-content x-global-block x-global-block-36578 e36578-e0\"><div class=\"x-section e36578-e2 ms82-0\"><div class=\"x-row x-container max width e36578-e3 ms82-1 ms82-2\"><div class=\"x-row-inner\"><div class=\"x-col e36578-e4 ms82-3\"><div class=\"x-text x-content e36578-e5 ms82-4\">\n <div class=\"riosa-social\" aria-label=\"Suivez-nous\">\n  \n    <a href=\"https:\/\/x.com\/RIOSA_hec\"\n       target=\"_blank\" rel=\"noopener noreferrer me\"\n       aria-label=\"RIOSA dans X\" title=\"RIOSA dans X\">\n      <svg viewbox=\"0 0 24 24\" width=\"20\" height=\"20\" aria-hidden=\"true\">\n        <path d=\"M18.244 2.25h3.308l-7.227 8.26 8.502 11.24H16.17l-5.214-6.817L4.99 21.75H1.68l7.73-8.835L1.254 2.25H8.08l4.713 6.231zm-1.161 17.52h1.833L7.084   4.126H5.117z\"\/>\n      <\/svg>\n    <\/a>\n  \n    <a href=\"https:\/\/www.linkedin.com\/company\/riosa\"\n       target=\"_blank\" rel=\"noopener noreferrer me\"\n       aria-label=\"RIOSA sur LinkedIn\" title=\"RIOSA sur LinkedIn\">\n      <svg viewbox=\"0 0 24 24\" width=\"20\" height=\"20\" aria-hidden=\"true\">\n        <path d=\"M20.447 20.452h-3.554v-5.569c0-1.328-.027-3.037-1.852-3.037-1.853 0-2.136 1.445-2.136 2.939v5.667H9.351V9h3.414v1.561h.046c.477-.9 1.637-1.852   3.37-1.852 3.601 0 4.267 2.37 4.267 5.455v6.288zM5.337 7.433a2.062 2.062 0 01-2.063-2.065 2.063 2.063 0 112.063 2.065zm1.782   13.019H3.555V9h3.564v11.452zM22.225 0H1.771C.792 0 0 .774 0 1.729v20.542C0 23.227.792 24 1.771 24h20.451C23.2 24 24 23.227 24 22.271V1.729C24 .774 23.2 0   22.222 0h.003z\"\/>\n      <\/svg>\n    <\/a>\n  \n    <a href=\"https:\/\/www.instagram.com\/RIOSA_company\"\n       target=\"_blank\" rel=\"noopener noreferrer me\"\n       aria-label=\"RIOSA sur Instagram\" title=\"RIOSA sur Instagram\">\n      <svg viewbox=\"0 0 24 24\" width=\"20\" height=\"20\" aria-hidden=\"true\">\n        <path d=\"M12 2.163c3.204 0 3.584.012 4.85.07 3.252.148 4.771 1.691 4.919 4.919.058 1.265.069 1.645.069 4.849 0 3.205-.012 3.584-.069 4.849-.149   3.225-1.664 4.771-4.919 4.919-1.266.058-1.644.07-4.85.07-3.204 0-3.584-.012-4.849-.07-3.26-.149-4.771-1.699-4.919-4.92-.058-1.265-.07-1.644-.07-4.849   0-3.204.013-3.583.07-4.849.149-3.227 1.664-4.771 4.919-4.919 1.266-.057 1.645-.069 4.849-.069zM12 0C8.741 0 8.333.014 7.053.072 2.695.272.273 2.69.073   7.052.014 8.333 0 8.741 0 12c0 3.259.014 3.668.072 4.948.2 4.358 2.618 6.78 6.98 6.98C8.333 23.986 8.741 24 12 24c3.259 0 3.668-.014 4.948-.072 4.354-.2   6.782-2.618 6.979-6.98.059-1.28.073-1.689.073-4.948 0-3.259-.014-3.667-.072-4.947-.196-4.354-2.617-6.78-6.979-6.98C15.668.014 15.259 0 12 0zm0 5.838a6.162   6.162 0 100 12.324 6.162 6.162 0 000-12.324zM12 16a4 4 0 110-8 4 4 0 010 8zm6.406-11.845a1.44 1.44 0 100 2.881 1.44 1.44 0 000-2.881z\"\/>\n      <\/svg>\n    <\/a>\n  \n  <\/div><\/div><\/div><\/div><\/div><\/div><\/div><\/center><\/div><\/div><\/div><\/div><\/div><\/div><div class=\"x-column x-sm x-1-3 e95-e9 m2n-b\"><div class=\"x-widget-area e95-e10 m2n-m\">\n\t\t<div id=\"recent-posts-11\" class=\"widget widget_recent_entries\">\n\t\t<h4 class=\"h-widget\">Articles r\u00e9cents<\/h4>\n\t\t<ul>\n\t\t\t\t\t\t\t\t\t\t\t<li>\n\t\t\t\t\t<a href=\"https:\/\/www.riosa.com\/fr\/conflit-en-iran\/\">Conflit en Iran : une situation explosive qui menace l&#039;alimentation animale<\/a>\n\t\t\t\t\t\t\t\t\t<\/li>\n\t\t\t\t\t\t\t\t\t\t\t<li>\n\t\t\t\t\t<a href=\"https:\/\/www.riosa.com\/fr\/avis-de-convocation-a-lassemblee-generale-ordinaire-des-actionnaires-n-8-2\/\">Convocation \u00e0 l&#039;Assembl\u00e9e G\u00e9n\u00e9rale Ordinaire des actionnaires<\/a>\n\t\t\t\t\t\t\t\t\t<\/li>\n\t\t\t\t\t\t\t\t\t\t\t<li>\n\t\t\t\t\t<a href=\"https:\/\/www.riosa.com\/fr\/avis-de-convocation-a-lassemblee-generale-extraordinaire-des-actionnaires-4\/\">Convocation \u00e0 l&#039;Assembl\u00e9e G\u00e9n\u00e9rale Extraordinaire des actionnaires<\/a>\n\t\t\t\t\t\t\t\t\t<\/li>\n\t\t\t\t\t\t\t\t\t\t\t<li>\n\t\t\t\t\t<a href=\"https:\/\/www.riosa.com\/fr\/renouvellement-de-la-certification-de-durabilite-iscc-3\/\">Renouvellement de la certification de durabilit\u00e9 ISCC<\/a>\n\t\t\t\t\t\t\t\t\t<\/li>\n\t\t\t\t\t\t\t\t\t\t\t<li>\n\t\t\t\t\t<a href=\"https:\/\/www.riosa.com\/fr\/nextgenerationeu-aide-a-linstallation-photovoltaique-en-autoconsommation\/\">Aide de l&#039;UE NextGeneration pour les installations photovolta\u00efques d&#039;autoconsommation<\/a>\n\t\t\t\t\t\t\t\t\t<\/li>\n\t\t\t\t\t<\/ul>\n\n\t\t<\/div><\/div><hr class=\"x-line e95-e11 m2n-n m2n-o\"\/><\/div><\/div><div class=\"x-container max width e95-e12 m2n-3 m2n-5 m2n-6 m2n-7 m2n-8\"><div class=\"x-column x-sm x-2-3 e95-e13 m2n-b\"><div class=\"x-text x-content e95-e14 m2n-q m2n-r m2n-s m2n-t\"><div class=\"cs-content x-global-block x-global-block-344 e344-e0\"><div class=\"x-section e344-e1 m9k-0\"><div class=\"x-container max width e344-e2 m9k-1\"><div class=\"x-column x-sm x-1-1 e344-e3 m9k-2\"><div id=\"\" class=\"x-text\" style=\"\" ><p><strong>RIOSA<\/strong>, fond\u00e9 en <strong>1965<\/strong>, est une entreprise qui produit et commercialise <a href=\"https:\/\/www.riosa.com\/fr\/oleinas\/\"><strong>ol\u00e9ines, graisses et huiles v\u00e9g\u00e9tales<\/strong><\/a>, principalement pour l&#039;industrie de l&#039;alimentation animale et le secteur de l&#039;\u00e9levage.<\/p>\n<p>Nous fabriquons des produits <strong>lipides<\/strong> comme <a href=\"https:\/\/www.riosa.com\/fr\/oleinas\/\"><strong>ol\u00e9ines, graisses et huiles<\/strong><\/a> d&#039;origine exclusivement <strong>l\u00e9gume<\/strong>, non seulement en respectant toutes les exigences sanitaires et la l\u00e9gislation en vigueur, mais en cherchant \u00e9galement \u00e0 nous distinguer du reste des producteurs du march\u00e9 gr\u00e2ce \u00e0 notre <a href=\"\/fr\/calidad\/#certificaciones\"><strong>certificats de qualit\u00e9<\/strong><\/a>, ce qui nous impose un contr\u00f4le significativement plus strict de nos processus de production et de la qualit\u00e9 finale de nos produits.<\/p>\n<\/div><\/div><\/div><\/div><\/div><\/div><\/div><div class=\"x-column x-sm x-1-3 e95-e15 m2n-b\"><span class=\"x-image e95-e16 m2n-10 m2n-11\"><img src=\"https:\/\/www.riosa.com\/wp-content\/uploads\/2019\/03\/Logo-Riosa.jpg\" width=\"590\" height=\"639\" alt=\"image\" loading=\"lazy\"><\/span><\/div><\/div><div class=\"x-container max width e95-e17 m2n-3 m2n-4\"><div class=\"x-column x-sm x-1-1 e95-e18 m2n-b\"><hr class=\"x-line e95-e19 m2n-n m2n-o\"\/><\/div><\/div><div class=\"x-container max width e95-e20 m2n-3 m2n-5 m2n-6 m2n-7 m2n-8\"><div class=\"x-column x-sm x-2-3 e95-e21 m2n-b\"><span class=\"x-image e95-e22 m2n-10 m2n-12\"><img src=\"https:\/\/www.riosa.com\/wp-content\/uploads\/2019\/05\/riosa_aerea.png\" width=\"800\" height=\"800\" alt=\"Vue a\u00e9rienne de l&#039;usine RIOSA\" loading=\"lazy\"><\/span><\/div><div class=\"x-column x-sm x-1-3 e95-e23 m2n-b\"><div class=\"x-text x-content e95-e24 m2n-s m2n-t m2n-u m2n-v\">\n<p><\/p><p><\/p>\nNotre usine de fabrication est <a href=\"https:\/\/www.riosa.com\/fr\/contact\/\">trouve<\/a> Dans la ville de <a href=\"https:\/\/www.riosa.com\/fr\/contact\/\"><strong>livres<\/strong>, dans la province de <strong>Ja\u00e9n<\/strong><\/a>, au centre de la principale zone ol\u00e9icole d&#039;Espagne. L&#039;emplacement est une belle zone naturelle entour\u00e9e par la plaine de la rivi\u00e8re Guadalimar.  \n<br><br><br>\nL&#039;usine comprend 27 000 m\u00e8tres carr\u00e9s d&#039;installations de fabrication et de stockage. Actuellement, sa capacit\u00e9 de production est de 200 tonnes de lipides par jour, avec une capacit\u00e9 de stockage de 7 200 tonnes.<\/div><\/div><\/div><div class=\"x-container max width e95-e25 m2n-3 m2n-4\"><div class=\"x-column x-sm x-1-1 e95-e26 m2n-b\"><hr class=\"x-line e95-e27 m2n-n m2n-o\"\/><\/div><\/div><div class=\"x-container max width e95-e28 m2n-3 m2n-5 m2n-6 m2n-7 m2n-8\"><div class=\"x-column x-sm x-1-3 e95-e29 m2n-b\"><div class=\"x-text x-content e95-e30 m2n-r m2n-t m2n-v m2n-w m2n-x\">L&#039;une de nos valeurs les plus importantes est la recherche constante de <a href=\"\/fr\/calidad\/\"><strong>qualit\u00e9<\/strong><\/a>. Pour cela, nous disposons d&#039;un laboratoire de qualit\u00e9 et de R&amp;D avanc\u00e9 afin de soumettre nos produits \u00e0 des contr\u00f4les analytiques rigoureux, de d\u00e9velopper de nouvelles m\u00e9thodes de fabrication et o\u00f9 nous r\u00e9alisons des \u00e9tudes exhaustives des produits qui existent sur le march\u00e9. <\/div><\/div><div class=\"x-column x-sm x-2-3 e95-e31 m2n-b\"><span class=\"x-image e95-e32 m2n-10 m2n-12\"><img src=\"https:\/\/www.riosa.com\/wp-content\/uploads\/2019\/05\/laboratorio_oleinas.jpg\" width=\"800\" height=\"450\" alt=\"Laboratoire RIOSA\" loading=\"lazy\"><\/span><\/div><\/div><div class=\"x-container max width e95-e33 m2n-3 m2n-4\"><div class=\"x-column x-sm x-1-1 e95-e34 m2n-b\"><hr class=\"x-line e95-e35 m2n-n m2n-o\"\/><\/div><\/div><div class=\"x-container max width e95-e36 m2n-3 m2n-5 m2n-6 m2n-8 m2n-9\"><div class=\"x-column x-sm x-1-1 e95-e37 m2n-b\"><div class=\"x-text x-content e95-e38 m2n-t m2n-x m2n-y\">Nos principaux clients en volume de ventes sont les entreprises du secteur de l&#039;\u00e9levage et de la nutrition animale, telles que les usines d&#039;aliments pour animaux, les fermes, les \u00e9leveurs et les fabricants de correcteurs et d&#039;additifs. \n<br><br>\nNous avons aussi des clients dans le secteur du savon, notamment des marques qui cherchent \u00e0 fabriquer des savons artisanaux \u00e0 l&#039;ancienne de Marseille ou de Provence, pour lesquels nos produits sont particuli\u00e8rement adapt\u00e9s.\n<br><br>\nUn autre secteur que nous servons est l&#039;industrie chimique, ces entreprises qui ont besoin d&#039;une mati\u00e8re premi\u00e8re biologique, v\u00e9g\u00e9tale et \u00e9cologique comme base de fabrication de leurs produits.\n<br><br>\nNos clients sont nationaux et internationaux, principalement dans les pays membres de l&#039;Union Europ\u00e9enne.\n<br> <\/div><\/div><\/div><div class=\"x-container max width e95-e39 m2n-3 m2n-5 m2n-7 m2n-a\"><div class=\"x-column x-sm x-1-3 e95-e40 m2n-b\"><a class=\"x-image e95-e41 m2n-10 m2n-12\" href=\"https:\/\/www.riosa.com\/fr\/nutrition-animale\/\"><img src=\"https:\/\/www.riosa.com\/wp-content\/uploads\/2019\/03\/1200px-Cerdos_en_Montanera-e1554839114435.jpg\" width=\"600\" height=\"450\" alt=\"image\" loading=\"lazy\"><\/a><\/div><div class=\"x-column x-sm x-1-3 e95-e42 m2n-b\"><a class=\"x-image e95-e43 m2n-10 m2n-12\" href=\"https:\/\/www.riosa.com\/fr\/industrie-savonniere\/\"><img src=\"https:\/\/www.riosa.com\/wp-content\/uploads\/2019\/04\/jabon-de-marsella-1.jpg\" width=\"300\" height=\"225\" alt=\"image\" loading=\"lazy\"><\/a><\/div><div class=\"x-column x-sm x-1-3 e95-e44 m2n-b\"><a class=\"x-image e95-e45 m2n-10 m2n-12\" href=\"https:\/\/www.riosa.com\/fr\/industrie-chimique\/\"><img src=\"https:\/\/www.riosa.com\/wp-content\/uploads\/2019\/04\/qu\u00edmica-1.jpg\" width=\"300\" height=\"225\" alt=\"image\" loading=\"lazy\"><\/a><\/div><\/div><div class=\"x-container max width e95-e46 m2n-3 m2n-4\"><div class=\"x-column x-sm x-1-1 e95-e47 m2n-b\"><hr class=\"x-line e95-e48 m2n-n m2n-o\"\/><\/div><\/div><div class=\"x-container max width e95-e49 m2n-3 m2n-4 m2n-8\"><div class=\"x-column x-sm x-1-1 e95-e50 m2n-b m2n-c m2n-d\"><hr class=\"x-line e95-e51 m2n-o m2n-p\"\/><span class=\"x-image e95-e52 m2n-10 m2n-12\"><img src=\"https:\/\/www.riosa.com\/wp-content\/uploads\/2019\/03\/formlogo2.jpg\" width=\"92\" height=\"85\" alt=\"image\" loading=\"lazy\"><\/span><div class=\"x-text x-text-headline e95-e53 m2n-f m2n-g m2n-i m2n-j\"><div class=\"x-text-content\"><div class=\"x-text-content-text\"><h1 class=\"x-text-content-text-primary\"><a name=\"benjamin-espuny\"><\/a> \n<p><\/p>\nPremier logo de l&#039;entreprise.<br> ann\u00e9e 1965\n<br><\/h1>\n<\/div><\/div><\/div><\/div><\/div><div class=\"x-container max width e95-e54 m2n-3 m2n-4\"><div class=\"x-column x-sm x-1-1 e95-e55 m2n-b\"><hr class=\"x-line e95-e56 m2n-n m2n-o\"\/><\/div><\/div><div class=\"x-container max width e95-e57 m2n-3 m2n-5 m2n-6 m2n-7 m2n-8\"><div class=\"x-column x-sm x-1-3 e95-e58 m2n-b m2n-c\"><div class=\"x-text x-text-headline e95-e59 m2n-f m2n-h m2n-i m2n-k\"><div class=\"x-text-content\"><div class=\"x-text-content-text\"><h1 class=\"x-text-content-text-primary\">notre fondateur<\/h1>\n<\/div><\/div><\/div><span class=\"x-image e95-e60 m2n-10 m2n-13\"><img src=\"https:\/\/www.riosa.com\/wp-content\/uploads\/2026\/04\/benjamin_espuny.jpg\" width=\"832\" height=\"1280\" alt=\"Benjamin Espuny Solsona\" loading=\"lazy\"><\/span><\/div><div class=\"x-column x-sm x-2-3 e95-e61 m2n-b\"><div class=\"x-text x-content e95-e62 m2n-t m2n-z\"><p><\/p>\n<p>N\u00e9 en 1935, <strong>Benjamin Espuny Solsona<\/strong>, apr\u00e8s avoir obtenu son doctorat en g\u00e9nie industriel physico-chimique, il s&#039;installe en 1965 \u00e0 Ibros, dans le c\u0153ur ol\u00e9icole de la province de Ja\u00e9n, et fonde l&#039;entreprise RIOSA.<\/p>\n<p>Issu d&#039;une famille p\u00e9troli\u00e8re catalane implant\u00e9e en Andalousie depuis plusieurs g\u00e9n\u00e9rations, dont les premi\u00e8res usines \u00e0 huile remontaient \u00e0 son arri\u00e8re-grand-p\u00e8re \u00e0 l&#039;aube du XIXe si\u00e8cle, il avait appris d\u00e8s son plus jeune \u00e2ge le m\u00e9tier avec sa famille, grandissant dans une culture des hommes d&#039;affaires, entrepreneurs et industriels.<\/p>\n<p>D\u00e8s le premier instant, il d\u00e9veloppe des processus de production innovants, cherchant \u00e0 appliquer la technologie aux processus traditionnels qu&#039;il avait appris dans sa jeunesse.<\/p>\n<p>Il a alors commenc\u00e9 \u00e0 d\u00e9velopper des produits \u00e0 base d&#039;huile d&#039;olive pour l&#039;alimentation animale, un domaine encore inexplor\u00e9 \u00e0 l&#039;\u00e9poque. Ainsi, il a commenc\u00e9 \u00e0 cr\u00e9er une ligne de produits lipidiques, appliqu\u00e9e \u00e0 la nutrition animale, qui conna\u00eet depuis un \u00e9norme succ\u00e8s dans le secteur, principalement en raison de sa recherche constante de la meilleure qualit\u00e9 et de l&#039;adaptation du produit aux caract\u00e9ristiques biologiques de chaque animal. .type de b\u00e9tail.<\/p>\n<p>Au cours de sa carri\u00e8re \u00e0 la t\u00eate de RIOSA, il a publi\u00e9 de nombreux articles dans des revues d&#039;\u00e9levage et de recherche sur l&#039;application des lipides \u00e0 la nutrition animale, faisant de lui un scientifique reconnu dans le secteur.<\/p>\n<p>Benjamin est d\u00e9c\u00e9d\u00e9 en 2006, travaillant jusqu&#039;\u00e0 la veille comme c&#039;\u00e9tait la coutume dans sa famille, mais ses enfants continuent son travail en suivant le chemin et les directives qu&#039;il s&#039;est fix\u00e9s.<\/p>\n<p><\/p><\/div><\/div><\/div><\/div><div class=\"x-section e95-e63 m2n-0 m2n-2\"><div class=\"x-container max width e95-e64 m2n-3 m2n-4\"><div class=\"x-column x-sm x-1-1 e95-e65 m2n-b\"><div class=\"cs-content x-global-block x-global-block-542 e95-e66\"><div class=\"x-section e542-e1 mf2-0\"><div class=\"x-container e542-e2 mf2-1\"><div class=\"x-column x-sm x-1-1 e542-e3 mf2-2\"><div class=\"x-text x-text-headline e542-e4 mf2-3\"><div class=\"x-text-content\"><div class=\"x-text-content-text\"><h4 class=\"x-text-content-text-primary\">Nous prenons des niveaux de qualit\u00e9 l\u00e0 o\u00f9 d&#039;autres ne peuvent pas atteindre<\/h4>\n<\/div><\/div><\/div><\/div><\/div><\/div><\/div><\/div><\/div><\/div><\/div>","protected":false},"excerpt":{"rendered":"<p>Sobre nosotros Refinaci\u00f3n Industrial Ole\u00edcola S.A. (+34) 953692000 riosa@riosa.com&nbsp; WhatsApp Messg Telegram Messg &nbsp; Barriada del Puente s\/n 23490 E. Linares Baeza ESPA\u00d1A CONTACTAR CON NOSOTROS Articles r\u00e9cents Conflicto en Ir\u00e1n: La Tormenta Perfecta que Amenaza la Alimentaci\u00f3n Animal Convocatoria de la Junta General Ordinaria de Accionistas Convocatoria de la Junta General Extraordinaria de Accionistas Renovaci\u00f3n de la certificaci\u00f3n de &#8230; <\/p>\n<div><a href=\"https:\/\/www.riosa.com\/fr\/a-propos-de-nous\/\" class=\"more-link\">En savoir plus<\/a><\/div>","protected":false},"author":1,"featured_media":0,"parent":0,"menu_order":0,"comment_status":"closed","ping_status":"closed","template":"template-layout-full-width.php","meta":{"footnotes":""},"yoast_head":"<!-- This site is optimized with the Yoast SEO plugin v22.6 - https:\/\/yoast.com\/wordpress\/plugins\/seo\/ -->\n<title>Sobre Nosotros | RIOSA<\/title>\n<meta name=\"description\" content=\"Una introducci\u00f3n sobre nuestra empresa, qui\u00e9nes somos y qu\u00e9 hacemos, incluido un breve resumen de nuestra historia y la de nuestro fundador Benjam\u00edn Espuny\" \/>\n<meta name=\"robots\" content=\"index, follow, max-snippet:-1, max-image-preview:large, max-video-preview:-1\" \/>\n<link rel=\"canonical\" href=\"https:\/\/www.riosa.com\/fr\/a-propos-de-nous\/\" \/>\n<meta property=\"og:locale\" content=\"fr_FR\" \/>\n<meta property=\"og:type\" content=\"article\" \/>\n<meta property=\"og:title\" content=\"Sobre Nosotros | RIOSA\" \/>\n<meta property=\"og:description\" content=\"Una introducci\u00f3n sobre nuestra empresa, qui\u00e9nes somos y qu\u00e9 hacemos, incluido un breve resumen de nuestra historia y la de nuestro fundador Benjam\u00edn Espuny\" \/>\n<meta property=\"og:url\" content=\"https:\/\/www.riosa.com\/fr\/a-propos-de-nous\/\" \/>\n<meta property=\"og:site_name\" content=\"RIOSA\" \/>\n<meta property=\"article:modified_time\" content=\"2026-04-25T18:10:46+00:00\" \/>\n<meta name=\"twitter:card\" content=\"summary_large_image\" \/>\n<meta name=\"twitter:label1\" content=\"Dur\u00e9e de lecture estim\u00e9e\" \/>\n\t<meta name=\"twitter:data1\" content=\"5 minutes\" \/>\n<script type=\"application\/ld+json\" class=\"yoast-schema-graph\">{\"@context\":\"https:\/\/schema.org\",\"@graph\":[{\"@type\":\"WebPage\",\"@id\":\"https:\/\/www.riosa.com\/empresa\/\",\"url\":\"https:\/\/www.riosa.com\/empresa\/\",\"name\":\"Sobre Nosotros | RIOSA\",\"isPartOf\":{\"@id\":\"https:\/\/www.riosa.com\/he\/#website\"},\"datePublished\":\"2019-03-16T20:28:36+00:00\",\"dateModified\":\"2026-04-25T18:10:46+00:00\",\"description\":\"Una introducci\u00f3n sobre nuestra empresa, qui\u00e9nes somos y qu\u00e9 hacemos, incluido un breve resumen de nuestra historia y la de nuestro fundador Benjam\u00edn Espuny\",\"breadcrumb\":{\"@id\":\"https:\/\/www.riosa.com\/empresa\/#breadcrumb\"},\"inLanguage\":\"fr-FR\",\"potentialAction\":[{\"@type\":\"ReadAction\",\"target\":[\"https:\/\/www.riosa.com\/empresa\/\"]}]},{\"@type\":\"BreadcrumbList\",\"@id\":\"https:\/\/www.riosa.com\/empresa\/#breadcrumb\",\"itemListElement\":[{\"@type\":\"ListItem\",\"position\":1,\"name\":\"Inicio\",\"item\":\"https:\/\/www.riosa.com\/\"},{\"@type\":\"ListItem\",\"position\":2,\"name\":\"Sobre Nosotros\"}]},{\"@type\":\"WebSite\",\"@id\":\"https:\/\/www.riosa.com\/he\/#website\",\"url\":\"https:\/\/www.riosa.com\/he\/\",\"name\":\"RIOSA\",\"description\":\"ACEITES GRASAS Y OLE\u00cdNAS para alimentaci\u00f3n animal\",\"publisher\":{\"@id\":\"https:\/\/www.riosa.com\/he\/#organization\"},\"potentialAction\":[{\"@type\":\"SearchAction\",\"target\":{\"@type\":\"EntryPoint\",\"urlTemplate\":\"https:\/\/www.riosa.com\/he\/?s={search_term_string}\"},\"query-input\":\"required name=search_term_string\"}],\"inLanguage\":\"fr-FR\"},{\"@type\":\"Organization\",\"@id\":\"https:\/\/www.riosa.com\/he\/#organization\",\"name\":\"RIOSA - Refinaci\u00f3n Industrial Oleicola S.A.\",\"url\":\"https:\/\/www.riosa.com\/he\/\",\"logo\":{\"@type\":\"ImageObject\",\"inLanguage\":\"fr-FR\",\"@id\":\"https:\/\/www.riosa.com\/he\/#\/schema\/logo\/image\/\",\"url\":\"https:\/\/staging.riosa.com\/wp-content\/uploads\/2019\/04\/Logo-Riosa-250.jpg\",\"contentUrl\":\"https:\/\/staging.riosa.com\/wp-content\/uploads\/2019\/04\/Logo-Riosa-250.jpg\",\"width\":250,\"height\":271,\"caption\":\"RIOSA - Refinaci\u00f3n Industrial Oleicola S.A.\"},\"image\":{\"@id\":\"https:\/\/www.riosa.com\/he\/#\/schema\/logo\/image\/\"}}]}<\/script>\n<!-- \/ Yoast SEO plugin. -->","yoast_head_json":{"title":"\u00c0 propos de nous | RIOSA","description":"Une introduction \u00e0 notre entreprise, qui nous sommes et ce que nous faisons, y compris un bref r\u00e9sum\u00e9 de notre histoire et celle de notre fondateur Benjam\u00edn Espuny","robots":{"index":"index","follow":"follow","max-snippet":"max-snippet:-1","max-image-preview":"max-image-preview:large","max-video-preview":"max-video-preview:-1"},"canonical":"https:\/\/www.riosa.com\/fr\/a-propos-de-nous\/","og_locale":"fr_FR","og_type":"article","og_title":"Sobre Nosotros | RIOSA","og_description":"Una introducci\u00f3n sobre nuestra empresa, qui\u00e9nes somos y qu\u00e9 hacemos, incluido un breve resumen de nuestra historia y la de nuestro fundador Benjam\u00edn Espuny","og_url":"https:\/\/www.riosa.com\/fr\/a-propos-de-nous\/","og_site_name":"RIOSA","article_modified_time":"2026-04-25T18:10:46+00:00","twitter_card":"summary_large_image","twitter_misc":{"Dur\u00e9e de lecture estim\u00e9e":"5 minutes"},"schema":{"@context":"https:\/\/schema.org","@graph":[{"@type":"WebPage","@id":"https:\/\/www.riosa.com\/empresa\/","url":"https:\/\/www.riosa.com\/empresa\/","name":"\u00c0 propos de nous | RIOSA","isPartOf":{"@id":"https:\/\/www.riosa.com\/he\/#website"},"datePublished":"2019-03-16T20:28:36+00:00","dateModified":"2026-04-25T18:10:46+00:00","description":"Une introduction \u00e0 notre entreprise, qui nous sommes et ce que nous faisons, y compris un bref r\u00e9sum\u00e9 de notre histoire et celle de notre fondateur Benjam\u00edn Espuny","breadcrumb":{"@id":"https:\/\/www.riosa.com\/empresa\/#breadcrumb"},"inLanguage":"fr-FR","potentialAction":[{"@type":"ReadAction","target":["https:\/\/www.riosa.com\/empresa\/"]}]},{"@type":"BreadcrumbList","@id":"https:\/\/www.riosa.com\/empresa\/#breadcrumb","itemListElement":[{"@type":"ListItem","position":1,"name":"Inicio","item":"https:\/\/www.riosa.com\/"},{"@type":"ListItem","position":2,"name":"Sobre Nosotros"}]},{"@type":"WebSite","@id":"https:\/\/www.riosa.com\/he\/#website","url":"https:\/\/www.riosa.com\/he\/","name":"RIOSA","description":"GRAISSES ET HUILES OL\u00c9INES pour l&#039;alimentation animale","publisher":{"@id":"https:\/\/www.riosa.com\/he\/#organization"},"potentialAction":[{"@type":"SearchAction","target":{"@type":"EntryPoint","urlTemplate":"https:\/\/www.riosa.com\/he\/?s={search_term_string}"},"query-input":"required name=search_term_string"}],"inLanguage":"fr-FR"},{"@type":"Organization","@id":"https:\/\/www.riosa.com\/he\/#organization","name":"RIOSA - Raffinage Industriel Oleicola SA","url":"https:\/\/www.riosa.com\/he\/","logo":{"@type":"ImageObject","inLanguage":"fr-FR","@id":"https:\/\/www.riosa.com\/he\/#\/schema\/logo\/image\/","url":"https:\/\/staging.riosa.com\/wp-content\/uploads\/2019\/04\/Logo-Riosa-250.jpg","contentUrl":"https:\/\/staging.riosa.com\/wp-content\/uploads\/2019\/04\/Logo-Riosa-250.jpg","width":250,"height":271,"caption":"RIOSA - Refinaci\u00f3n Industrial Oleicola S.A."},"image":{"@id":"https:\/\/www.riosa.com\/he\/#\/schema\/logo\/image\/"}}]}},"jetpack_sharing_enabled":true,"_links":{"self":[{"href":"https:\/\/www.riosa.com\/fr\/wp-json\/wp\/v2\/pages\/95"}],"collection":[{"href":"https:\/\/www.riosa.com\/fr\/wp-json\/wp\/v2\/pages"}],"about":[{"href":"https:\/\/www.riosa.com\/fr\/wp-json\/wp\/v2\/types\/page"}],"author":[{"embeddable":true,"href":"https:\/\/www.riosa.com\/fr\/wp-json\/wp\/v2\/users\/1"}],"replies":[{"embeddable":true,"href":"https:\/\/www.riosa.com\/fr\/wp-json\/wp\/v2\/comments?post=95"}],"version-history":[{"count":27,"href":"https:\/\/www.riosa.com\/fr\/wp-json\/wp\/v2\/pages\/95\/revisions"}],"predecessor-version":[{"id":36552,"href":"https:\/\/www.riosa.com\/fr\/wp-json\/wp\/v2\/pages\/95\/revisions\/36552"}],"wp:attachment":[{"href":"https:\/\/www.riosa.com\/fr\/wp-json\/wp\/v2\/media?parent=95"}],"curies":[{"name":"wp","href":"https:\/\/api.w.org\/{rel}","templated":true}]}}