{"id":748,"date":"2019-04-14T22:48:41","date_gmt":"2019-04-14T21:48:41","guid":{"rendered":"https:\/\/www.riosa.com\/?page_id=748"},"modified":"2019-05-04T21:37:46","modified_gmt":"2019-05-04T20:37:46","slug":"jaboneria","status":"publish","type":"page","link":"https:\/\/www.riosa.com\/fr\/industrie-savonniere\/","title":{"rendered":"Industrie du Savon"},"content":{"rendered":"<div id=\"cs-content\" class=\"cs-content\"><\/div>","protected":false},"excerpt":{"rendered":"<p>Cosm\u00e9tiques et savons\u00a0: nous vous pr\u00e9sentons nos produits lipidiques pour la cosm\u00e9tique et la savonnerie. Si vous recherchez une autre section du catalogue, vous pouvez utiliser les liens ci-dessous. Nutrition, Industrie du savon\u00a0: tous nos savons sont fabriqu\u00e9s selon les m\u00eames normes de qualit\u00e9 et d\u2019hygi\u00e8ne rigoureuses que celles appliqu\u00e9es aux produits alimentaires. Ce sont \u00e9galement des produits durables et \u00e9cologiques. Nombre de nos\u2026 <\/p>\n<div><a href=\"https:\/\/www.riosa.com\/fr\/industrie-savonniere\/\" class=\"more-link\">En savoir plus<\/a><\/div>","protected":false},"author":1,"featured_media":0,"parent":0,"menu_order":0,"comment_status":"closed","ping_status":"open","template":"template-layout-full-width.php","meta":{"footnotes":""},"yoast_head":"<!-- This site is optimized with the Yoast SEO plugin v22.6 - https:\/\/yoast.com\/wordpress\/plugins\/seo\/ -->\n<title>Industria Jabonera | RIOSA - Nuestros Productos<\/title>\n<meta name=\"description\" content=\"Aceites, grasas, ole\u00ednas, aceites \u00e1cidos y \u00e1cidos grasos para fabricar jab\u00f3n y cosm\u00e9tica\" \/>\n<meta name=\"robots\" content=\"index, follow, max-snippet:-1, max-image-preview:large, max-video-preview:-1\" \/>\n<link rel=\"canonical\" href=\"https:\/\/www.riosa.com\/fr\/el\/\u03c3\u03b1\u03c0\u03bf\u03cd\u03bd\u03b9\/\" \/>\n<meta property=\"og:locale\" content=\"fr_FR\" \/>\n<meta property=\"og:type\" content=\"article\" \/>\n<meta property=\"og:title\" content=\"Industria Jabonera | RIOSA - Nuestros Productos\" \/>\n<meta property=\"og:description\" content=\"Aceites, grasas, ole\u00ednas, aceites \u00e1cidos y \u00e1cidos grasos para fabricar jab\u00f3n y cosm\u00e9tica\" \/>\n<meta property=\"og:url\" content=\"https:\/\/www.riosa.com\/fr\/el\/\u03c3\u03b1\u03c0\u03bf\u03cd\u03bd\u03b9\/\" \/>\n<meta property=\"og:site_name\" content=\"RIOSA\" \/>\n<meta property=\"article:modified_time\" content=\"2019-05-04T20:37:46+00:00\" \/>\n<meta name=\"twitter:card\" content=\"summary_large_image\" \/>\n<meta name=\"twitter:label1\" content=\"Dur\u00e9e de lecture estim\u00e9e\" \/>\n\t<meta name=\"twitter:data1\" content=\"1 minute\" \/>\n<script type=\"application\/ld+json\" class=\"yoast-schema-graph\">{\"@context\":\"https:\/\/schema.org\",\"@graph\":[{\"@type\":\"WebPage\",\"@id\":\"https:\/\/www.riosa.com\/el\/%cf%83%ce%b1%cf%80%ce%bf%cf%8d%ce%bd%ce%b9\/\",\"url\":\"https:\/\/www.riosa.com\/el\/%cf%83%ce%b1%cf%80%ce%bf%cf%8d%ce%bd%ce%b9\/\",\"name\":\"Industria Jabonera | RIOSA - Nuestros Productos\",\"isPartOf\":{\"@id\":\"https:\/\/www.riosa.com\/he\/#website\"},\"datePublished\":\"2019-04-14T21:48:41+00:00\",\"dateModified\":\"2019-05-04T20:37:46+00:00\",\"description\":\"Aceites, grasas, ole\u00ednas, aceites \u00e1cidos y \u00e1cidos grasos para fabricar jab\u00f3n y cosm\u00e9tica\",\"breadcrumb\":{\"@id\":\"https:\/\/www.riosa.com\/el\/%cf%83%ce%b1%cf%80%ce%bf%cf%8d%ce%bd%ce%b9\/#breadcrumb\"},\"inLanguage\":\"fr-FR\",\"potentialAction\":[{\"@type\":\"ReadAction\",\"target\":[\"https:\/\/www.riosa.com\/el\/%cf%83%ce%b1%cf%80%ce%bf%cf%8d%ce%bd%ce%b9\/\"]}]},{\"@type\":\"BreadcrumbList\",\"@id\":\"https:\/\/www.riosa.com\/el\/%cf%83%ce%b1%cf%80%ce%bf%cf%8d%ce%bd%ce%b9\/#breadcrumb\",\"itemListElement\":[{\"@type\":\"ListItem\",\"position\":1,\"name\":\"Inicio\",\"item\":\"https:\/\/www.riosa.com\/\"},{\"@type\":\"ListItem\",\"position\":2,\"name\":\"Industria Jabonera\"}]},{\"@type\":\"WebSite\",\"@id\":\"https:\/\/www.riosa.com\/he\/#website\",\"url\":\"https:\/\/www.riosa.com\/he\/\",\"name\":\"RIOSA\",\"description\":\"ACEITES GRASAS Y OLE\u00cdNAS para alimentaci\u00f3n animal\",\"publisher\":{\"@id\":\"https:\/\/www.riosa.com\/he\/#organization\"},\"potentialAction\":[{\"@type\":\"SearchAction\",\"target\":{\"@type\":\"EntryPoint\",\"urlTemplate\":\"https:\/\/www.riosa.com\/he\/?s={search_term_string}\"},\"query-input\":\"required name=search_term_string\"}],\"inLanguage\":\"fr-FR\"},{\"@type\":\"Organization\",\"@id\":\"https:\/\/www.riosa.com\/he\/#organization\",\"name\":\"RIOSA - Refinaci\u00f3n Industrial Oleicola S.A.\",\"url\":\"https:\/\/www.riosa.com\/he\/\",\"logo\":{\"@type\":\"ImageObject\",\"inLanguage\":\"fr-FR\",\"@id\":\"https:\/\/www.riosa.com\/he\/#\/schema\/logo\/image\/\",\"url\":\"https:\/\/staging.riosa.com\/wp-content\/uploads\/2019\/04\/Logo-Riosa-250.jpg\",\"contentUrl\":\"https:\/\/staging.riosa.com\/wp-content\/uploads\/2019\/04\/Logo-Riosa-250.jpg\",\"width\":250,\"height\":271,\"caption\":\"RIOSA - Refinaci\u00f3n Industrial Oleicola S.A.\"},\"image\":{\"@id\":\"https:\/\/www.riosa.com\/he\/#\/schema\/logo\/image\/\"}}]}<\/script>\n<!-- \/ Yoast SEO plugin. -->","yoast_head_json":{"title":"Industrie du savon | RIOSA - Nos Produits","description":"Huiles, graisses, ol\u00e9ines, huiles acides et acides gras pour la fabrication de savons et de cosm\u00e9tiques","robots":{"index":"index","follow":"follow","max-snippet":"max-snippet:-1","max-image-preview":"max-image-preview:large","max-video-preview":"max-video-preview:-1"},"canonical":"https:\/\/www.riosa.com\/fr\/el\/\u03c3\u03b1\u03c0\u03bf\u03cd\u03bd\u03b9\/","og_locale":"fr_FR","og_type":"article","og_title":"Industria Jabonera | RIOSA - Nuestros Productos","og_description":"Aceites, grasas, ole\u00ednas, aceites \u00e1cidos y \u00e1cidos grasos para fabricar jab\u00f3n y cosm\u00e9tica","og_url":"https:\/\/www.riosa.com\/fr\/el\/\u03c3\u03b1\u03c0\u03bf\u03cd\u03bd\u03b9\/","og_site_name":"RIOSA","article_modified_time":"2019-05-04T20:37:46+00:00","twitter_card":"summary_large_image","twitter_misc":{"Dur\u00e9e de lecture estim\u00e9e":"1 minute"},"schema":{"@context":"https:\/\/schema.org","@graph":[{"@type":"WebPage","@id":"https:\/\/www.riosa.com\/el\/%cf%83%ce%b1%cf%80%ce%bf%cf%8d%ce%bd%ce%b9\/","url":"https:\/\/www.riosa.com\/el\/%cf%83%ce%b1%cf%80%ce%bf%cf%8d%ce%bd%ce%b9\/","name":"Industrie du savon | RIOSA - Nos Produits","isPartOf":{"@id":"https:\/\/www.riosa.com\/he\/#website"},"datePublished":"2019-04-14T21:48:41+00:00","dateModified":"2019-05-04T20:37:46+00:00","description":"Huiles, graisses, ol\u00e9ines, huiles acides et acides gras pour la fabrication de savons et de cosm\u00e9tiques","breadcrumb":{"@id":"https:\/\/www.riosa.com\/el\/%cf%83%ce%b1%cf%80%ce%bf%cf%8d%ce%bd%ce%b9\/#breadcrumb"},"inLanguage":"fr-FR","potentialAction":[{"@type":"ReadAction","target":["https:\/\/www.riosa.com\/el\/%cf%83%ce%b1%cf%80%ce%bf%cf%8d%ce%bd%ce%b9\/"]}]},{"@type":"BreadcrumbList","@id":"https:\/\/www.riosa.com\/el\/%cf%83%ce%b1%cf%80%ce%bf%cf%8d%ce%bd%ce%b9\/#breadcrumb","itemListElement":[{"@type":"ListItem","position":1,"name":"Inicio","item":"https:\/\/www.riosa.com\/"},{"@type":"ListItem","position":2,"name":"Industria Jabonera"}]},{"@type":"WebSite","@id":"https:\/\/www.riosa.com\/he\/#website","url":"https:\/\/www.riosa.com\/he\/","name":"RIOSA","description":"GRAISSES ET HUILES OL\u00c9INES pour l&#039;alimentation animale","publisher":{"@id":"https:\/\/www.riosa.com\/he\/#organization"},"potentialAction":[{"@type":"SearchAction","target":{"@type":"EntryPoint","urlTemplate":"https:\/\/www.riosa.com\/he\/?s={search_term_string}"},"query-input":"required name=search_term_string"}],"inLanguage":"fr-FR"},{"@type":"Organization","@id":"https:\/\/www.riosa.com\/he\/#organization","name":"RIOSA - Raffinage Industriel Oleicola SA","url":"https:\/\/www.riosa.com\/he\/","logo":{"@type":"ImageObject","inLanguage":"fr-FR","@id":"https:\/\/www.riosa.com\/he\/#\/schema\/logo\/image\/","url":"https:\/\/staging.riosa.com\/wp-content\/uploads\/2019\/04\/Logo-Riosa-250.jpg","contentUrl":"https:\/\/staging.riosa.com\/wp-content\/uploads\/2019\/04\/Logo-Riosa-250.jpg","width":250,"height":271,"caption":"RIOSA - Refinaci\u00f3n Industrial Oleicola S.A."},"image":{"@id":"https:\/\/www.riosa.com\/he\/#\/schema\/logo\/image\/"}}]}},"jetpack_sharing_enabled":true,"_links":{"self":[{"href":"https:\/\/www.riosa.com\/fr\/wp-json\/wp\/v2\/pages\/748"}],"collection":[{"href":"https:\/\/www.riosa.com\/fr\/wp-json\/wp\/v2\/pages"}],"about":[{"href":"https:\/\/www.riosa.com\/fr\/wp-json\/wp\/v2\/types\/page"}],"author":[{"embeddable":true,"href":"https:\/\/www.riosa.com\/fr\/wp-json\/wp\/v2\/users\/1"}],"replies":[{"embeddable":true,"href":"https:\/\/www.riosa.com\/fr\/wp-json\/wp\/v2\/comments?post=748"}],"version-history":[{"count":5,"href":"https:\/\/www.riosa.com\/fr\/wp-json\/wp\/v2\/pages\/748\/revisions"}],"predecessor-version":[{"id":953,"href":"https:\/\/www.riosa.com\/fr\/wp-json\/wp\/v2\/pages\/748\/revisions\/953"}],"wp:attachment":[{"href":"https:\/\/www.riosa.com\/fr\/wp-json\/wp\/v2\/media?parent=748"}],"curies":[{"name":"wp","href":"https:\/\/api.w.org\/{rel}","templated":true}]}}