{"id":648,"date":"2019-04-13T17:41:34","date_gmt":"2019-04-13T16:41:34","guid":{"rendered":"https:\/\/www.riosa.com\/?page_id=648"},"modified":"2019-04-25T18:21:10","modified_gmt":"2019-04-25T17:21:10","slug":"sobre-el-web","status":"publish","type":"page","link":"https:\/\/www.riosa.com\/fr\/entreprise\/sur-le-web\/","title":{"rendered":"\u00c0 propos du site Web"},"content":{"rendered":"<div id=\"cs-content\" class=\"cs-content\"><\/div>","protected":false},"excerpt":{"rendered":"<p>\u00c0 propos du site Web (Et de notre passion pour les technologies de l&#039;information) Chez RIOSA, une autre de nos passions est l&#039;ing\u00e9nierie des syst\u00e8mes et les ordinateurs. Ce n&#039;est pas pour rien que notre premier site Web a \u00e9t\u00e9 mis en ligne en 1995, six ans seulement apr\u00e8s que l&#039;inventeur du concept du World Wide Web, Tim Berners-Lee, ait cr\u00e9\u00e9 le premier\u2026 <\/p>\n<div><a href=\"https:\/\/www.riosa.com\/fr\/entreprise\/sur-le-web\/\" class=\"more-link\">En savoir plus<\/a><\/div>","protected":false},"author":1,"featured_media":0,"parent":95,"menu_order":0,"comment_status":"closed","ping_status":"closed","template":"template-layout-full-width.php","meta":{"_exactmetrics_skip_tracking":false,"_exactmetrics_sitenote_active":false,"_exactmetrics_sitenote_note":"","_exactmetrics_sitenote_category":0,"footnotes":""},"yoast_head":"<!-- This site is optimized with the Yoast SEO plugin v22.6 - https:\/\/yoast.com\/wordpress\/plugins\/seo\/ -->\n<title>Sobre el web | RIOSA<\/title>\n<meta name=\"robots\" content=\"index, follow, max-snippet:-1, max-image-preview:large, max-video-preview:-1\" \/>\n<link rel=\"canonical\" href=\"https:\/\/www.riosa.com\/fr\/eu\/konpainiak\/on-the-web\/\" \/>\n<meta property=\"og:locale\" content=\"fr_FR\" \/>\n<meta property=\"og:type\" content=\"article\" \/>\n<meta property=\"og:title\" content=\"Sobre el web | RIOSA\" \/>\n<meta property=\"og:description\" content=\"Sobre el sitio web ( Y sobre nuestra pasi\u00f3n por las tecnolog\u00edas de la informaci\u00f3n )Aqu\u00ed en RIOSA otra de nuestras pasiones es la ingenier\u00eda de sistemas\u00a0y las computadoras. No en vano nuestro primer sitio web empez\u00f3 a funcionar en 1995, s\u00f3lo 6 a\u00f1os despu\u00e9s de que el inventor del concepto de World Wide Web, Tim Berners-Lee creara la primera ... Read More\" \/>\n<meta property=\"og:url\" content=\"https:\/\/www.riosa.com\/fr\/eu\/konpainiak\/on-the-web\/\" \/>\n<meta property=\"og:site_name\" content=\"RIOSA\" \/>\n<meta property=\"article:modified_time\" content=\"2019-04-25T17:21:10+00:00\" \/>\n<meta name=\"twitter:card\" content=\"summary_large_image\" \/>\n<meta name=\"twitter:label1\" content=\"Dur\u00e9e de lecture estim\u00e9e\" \/>\n\t<meta name=\"twitter:data1\" content=\"1 minute\" \/>\n<script type=\"application\/ld+json\" class=\"yoast-schema-graph\">{\"@context\":\"https:\/\/schema.org\",\"@graph\":[{\"@type\":\"WebPage\",\"@id\":\"https:\/\/www.riosa.com\/eu\/konpainiak\/on-the-web\/\",\"url\":\"https:\/\/www.riosa.com\/eu\/konpainiak\/on-the-web\/\",\"name\":\"Sobre el web | RIOSA\",\"isPartOf\":{\"@id\":\"https:\/\/www.riosa.com\/he\/#website\"},\"datePublished\":\"2019-04-13T16:41:34+00:00\",\"dateModified\":\"2019-04-25T17:21:10+00:00\",\"breadcrumb\":{\"@id\":\"https:\/\/www.riosa.com\/eu\/konpainiak\/on-the-web\/#breadcrumb\"},\"inLanguage\":\"fr-FR\",\"potentialAction\":[{\"@type\":\"ReadAction\",\"target\":[\"https:\/\/www.riosa.com\/eu\/konpainiak\/on-the-web\/\"]}]},{\"@type\":\"BreadcrumbList\",\"@id\":\"https:\/\/www.riosa.com\/eu\/konpainiak\/on-the-web\/#breadcrumb\",\"itemListElement\":[{\"@type\":\"ListItem\",\"position\":1,\"name\":\"Inicio\",\"item\":\"https:\/\/www.riosa.com\/\"},{\"@type\":\"ListItem\",\"position\":2,\"name\":\"Sobre Nosotros\",\"item\":\"https:\/\/www.riosa.com\/eu\/konpainiak\/\"},{\"@type\":\"ListItem\",\"position\":3,\"name\":\"Sobre el web\"}]},{\"@type\":\"WebSite\",\"@id\":\"https:\/\/www.riosa.com\/he\/#website\",\"url\":\"https:\/\/www.riosa.com\/he\/\",\"name\":\"RIOSA\",\"description\":\"ACEITES GRASAS Y OLE\u00cdNAS para alimentaci\u00f3n animal\",\"publisher\":{\"@id\":\"https:\/\/www.riosa.com\/he\/#organization\"},\"potentialAction\":[{\"@type\":\"SearchAction\",\"target\":{\"@type\":\"EntryPoint\",\"urlTemplate\":\"https:\/\/www.riosa.com\/he\/?s={search_term_string}\"},\"query-input\":\"required name=search_term_string\"}],\"inLanguage\":\"fr-FR\"},{\"@type\":\"Organization\",\"@id\":\"https:\/\/www.riosa.com\/he\/#organization\",\"name\":\"RIOSA - Refinaci\u00f3n Industrial Oleicola S.A.\",\"url\":\"https:\/\/www.riosa.com\/he\/\",\"logo\":{\"@type\":\"ImageObject\",\"inLanguage\":\"fr-FR\",\"@id\":\"https:\/\/www.riosa.com\/he\/#\/schema\/logo\/image\/\",\"url\":\"https:\/\/staging.riosa.com\/wp-content\/uploads\/2019\/04\/Logo-Riosa-250.jpg\",\"contentUrl\":\"https:\/\/staging.riosa.com\/wp-content\/uploads\/2019\/04\/Logo-Riosa-250.jpg\",\"width\":250,\"height\":271,\"caption\":\"RIOSA - Refinaci\u00f3n Industrial Oleicola S.A.\"},\"image\":{\"@id\":\"https:\/\/www.riosa.com\/he\/#\/schema\/logo\/image\/\"}}]}<\/script>\n<!-- \/ Yoast SEO plugin. -->","yoast_head_json":{"title":"\u00c0 propos du site Web | RIOSA","robots":{"index":"index","follow":"follow","max-snippet":"max-snippet:-1","max-image-preview":"max-image-preview:large","max-video-preview":"max-video-preview:-1"},"canonical":"https:\/\/www.riosa.com\/fr\/eu\/konpainiak\/on-the-web\/","og_locale":"fr_FR","og_type":"article","og_title":"Sobre el web | RIOSA","og_description":"Sobre el sitio web ( Y sobre nuestra pasi\u00f3n por las tecnolog\u00edas de la informaci\u00f3n )Aqu\u00ed en RIOSA otra de nuestras pasiones es la ingenier\u00eda de sistemas\u00a0y las computadoras. No en vano nuestro primer sitio web empez\u00f3 a funcionar en 1995, s\u00f3lo 6 a\u00f1os despu\u00e9s de que el inventor del concepto de World Wide Web, Tim Berners-Lee creara la primera ... Read More","og_url":"https:\/\/www.riosa.com\/fr\/eu\/konpainiak\/on-the-web\/","og_site_name":"RIOSA","article_modified_time":"2019-04-25T17:21:10+00:00","twitter_card":"summary_large_image","twitter_misc":{"Dur\u00e9e de lecture estim\u00e9e":"1 minute"},"schema":{"@context":"https:\/\/schema.org","@graph":[{"@type":"WebPage","@id":"https:\/\/www.riosa.com\/eu\/konpainiak\/on-the-web\/","url":"https:\/\/www.riosa.com\/eu\/konpainiak\/on-the-web\/","name":"\u00c0 propos du site Web | RIOSA","isPartOf":{"@id":"https:\/\/www.riosa.com\/he\/#website"},"datePublished":"2019-04-13T16:41:34+00:00","dateModified":"2019-04-25T17:21:10+00:00","breadcrumb":{"@id":"https:\/\/www.riosa.com\/eu\/konpainiak\/on-the-web\/#breadcrumb"},"inLanguage":"fr-FR","potentialAction":[{"@type":"ReadAction","target":["https:\/\/www.riosa.com\/eu\/konpainiak\/on-the-web\/"]}]},{"@type":"BreadcrumbList","@id":"https:\/\/www.riosa.com\/eu\/konpainiak\/on-the-web\/#breadcrumb","itemListElement":[{"@type":"ListItem","position":1,"name":"Inicio","item":"https:\/\/www.riosa.com\/"},{"@type":"ListItem","position":2,"name":"Sobre Nosotros","item":"https:\/\/www.riosa.com\/eu\/konpainiak\/"},{"@type":"ListItem","position":3,"name":"Sobre el web"}]},{"@type":"WebSite","@id":"https:\/\/www.riosa.com\/he\/#website","url":"https:\/\/www.riosa.com\/he\/","name":"RIOSA","description":"GRAISSES ET HUILES OL\u00c9INES pour l&#039;alimentation animale","publisher":{"@id":"https:\/\/www.riosa.com\/he\/#organization"},"potentialAction":[{"@type":"SearchAction","target":{"@type":"EntryPoint","urlTemplate":"https:\/\/www.riosa.com\/he\/?s={search_term_string}"},"query-input":"required name=search_term_string"}],"inLanguage":"fr-FR"},{"@type":"Organization","@id":"https:\/\/www.riosa.com\/he\/#organization","name":"RIOSA - Raffinage Industriel Oleicola SA","url":"https:\/\/www.riosa.com\/he\/","logo":{"@type":"ImageObject","inLanguage":"fr-FR","@id":"https:\/\/www.riosa.com\/he\/#\/schema\/logo\/image\/","url":"https:\/\/staging.riosa.com\/wp-content\/uploads\/2019\/04\/Logo-Riosa-250.jpg","contentUrl":"https:\/\/staging.riosa.com\/wp-content\/uploads\/2019\/04\/Logo-Riosa-250.jpg","width":250,"height":271,"caption":"RIOSA - Refinaci\u00f3n Industrial Oleicola S.A."},"image":{"@id":"https:\/\/www.riosa.com\/he\/#\/schema\/logo\/image\/"}}]}},"jetpack_likes_enabled":true,"jetpack_sharing_enabled":true,"_links":{"self":[{"href":"https:\/\/www.riosa.com\/fr\/wp-json\/wp\/v2\/pages\/648"}],"collection":[{"href":"https:\/\/www.riosa.com\/fr\/wp-json\/wp\/v2\/pages"}],"about":[{"href":"https:\/\/www.riosa.com\/fr\/wp-json\/wp\/v2\/types\/page"}],"author":[{"embeddable":true,"href":"https:\/\/www.riosa.com\/fr\/wp-json\/wp\/v2\/users\/1"}],"replies":[{"embeddable":true,"href":"https:\/\/www.riosa.com\/fr\/wp-json\/wp\/v2\/comments?post=648"}],"version-history":[{"count":11,"href":"https:\/\/www.riosa.com\/fr\/wp-json\/wp\/v2\/pages\/648\/revisions"}],"predecessor-version":[{"id":662,"href":"https:\/\/www.riosa.com\/fr\/wp-json\/wp\/v2\/pages\/648\/revisions\/662"}],"up":[{"embeddable":true,"href":"https:\/\/www.riosa.com\/fr\/wp-json\/wp\/v2\/pages\/95"}],"wp:attachment":[{"href":"https:\/\/www.riosa.com\/fr\/wp-json\/wp\/v2\/media?parent=648"}],"curies":[{"name":"wp","href":"https:\/\/api.w.org\/{rel}","templated":true}]}}