{"id":571,"date":"2019-04-10T11:37:50","date_gmt":"2019-04-10T10:37:50","guid":{"rendered":"https:\/\/www.riosa.com\/?page_id=571"},"modified":"2019-04-25T18:20:56","modified_gmt":"2019-04-25T17:20:56","slug":"legal","status":"publish","type":"page","link":"https:\/\/www.riosa.com\/fr\/entreprise\/legal\/","title":{"rendered":"Juridique"},"content":{"rendered":"<div id=\"cs-content\" class=\"cs-content\"><\/div>","protected":false},"excerpt":{"rendered":"<p>Mentions l\u00e9gales. Sur cette page, vous trouverez les accords juridiques relatifs \u00e0 l&#039;utilisation de ce site web et au traitement des donn\u00e9es. Veuillez noter que la traduction des mentions l\u00e9gales est fournie \u00e0 titre indicatif uniquement. Les mentions l\u00e9gales sont celles de la version espagnole. \u00b7 Informations sur l&#039;entreprise \u00b7 Conditions d&#039;utilisation \u00b7 \u2026 <\/p>\n<div><a href=\"https:\/\/www.riosa.com\/fr\/entreprise\/legal\/\" class=\"more-link\">En savoir plus<\/a><\/div>","protected":false},"author":1,"featured_media":0,"parent":95,"menu_order":0,"comment_status":"closed","ping_status":"closed","template":"template-layout-full-width.php","meta":{"footnotes":""},"yoast_head":"<!-- This site is optimized with the Yoast SEO plugin v22.6 - https:\/\/yoast.com\/wordpress\/plugins\/seo\/ -->\n<title>Legal | RIOSA<\/title>\n<meta name=\"robots\" content=\"index, follow, max-snippet:-1, max-image-preview:large, max-video-preview:-1\" \/>\n<link rel=\"canonical\" href=\"https:\/\/www.riosa.com\/fr\/entreprise\/legal\/\" \/>\n<meta property=\"og:locale\" content=\"fr_FR\" \/>\n<meta property=\"og:type\" content=\"article\" \/>\n<meta property=\"og:title\" content=\"Legal | RIOSA\" \/>\n<meta property=\"og:description\" content=\"T\u00e9rminos legales En esta p\u00e1gina podr\u00e1 encontrar los acuerdos legales referentes a el uso de este portal web y el tratamiento de datos. Por favor tenga en cuenta para los t\u00e9rminos legales la traducci\u00f3n se proporciona s\u00f3lo como informaci\u00f3n. Los t\u00e9rminos legales validos son los de la versi\u00f3n en espa\u00f1ol. \u00b7 Datos de la empresa \u00b7 Condiciones de uso \u00b7 ... Read More\" \/>\n<meta property=\"og:url\" content=\"https:\/\/www.riosa.com\/fr\/entreprise\/legal\/\" \/>\n<meta property=\"og:site_name\" content=\"RIOSA\" \/>\n<meta property=\"article:modified_time\" content=\"2019-04-25T17:20:56+00:00\" \/>\n<meta name=\"twitter:card\" content=\"summary_large_image\" \/>\n<meta name=\"twitter:label1\" content=\"Dur\u00e9e de lecture estim\u00e9e\" \/>\n\t<meta name=\"twitter:data1\" content=\"1 minute\" \/>\n<script type=\"application\/ld+json\" class=\"yoast-schema-graph\">{\"@context\":\"https:\/\/schema.org\",\"@graph\":[{\"@type\":\"WebPage\",\"@id\":\"https:\/\/www.riosa.com\/empresa\/legal\/\",\"url\":\"https:\/\/www.riosa.com\/empresa\/legal\/\",\"name\":\"Legal | RIOSA\",\"isPartOf\":{\"@id\":\"https:\/\/www.riosa.com\/he\/#website\"},\"datePublished\":\"2019-04-10T10:37:50+00:00\",\"dateModified\":\"2019-04-25T17:20:56+00:00\",\"breadcrumb\":{\"@id\":\"https:\/\/www.riosa.com\/empresa\/legal\/#breadcrumb\"},\"inLanguage\":\"fr-FR\",\"potentialAction\":[{\"@type\":\"ReadAction\",\"target\":[\"https:\/\/www.riosa.com\/empresa\/legal\/\"]}]},{\"@type\":\"BreadcrumbList\",\"@id\":\"https:\/\/www.riosa.com\/empresa\/legal\/#breadcrumb\",\"itemListElement\":[{\"@type\":\"ListItem\",\"position\":1,\"name\":\"Inicio\",\"item\":\"https:\/\/www.riosa.com\/\"},{\"@type\":\"ListItem\",\"position\":2,\"name\":\"Sobre Nosotros\",\"item\":\"https:\/\/www.riosa.com\/empresa\/\"},{\"@type\":\"ListItem\",\"position\":3,\"name\":\"Legal\"}]},{\"@type\":\"WebSite\",\"@id\":\"https:\/\/www.riosa.com\/he\/#website\",\"url\":\"https:\/\/www.riosa.com\/he\/\",\"name\":\"RIOSA\",\"description\":\"ACEITES GRASAS Y OLE\u00cdNAS para alimentaci\u00f3n animal\",\"publisher\":{\"@id\":\"https:\/\/www.riosa.com\/he\/#organization\"},\"potentialAction\":[{\"@type\":\"SearchAction\",\"target\":{\"@type\":\"EntryPoint\",\"urlTemplate\":\"https:\/\/www.riosa.com\/he\/?s={search_term_string}\"},\"query-input\":\"required name=search_term_string\"}],\"inLanguage\":\"fr-FR\"},{\"@type\":\"Organization\",\"@id\":\"https:\/\/www.riosa.com\/he\/#organization\",\"name\":\"RIOSA - Refinaci\u00f3n Industrial Oleicola S.A.\",\"url\":\"https:\/\/www.riosa.com\/he\/\",\"logo\":{\"@type\":\"ImageObject\",\"inLanguage\":\"fr-FR\",\"@id\":\"https:\/\/www.riosa.com\/he\/#\/schema\/logo\/image\/\",\"url\":\"https:\/\/staging.riosa.com\/wp-content\/uploads\/2019\/04\/Logo-Riosa-250.jpg\",\"contentUrl\":\"https:\/\/staging.riosa.com\/wp-content\/uploads\/2019\/04\/Logo-Riosa-250.jpg\",\"width\":250,\"height\":271,\"caption\":\"RIOSA - Refinaci\u00f3n Industrial Oleicola S.A.\"},\"image\":{\"@id\":\"https:\/\/www.riosa.com\/he\/#\/schema\/logo\/image\/\"}}]}<\/script>\n<!-- \/ Yoast SEO plugin. -->","yoast_head_json":{"title":"Juridique | RIOSA","robots":{"index":"index","follow":"follow","max-snippet":"max-snippet:-1","max-image-preview":"max-image-preview:large","max-video-preview":"max-video-preview:-1"},"canonical":"https:\/\/www.riosa.com\/fr\/entreprise\/legal\/","og_locale":"fr_FR","og_type":"article","og_title":"Legal | RIOSA","og_description":"T\u00e9rminos legales En esta p\u00e1gina podr\u00e1 encontrar los acuerdos legales referentes a el uso de este portal web y el tratamiento de datos. Por favor tenga en cuenta para los t\u00e9rminos legales la traducci\u00f3n se proporciona s\u00f3lo como informaci\u00f3n. Los t\u00e9rminos legales validos son los de la versi\u00f3n en espa\u00f1ol. \u00b7 Datos de la empresa \u00b7 Condiciones de uso \u00b7 ... Read More","og_url":"https:\/\/www.riosa.com\/fr\/entreprise\/legal\/","og_site_name":"RIOSA","article_modified_time":"2019-04-25T17:20:56+00:00","twitter_card":"summary_large_image","twitter_misc":{"Dur\u00e9e de lecture estim\u00e9e":"1 minute"},"schema":{"@context":"https:\/\/schema.org","@graph":[{"@type":"WebPage","@id":"https:\/\/www.riosa.com\/empresa\/legal\/","url":"https:\/\/www.riosa.com\/empresa\/legal\/","name":"Juridique | RIOSA","isPartOf":{"@id":"https:\/\/www.riosa.com\/he\/#website"},"datePublished":"2019-04-10T10:37:50+00:00","dateModified":"2019-04-25T17:20:56+00:00","breadcrumb":{"@id":"https:\/\/www.riosa.com\/empresa\/legal\/#breadcrumb"},"inLanguage":"fr-FR","potentialAction":[{"@type":"ReadAction","target":["https:\/\/www.riosa.com\/empresa\/legal\/"]}]},{"@type":"BreadcrumbList","@id":"https:\/\/www.riosa.com\/empresa\/legal\/#breadcrumb","itemListElement":[{"@type":"ListItem","position":1,"name":"Inicio","item":"https:\/\/www.riosa.com\/"},{"@type":"ListItem","position":2,"name":"Sobre Nosotros","item":"https:\/\/www.riosa.com\/empresa\/"},{"@type":"ListItem","position":3,"name":"Legal"}]},{"@type":"WebSite","@id":"https:\/\/www.riosa.com\/he\/#website","url":"https:\/\/www.riosa.com\/he\/","name":"RIOSA","description":"GRAISSES ET HUILES OL\u00c9INES pour l&#039;alimentation animale","publisher":{"@id":"https:\/\/www.riosa.com\/he\/#organization"},"potentialAction":[{"@type":"SearchAction","target":{"@type":"EntryPoint","urlTemplate":"https:\/\/www.riosa.com\/he\/?s={search_term_string}"},"query-input":"required name=search_term_string"}],"inLanguage":"fr-FR"},{"@type":"Organization","@id":"https:\/\/www.riosa.com\/he\/#organization","name":"RIOSA - Raffinage Industriel Oleicola SA","url":"https:\/\/www.riosa.com\/he\/","logo":{"@type":"ImageObject","inLanguage":"fr-FR","@id":"https:\/\/www.riosa.com\/he\/#\/schema\/logo\/image\/","url":"https:\/\/staging.riosa.com\/wp-content\/uploads\/2019\/04\/Logo-Riosa-250.jpg","contentUrl":"https:\/\/staging.riosa.com\/wp-content\/uploads\/2019\/04\/Logo-Riosa-250.jpg","width":250,"height":271,"caption":"RIOSA - Refinaci\u00f3n Industrial Oleicola S.A."},"image":{"@id":"https:\/\/www.riosa.com\/he\/#\/schema\/logo\/image\/"}}]}},"jetpack_sharing_enabled":true,"_links":{"self":[{"href":"https:\/\/www.riosa.com\/fr\/wp-json\/wp\/v2\/pages\/571"}],"collection":[{"href":"https:\/\/www.riosa.com\/fr\/wp-json\/wp\/v2\/pages"}],"about":[{"href":"https:\/\/www.riosa.com\/fr\/wp-json\/wp\/v2\/types\/page"}],"author":[{"embeddable":true,"href":"https:\/\/www.riosa.com\/fr\/wp-json\/wp\/v2\/users\/1"}],"replies":[{"embeddable":true,"href":"https:\/\/www.riosa.com\/fr\/wp-json\/wp\/v2\/comments?post=571"}],"version-history":[{"count":14,"href":"https:\/\/www.riosa.com\/fr\/wp-json\/wp\/v2\/pages\/571\/revisions"}],"predecessor-version":[{"id":623,"href":"https:\/\/www.riosa.com\/fr\/wp-json\/wp\/v2\/pages\/571\/revisions\/623"}],"up":[{"embeddable":true,"href":"https:\/\/www.riosa.com\/fr\/wp-json\/wp\/v2\/pages\/95"}],"wp:attachment":[{"href":"https:\/\/www.riosa.com\/fr\/wp-json\/wp\/v2\/media?parent=571"}],"curies":[{"name":"wp","href":"https:\/\/api.w.org\/{rel}","templated":true}]}}