{"id":95,"date":"2019-03-16T21:28:36","date_gmt":"2019-03-16T20:28:36","guid":{"rendered":"https:\/\/www.riosa.com\/?page_id=95"},"modified":"2026-04-25T19:10:46","modified_gmt":"2026-04-25T18:10:46","slug":"empresa","status":"publish","type":"page","link":"https:\/\/www.riosa.com\/en\/about-us\/","title":{"rendered":"About us"},"content":{"rendered":"<div id=\"cs-content\" class=\"cs-content\"><div class=\"x-section e95-e1 m2n-0 m2n-1\"><div class=\"x-container max width e95-e2 m2n-3 m2n-4\"><div class=\"x-column x-sm x-1-1 e95-e3 m2n-b m2n-c\"><div class=\"x-text x-text-headline e95-e4 m2n-e m2n-f m2n-g m2n-h\"><div class=\"x-text-content\"><div class=\"x-text-content-text\"><h1 class=\"x-text-content-text-primary\">About us<\/h1>\n<\/div><\/div><\/div><hr class=\"x-line e95-e5 m2n-l\"\/><\/div><\/div><div class=\"x-container max width e95-e6 m2n-3 m2n-4\"><div class=\"x-column x-sm x-2-3 e95-e7 m2n-b m2n-c\"><div class=\"cs-content x-global-block x-global-block-333 e95-e8\"><div class=\"x-section e333-e2 m99-0\"><div class=\"x-container max width e333-e3 m99-1\"><div class=\"x-column x-sm x-1-1 e333-e4 m99-2\"><div class=\"x-text x-content e333-e5 m99-3\"><img decoding=\"async\" src=\"https:\/\/www.riosa.com\/wp-content\/uploads\/2019\/03\/riosa_titulo_trans.png\" alt=\"RIOSA\" width=\"200\">\n<br>\n<strong>Refining Industrial Ole\u00edcola SA<\/strong>\n<br><br>\n<a onclick=\"return gtag_report_conversion('tel:+34953692000')\"; href=\"tel:+34953692000\"><img decoding=\"async\" src=\"https:\/\/www.riosa.com\/wp-content\/uploads\/2019\/03\/phone-classic.png\" alt=\"telephone\" width=\"25\"> (+34) 953692000<\/a>\n<br>\n<a href=\"mailto:riosa@riosa.com\"><img decoding=\"async\" src=\"https:\/\/www.riosa.com\/wp-content\/uploads\/2019\/03\/email.png\" alt=\"email\" width=\"25\"> riosa@riosa.com<\/a>&nbsp;\n<br>\n<a href=\"https:\/\/api.whatsapp.com\/send?phone=+34678692001&amp;text=Hello, I need more information!\"><img decoding=\"async\" src=\"\/wp-content\/uploads\/2023\/02\/whatsapp-bw.png\" width=\"25\"> Whatsapp Messg<\/a>\n<br>\n<a href=\"https:\/\/t.me\/+34678692001\"><img decoding=\"async\" src=\"https:\/\/www.riosa.com\/wp-content\/uploads\/2023\/03\/telegram-bw-1.png\" width=\"25\"> Telegram Message &nbsp;<\/a>\n<br>\n<br>\n<a href=\"https:\/\/www.google.com\/maps\/place\/RIOSA+-+Refinaci\u00f3n+Industrial+Ole\u00edcola+SA\/@38.070372,-3.5852287,17z\/data=!3m1!4b1!4m5!3m4!1s0xd6e858a55a98acb:0xa422f967ef41e083!8m2!3d38.070372!4d-3.58304\"  target=\"_blank\">\nBarriada del Puente s\/n<br>\n23490 E. Linares Baeza<br>\nSPAIN<\/a><br>\n<br>\n<a href=\"\/en\/formulario-de-contacto\/\"><strong>CONTACT US<\/strong><\/a>\n<br>\n<br>\n  <center><div class=\"cs-content x-global-block x-global-block-36578 e36578-e0\"><div class=\"x-section e36578-e2 ms82-0\"><div class=\"x-row x-container max width e36578-e3 ms82-1 ms82-2\"><div class=\"x-row-inner\"><div class=\"x-col e36578-e4 ms82-3\"><div class=\"x-text x-content e36578-e5 ms82-4\">\n <div class=\"riosa-social\" aria-label=\"Follow us\">\n  \n    <a href=\"https:\/\/x.com\/RIOSA_hec\"\n       target=\"_blank\" rel=\"noopener noreferrer me\"\n       aria-label=\"RIOSA in X\" title=\"RIOSA in X\">\n      <svg viewbox=\"0 0 24 24\" width=\"20\" height=\"20\" aria-hidden=\"true\">\n        <path d=\"M18.244 2.25h3.308l-7.227 8.26 8.502 11.24H16.17l-5.214-6.817L4.99 21.75H1.68l7.73-8.835L1.254 2.25H8.08l4.713 6.231zm-1.161 17.52h1.833L7.084   4.126H5.117z\"\/>\n      <\/svg>\n    <\/a>\n  \n    <a href=\"https:\/\/www.linkedin.com\/company\/riosa\"\n       target=\"_blank\" rel=\"noopener noreferrer me\"\n       aria-label=\"RIOSA on LinkedIn\" title=\"RIOSA on LinkedIn\">\n      <svg viewbox=\"0 0 24 24\" width=\"20\" height=\"20\" aria-hidden=\"true\">\n        <path d=\"M20.447 20.452h-3.554v-5.569c0-1.328-.027-3.037-1.852-3.037-1.853 0-2.136 1.445-2.136 2.939v5.667H9.351V9h3.414v1.561h.046c.477-.9 1.637-1.852   3.37-1.852 3.601 0 4.267 2.37 4.267 5.455v6.288zM5.337 7.433a2.062 2.062 0 01-2.063-2.065 2.063 2.063 0 112.063 2.065zm1.782   13.019H3.555V9h3.564v11.452zM22.225 0H1.771C.792 0 0 .774 0 1.729v20.542C0 23.227.792 24 1.771 24h20.451C23.2 24 24 23.227 24 22.271V1.729C24 .774 23.2 0   22.222 0h.003z\"\/>\n      <\/svg>\n    <\/a>\n  \n    <a href=\"https:\/\/www.instagram.com\/RIOSA_company\"\n       target=\"_blank\" rel=\"noopener noreferrer me\"\n       aria-label=\"RIOSA on Instagram\" title=\"RIOSA on Instagram\">\n      <svg viewbox=\"0 0 24 24\" width=\"20\" height=\"20\" aria-hidden=\"true\">\n        <path d=\"M12 2.163c3.204 0 3.584.012 4.85.07 3.252.148 4.771 1.691 4.919 4.919.058 1.265.069 1.645.069 4.849 0 3.205-.012 3.584-.069 4.849-.149   3.225-1.664 4.771-4.919 4.919-1.266.058-1.644.07-4.85.07-3.204 0-3.584-.012-4.849-.07-3.26-.149-4.771-1.699-4.919-4.92-.058-1.265-.07-1.644-.07-4.849   0-3.204.013-3.583.07-4.849.149-3.227 1.664-4.771 4.919-4.919 1.266-.057 1.645-.069 4.849-.069zM12 0C8.741 0 8.333.014 7.053.072 2.695.272.273 2.69.073   7.052.014 8.333 0 8.741 0 12c0 3.259.014 3.668.072 4.948.2 4.358 2.618 6.78 6.98 6.98C8.333 23.986 8.741 24 12 24c3.259 0 3.668-.014 4.948-.072 4.354-.2   6.782-2.618 6.979-6.98.059-1.28.073-1.689.073-4.948 0-3.259-.014-3.667-.072-4.947-.196-4.354-2.617-6.78-6.979-6.98C15.668.014 15.259 0 12 0zm0 5.838a6.162   6.162 0 100 12.324 6.162 6.162 0 000-12.324zM12 16a4 4 0 110-8 4 4 0 010 8zm6.406-11.845a1.44 1.44 0 100 2.881 1.44 1.44 0 000-2.881z\"\/>\n      <\/svg>\n    <\/a>\n  \n  <\/div><\/div><\/div><\/div><\/div><\/div><\/div><\/center><\/div><\/div><\/div><\/div><\/div><\/div><div class=\"x-column x-sm x-1-3 e95-e9 m2n-b\"><div class=\"x-widget-area e95-e10 m2n-m\">\n\t\t<div id=\"recent-posts-11\" class=\"widget widget_recent_entries\">\n\t\t<h4 class=\"h-widget\">Recent Posts<\/h4>\n\t\t<ul>\n\t\t\t\t\t\t\t\t\t\t\t<li>\n\t\t\t\t\t<a href=\"https:\/\/www.riosa.com\/en\/conflict-in-iran\/\">Conflict in Iran: The Perfect Storm Threatening Animal Food<\/a>\n\t\t\t\t\t\t\t\t\t<\/li>\n\t\t\t\t\t\t\t\t\t\t\t<li>\n\t\t\t\t\t<a href=\"https:\/\/www.riosa.com\/en\/notice-of-the-ordinary-general-meeting-of-shareholders-8-2\/\">Call for the Ordinary General Meeting of Shareholders<\/a>\n\t\t\t\t\t\t\t\t\t<\/li>\n\t\t\t\t\t\t\t\t\t\t\t<li>\n\t\t\t\t\t<a href=\"https:\/\/www.riosa.com\/en\/notice-of-the-extraordinary-general-meeting-of-shareholders-4\/\">Call for the Extraordinary General Meeting of Shareholders<\/a>\n\t\t\t\t\t\t\t\t\t<\/li>\n\t\t\t\t\t\t\t\t\t\t\t<li>\n\t\t\t\t\t<a href=\"https:\/\/www.riosa.com\/en\/iscc-3-sustainability-certification-renewal\/\">ISCC Sustainability Certification Renewal<\/a>\n\t\t\t\t\t\t\t\t\t<\/li>\n\t\t\t\t\t\t\t\t\t\t\t<li>\n\t\t\t\t\t<a href=\"https:\/\/www.riosa.com\/en\/nextgenerationeu-help-for-self-consumption-photovoltaic-installation\/\">NextGeneration EU aid for self-consumption photovoltaic installations<\/a>\n\t\t\t\t\t\t\t\t\t<\/li>\n\t\t\t\t\t<\/ul>\n\n\t\t<\/div><\/div><hr class=\"x-line e95-e11 m2n-n m2n-o\"\/><\/div><\/div><div class=\"x-container max width e95-e12 m2n-3 m2n-5 m2n-6 m2n-7 m2n-8\"><div class=\"x-column x-sm x-2-3 e95-e13 m2n-b\"><div class=\"x-text x-content e95-e14 m2n-q m2n-r m2n-s m2n-t\"><div class=\"cs-content x-global-block x-global-block-344 e344-e0\"><div class=\"x-section e344-e1 m9k-0\"><div class=\"x-container max width e344-e2 m9k-1\"><div class=\"x-column x-sm x-1-1 e344-e3 m9k-2\"><div id=\"\" class=\"x-text\" style=\"\" ><p><strong>RIOSA<\/strong>, founded in <strong>1965<\/strong>, is a company that produces and markets <a href=\"https:\/\/www.riosa.com\/en\/oleinas\/\"><strong>oleins, fats and vegetable oils<\/strong><\/a>, mainly for the animal feed industry and the livestock sector.<\/p>\n<p>We manufacture products <strong>lipids<\/strong> such as <a href=\"https:\/\/www.riosa.com\/en\/oleinas\/\"><strong>oleins, fats and oils<\/strong><\/a> of origin exclusively <strong>vegetable<\/strong>, not only complying with all the health requirements and current legislation, but also seeking to distinguish ourselves from the rest of the producers in the market thanks to our <a href=\"\/en\/calidad\/#certificaciones\"><strong>quality certifications<\/strong><\/a>, therefore we commit to significantly stricter controls over our production processes and the final quality of our products.<\/p>\n<\/div><\/div><\/div><\/div><\/div><\/div><\/div><div class=\"x-column x-sm x-1-3 e95-e15 m2n-b\"><span class=\"x-image e95-e16 m2n-10 m2n-11\"><img src=\"https:\/\/www.riosa.com\/wp-content\/uploads\/2019\/03\/Logo-Riosa.jpg\" width=\"590\" height=\"639\" alt=\"picture\" loading=\"lazy\"><\/span><\/div><\/div><div class=\"x-container max width e95-e17 m2n-3 m2n-4\"><div class=\"x-column x-sm x-1-1 e95-e18 m2n-b\"><hr class=\"x-line e95-e19 m2n-n m2n-o\"\/><\/div><\/div><div class=\"x-container max width e95-e20 m2n-3 m2n-5 m2n-6 m2n-7 m2n-8\"><div class=\"x-column x-sm x-2-3 e95-e21 m2n-b\"><span class=\"x-image e95-e22 m2n-10 m2n-12\"><img src=\"https:\/\/www.riosa.com\/wp-content\/uploads\/2019\/05\/riosa_aerea.png\" width=\"800\" height=\"800\" alt=\"RIOSA plant aerial view\" loading=\"lazy\"><\/span><\/div><div class=\"x-column x-sm x-1-3 e95-e23 m2n-b\"><div class=\"x-text x-content e95-e24 m2n-s m2n-t m2n-u m2n-v\">\n<p><\/p><p><\/p>\nOur manufacturing plant is <a href=\"https:\/\/www.riosa.com\/en\/contact\/\">finds<\/a> In the town of <a href=\"https:\/\/www.riosa.com\/en\/contact\/\"><strong>books<\/strong>, in the province of <strong>Jaen<\/strong><\/a>, in the center of the main olive-producing area of Spain. The location is a beautiful natural area surrounded by the plain of the Guadalimar river.  \n<br><br><br>\nThe plant comprises 27,000 square meters of both manufacturing and storage facilities. Currently, its production capacity is 200 metric tons of lipids per day, with a storage capacity of 7,200 metric tons.<\/div><\/div><\/div><div class=\"x-container max width e95-e25 m2n-3 m2n-4\"><div class=\"x-column x-sm x-1-1 e95-e26 m2n-b\"><hr class=\"x-line e95-e27 m2n-n m2n-o\"\/><\/div><\/div><div class=\"x-container max width e95-e28 m2n-3 m2n-5 m2n-6 m2n-7 m2n-8\"><div class=\"x-column x-sm x-1-3 e95-e29 m2n-b\"><div class=\"x-text x-content e95-e30 m2n-r m2n-t m2n-v m2n-w m2n-x\">One of our most important values is the constant search for <a href=\"\/en\/calidad\/\"><strong>quality<\/strong><\/a>. For this we have an advanced quality and R&amp;D laboratory in order to submit our products to rigorous analytical controls, develop new manufacturing methods and where we carry out exhaustive studies of the products that exist on the market. <\/div><\/div><div class=\"x-column x-sm x-2-3 e95-e31 m2n-b\"><span class=\"x-image e95-e32 m2n-10 m2n-12\"><img src=\"https:\/\/www.riosa.com\/wp-content\/uploads\/2019\/05\/laboratorio_oleinas.jpg\" width=\"800\" height=\"450\" alt=\"RIOSA laboratory\" loading=\"lazy\"><\/span><\/div><\/div><div class=\"x-container max width e95-e33 m2n-3 m2n-4\"><div class=\"x-column x-sm x-1-1 e95-e34 m2n-b\"><hr class=\"x-line e95-e35 m2n-n m2n-o\"\/><\/div><\/div><div class=\"x-container max width e95-e36 m2n-3 m2n-5 m2n-6 m2n-8 m2n-9\"><div class=\"x-column x-sm x-1-1 e95-e37 m2n-b\"><div class=\"x-text x-content e95-e38 m2n-t m2n-x m2n-y\">Our main customers by sales volume are companies in the livestock and animal nutrition sector, such as feed factories, farms, breeders and manufacturers of correctors and additives. \n<br><br>\nWe also have clients in the soap sector, especially brands looking to make handmade soaps in the old style of Marseille or Provence, for which our products are particularly suitable.\n<br><br>\nAnother sector that we serve is the chemical industry, those companies that need an organic, vegetable and ecological raw material as a manufacturing base for their products.\n<br><br>\nOur clients are both national and international, mainly within the member countries of the European Union.\n<br> <\/div><\/div><\/div><div class=\"x-container max width e95-e39 m2n-3 m2n-5 m2n-7 m2n-a\"><div class=\"x-column x-sm x-1-3 e95-e40 m2n-b\"><a class=\"x-image e95-e41 m2n-10 m2n-12\" href=\"https:\/\/www.riosa.com\/en\/animal-nutrition\/\"><img src=\"https:\/\/www.riosa.com\/wp-content\/uploads\/2019\/03\/1200px-Cerdos_en_Montanera-e1554839114435.jpg\" width=\"600\" height=\"450\" alt=\"picture\" loading=\"lazy\"><\/a><\/div><div class=\"x-column x-sm x-1-3 e95-e42 m2n-b\"><a class=\"x-image e95-e43 m2n-10 m2n-12\" href=\"https:\/\/www.riosa.com\/en\/soap-industry\/\"><img src=\"https:\/\/www.riosa.com\/wp-content\/uploads\/2019\/04\/jabon-de-marsella-1.jpg\" width=\"300\" height=\"225\" alt=\"picture\" loading=\"lazy\"><\/a><\/div><div class=\"x-column x-sm x-1-3 e95-e44 m2n-b\"><a class=\"x-image e95-e45 m2n-10 m2n-12\" href=\"https:\/\/www.riosa.com\/en\/chemical-industry\/\"><img src=\"https:\/\/www.riosa.com\/wp-content\/uploads\/2019\/04\/qu\u00edmica-1.jpg\" width=\"300\" height=\"225\" alt=\"picture\" loading=\"lazy\"><\/a><\/div><\/div><div class=\"x-container max width e95-e46 m2n-3 m2n-4\"><div class=\"x-column x-sm x-1-1 e95-e47 m2n-b\"><hr class=\"x-line e95-e48 m2n-n m2n-o\"\/><\/div><\/div><div class=\"x-container max width e95-e49 m2n-3 m2n-4 m2n-8\"><div class=\"x-column x-sm x-1-1 e95-e50 m2n-b m2n-c m2n-d\"><hr class=\"x-line e95-e51 m2n-o m2n-p\"\/><span class=\"x-image e95-e52 m2n-10 m2n-12\"><img src=\"https:\/\/www.riosa.com\/wp-content\/uploads\/2019\/03\/formlogo2.jpg\" width=\"92\" height=\"85\" alt=\"picture\" loading=\"lazy\"><\/span><div class=\"x-text x-text-headline e95-e53 m2n-f m2n-g m2n-i m2n-j\"><div class=\"x-text-content\"><div class=\"x-text-content-text\"><h1 class=\"x-text-content-text-primary\"><a name=\"benjamin-espuny\"><\/a> \n<p><\/p>\nFirst company logo.<br> Year 1965\n<br><\/h1>\n<\/div><\/div><\/div><\/div><\/div><div class=\"x-container max width e95-e54 m2n-3 m2n-4\"><div class=\"x-column x-sm x-1-1 e95-e55 m2n-b\"><hr class=\"x-line e95-e56 m2n-n m2n-o\"\/><\/div><\/div><div class=\"x-container max width e95-e57 m2n-3 m2n-5 m2n-6 m2n-7 m2n-8\"><div class=\"x-column x-sm x-1-3 e95-e58 m2n-b m2n-c\"><div class=\"x-text x-text-headline e95-e59 m2n-f m2n-h m2n-i m2n-k\"><div class=\"x-text-content\"><div class=\"x-text-content-text\"><h1 class=\"x-text-content-text-primary\">our founder<\/h1>\n<\/div><\/div><\/div><span class=\"x-image e95-e60 m2n-10 m2n-13\"><img src=\"https:\/\/www.riosa.com\/wp-content\/uploads\/2026\/04\/benjamin_espuny.jpg\" width=\"832\" height=\"1280\" alt=\"Benjamin Espuny Solsona\" loading=\"lazy\"><\/span><\/div><div class=\"x-column x-sm x-2-3 e95-e61 m2n-b\"><div class=\"x-text x-content e95-e62 m2n-t m2n-z\"><p><\/p>\n<p>Born in the year 1935, <strong>Benjamin Espuny Solsona<\/strong>, after completing his doctorate in physical-chemical industrial engineering, in 1965 he moved to Ibros, in the olive-producing heart of the province of Ja\u00e9n, and founded the company RIOSA.<\/p>\n<p>Coming from a Catalan oil family established in Andalusia for several generations, whose first oil factories went back to his great-grandfather at the dawn of the 19th century, from a very young age he had learned the trade with his family, growing up in a culture of businessmen, entrepreneurs and industrial.<\/p>\n<p>From the first moment he develops innovative production processes, seeking to apply technology to the traditional processes that he had learned as a young man.<\/p>\n<p>He then began to develop olive oil products for animal feed, a field that was unexplored at the time. Thus, he began to create a line of lipid products, applied to animal nutrition, which has been enormously successful in the sector ever since, mainly due to his constant search for the best quality and adaptation of the product to the biological characteristics of each animal. type of cattle.<\/p>\n<p>During his career at the head of RIOSA, he published numerous articles in livestock and research magazines on the application of lipids to animal nutrition, making him a renowned scientist in the sector.<\/p>\n<p>Benjamin passed away in 2006, working until the day before as was the custom in his family, but his children continue his work following the path and guidelines set by him.<\/p>\n<p><\/p><\/div><\/div><\/div><\/div><div class=\"x-section e95-e63 m2n-0 m2n-2\"><div class=\"x-container max width e95-e64 m2n-3 m2n-4\"><div class=\"x-column x-sm x-1-1 e95-e65 m2n-b\"><div class=\"cs-content x-global-block x-global-block-542 e95-e66\"><div class=\"x-section e542-e1 mf2-0\"><div class=\"x-container e542-e2 mf2-1\"><div class=\"x-column x-sm x-1-1 e542-e3 mf2-2\"><div class=\"x-text x-text-headline e542-e4 mf2-3\"><div class=\"x-text-content\"><div class=\"x-text-content-text\"><h4 class=\"x-text-content-text-primary\">We take quality levels where others cannot reach<\/h4>\n<\/div><\/div><\/div><\/div><\/div><\/div><\/div><\/div><\/div><\/div><\/div>","protected":false},"excerpt":{"rendered":"<p>Sobre nosotros Refinaci\u00f3n Industrial Ole\u00edcola S.A. (+34) 953692000 riosa@riosa.com&nbsp; WhatsApp Messg Telegram Messg &nbsp; Barriada del Puente s\/n 23490 E. Linares Baeza ESPA\u00d1A CONTACTAR CON NOSOTROS Recent Posts Conflicto en Ir\u00e1n: La Tormenta Perfecta que Amenaza la Alimentaci\u00f3n Animal Convocatoria de la Junta General Ordinaria de Accionistas Convocatoria de la Junta General Extraordinaria de Accionistas Renovaci\u00f3n de la certificaci\u00f3n de &#8230; <\/p>\n<div><a href=\"https:\/\/www.riosa.com\/en\/about-us\/\" class=\"more-link\">Read More<\/a><\/div>","protected":false},"author":1,"featured_media":0,"parent":0,"menu_order":0,"comment_status":"closed","ping_status":"closed","template":"template-layout-full-width.php","meta":{"footnotes":""},"yoast_head":"<!-- This site is optimized with the Yoast SEO plugin v22.6 - https:\/\/yoast.com\/wordpress\/plugins\/seo\/ -->\n<title>Sobre Nosotros | RIOSA<\/title>\n<meta name=\"description\" content=\"Una introducci\u00f3n sobre nuestra empresa, qui\u00e9nes somos y qu\u00e9 hacemos, incluido un breve resumen de nuestra historia y la de nuestro fundador Benjam\u00edn Espuny\" \/>\n<meta name=\"robots\" content=\"index, follow, max-snippet:-1, max-image-preview:large, max-video-preview:-1\" \/>\n<link rel=\"canonical\" href=\"https:\/\/www.riosa.com\/en\/about-us\/\" \/>\n<meta property=\"og:locale\" content=\"en_US\" \/>\n<meta property=\"og:type\" content=\"article\" \/>\n<meta property=\"og:title\" content=\"Sobre Nosotros | RIOSA\" \/>\n<meta property=\"og:description\" content=\"Una introducci\u00f3n sobre nuestra empresa, qui\u00e9nes somos y qu\u00e9 hacemos, incluido un breve resumen de nuestra historia y la de nuestro fundador Benjam\u00edn Espuny\" \/>\n<meta property=\"og:url\" content=\"https:\/\/www.riosa.com\/en\/about-us\/\" \/>\n<meta property=\"og:site_name\" content=\"RIOSA\" \/>\n<meta property=\"article:modified_time\" content=\"2026-04-25T18:10:46+00:00\" \/>\n<meta name=\"twitter:card\" content=\"summary_large_image\" \/>\n<meta name=\"twitter:label1\" content=\"Est. reading time\" \/>\n\t<meta name=\"twitter:data1\" content=\"5 minutes\" \/>\n<script type=\"application\/ld+json\" class=\"yoast-schema-graph\">{\"@context\":\"https:\/\/schema.org\",\"@graph\":[{\"@type\":\"WebPage\",\"@id\":\"https:\/\/www.riosa.com\/empresa\/\",\"url\":\"https:\/\/www.riosa.com\/empresa\/\",\"name\":\"Sobre Nosotros | RIOSA\",\"isPartOf\":{\"@id\":\"https:\/\/www.riosa.com\/he\/#website\"},\"datePublished\":\"2019-03-16T20:28:36+00:00\",\"dateModified\":\"2026-04-25T18:10:46+00:00\",\"description\":\"Una introducci\u00f3n sobre nuestra empresa, qui\u00e9nes somos y qu\u00e9 hacemos, incluido un breve resumen de nuestra historia y la de nuestro fundador Benjam\u00edn Espuny\",\"breadcrumb\":{\"@id\":\"https:\/\/www.riosa.com\/empresa\/#breadcrumb\"},\"inLanguage\":\"en-US\",\"potentialAction\":[{\"@type\":\"ReadAction\",\"target\":[\"https:\/\/www.riosa.com\/empresa\/\"]}]},{\"@type\":\"BreadcrumbList\",\"@id\":\"https:\/\/www.riosa.com\/empresa\/#breadcrumb\",\"itemListElement\":[{\"@type\":\"ListItem\",\"position\":1,\"name\":\"Inicio\",\"item\":\"https:\/\/www.riosa.com\/\"},{\"@type\":\"ListItem\",\"position\":2,\"name\":\"Sobre Nosotros\"}]},{\"@type\":\"WebSite\",\"@id\":\"https:\/\/www.riosa.com\/he\/#website\",\"url\":\"https:\/\/www.riosa.com\/he\/\",\"name\":\"RIOSA\",\"description\":\"ACEITES GRASAS Y OLE\u00cdNAS para alimentaci\u00f3n animal\",\"publisher\":{\"@id\":\"https:\/\/www.riosa.com\/he\/#organization\"},\"potentialAction\":[{\"@type\":\"SearchAction\",\"target\":{\"@type\":\"EntryPoint\",\"urlTemplate\":\"https:\/\/www.riosa.com\/he\/?s={search_term_string}\"},\"query-input\":\"required name=search_term_string\"}],\"inLanguage\":\"en-US\"},{\"@type\":\"Organization\",\"@id\":\"https:\/\/www.riosa.com\/he\/#organization\",\"name\":\"RIOSA - Refinaci\u00f3n Industrial Oleicola S.A.\",\"url\":\"https:\/\/www.riosa.com\/he\/\",\"logo\":{\"@type\":\"ImageObject\",\"inLanguage\":\"en-US\",\"@id\":\"https:\/\/www.riosa.com\/he\/#\/schema\/logo\/image\/\",\"url\":\"https:\/\/staging.riosa.com\/wp-content\/uploads\/2019\/04\/Logo-Riosa-250.jpg\",\"contentUrl\":\"https:\/\/staging.riosa.com\/wp-content\/uploads\/2019\/04\/Logo-Riosa-250.jpg\",\"width\":250,\"height\":271,\"caption\":\"RIOSA - Refinaci\u00f3n Industrial Oleicola S.A.\"},\"image\":{\"@id\":\"https:\/\/www.riosa.com\/he\/#\/schema\/logo\/image\/\"}}]}<\/script>\n<!-- \/ Yoast SEO plugin. -->","yoast_head_json":{"title":"About Us | RIOSA","description":"An introduction to our company, who we are and what we do, including a brief summary of our history and that of our founder Benjam\u00edn Espuny","robots":{"index":"index","follow":"follow","max-snippet":"max-snippet:-1","max-image-preview":"max-image-preview:large","max-video-preview":"max-video-preview:-1"},"canonical":"https:\/\/www.riosa.com\/en\/about-us\/","og_locale":"en_US","og_type":"article","og_title":"Sobre Nosotros | RIOSA","og_description":"Una introducci\u00f3n sobre nuestra empresa, qui\u00e9nes somos y qu\u00e9 hacemos, incluido un breve resumen de nuestra historia y la de nuestro fundador Benjam\u00edn Espuny","og_url":"https:\/\/www.riosa.com\/en\/about-us\/","og_site_name":"RIOSA","article_modified_time":"2026-04-25T18:10:46+00:00","twitter_card":"summary_large_image","twitter_misc":{"Est. reading time":"5 minutes"},"schema":{"@context":"https:\/\/schema.org","@graph":[{"@type":"WebPage","@id":"https:\/\/www.riosa.com\/empresa\/","url":"https:\/\/www.riosa.com\/empresa\/","name":"About Us | RIOSA","isPartOf":{"@id":"https:\/\/www.riosa.com\/he\/#website"},"datePublished":"2019-03-16T20:28:36+00:00","dateModified":"2026-04-25T18:10:46+00:00","description":"An introduction to our company, who we are and what we do, including a brief summary of our history and that of our founder Benjam\u00edn Espuny","breadcrumb":{"@id":"https:\/\/www.riosa.com\/empresa\/#breadcrumb"},"inLanguage":"en-US","potentialAction":[{"@type":"ReadAction","target":["https:\/\/www.riosa.com\/empresa\/"]}]},{"@type":"BreadcrumbList","@id":"https:\/\/www.riosa.com\/empresa\/#breadcrumb","itemListElement":[{"@type":"ListItem","position":1,"name":"Inicio","item":"https:\/\/www.riosa.com\/"},{"@type":"ListItem","position":2,"name":"Sobre Nosotros"}]},{"@type":"WebSite","@id":"https:\/\/www.riosa.com\/he\/#website","url":"https:\/\/www.riosa.com\/he\/","name":"RIOSA","description":"FATS AND OLEINS OILS for animal feed","publisher":{"@id":"https:\/\/www.riosa.com\/he\/#organization"},"potentialAction":[{"@type":"SearchAction","target":{"@type":"EntryPoint","urlTemplate":"https:\/\/www.riosa.com\/he\/?s={search_term_string}"},"query-input":"required name=search_term_string"}],"inLanguage":"en-US"},{"@type":"Organization","@id":"https:\/\/www.riosa.com\/he\/#organization","name":"RIOSA - Refining Industrial Oleicola SA","url":"https:\/\/www.riosa.com\/he\/","logo":{"@type":"ImageObject","inLanguage":"en-US","@id":"https:\/\/www.riosa.com\/he\/#\/schema\/logo\/image\/","url":"https:\/\/staging.riosa.com\/wp-content\/uploads\/2019\/04\/Logo-Riosa-250.jpg","contentUrl":"https:\/\/staging.riosa.com\/wp-content\/uploads\/2019\/04\/Logo-Riosa-250.jpg","width":250,"height":271,"caption":"RIOSA - Refinaci\u00f3n Industrial Oleicola S.A."},"image":{"@id":"https:\/\/www.riosa.com\/he\/#\/schema\/logo\/image\/"}}]}},"jetpack_sharing_enabled":true,"_links":{"self":[{"href":"https:\/\/www.riosa.com\/en\/wp-json\/wp\/v2\/pages\/95"}],"collection":[{"href":"https:\/\/www.riosa.com\/en\/wp-json\/wp\/v2\/pages"}],"about":[{"href":"https:\/\/www.riosa.com\/en\/wp-json\/wp\/v2\/types\/page"}],"author":[{"embeddable":true,"href":"https:\/\/www.riosa.com\/en\/wp-json\/wp\/v2\/users\/1"}],"replies":[{"embeddable":true,"href":"https:\/\/www.riosa.com\/en\/wp-json\/wp\/v2\/comments?post=95"}],"version-history":[{"count":27,"href":"https:\/\/www.riosa.com\/en\/wp-json\/wp\/v2\/pages\/95\/revisions"}],"predecessor-version":[{"id":36552,"href":"https:\/\/www.riosa.com\/en\/wp-json\/wp\/v2\/pages\/95\/revisions\/36552"}],"wp:attachment":[{"href":"https:\/\/www.riosa.com\/en\/wp-json\/wp\/v2\/media?parent=95"}],"curies":[{"name":"wp","href":"https:\/\/api.w.org\/{rel}","templated":true}]}}