{"id":219,"date":"2019-03-20T12:09:18","date_gmt":"2019-03-20T11:09:18","guid":{"rendered":"https:\/\/www.riosa.com\/?page_id=219"},"modified":"2019-05-04T21:37:12","modified_gmt":"2019-05-04T20:37:12","slug":"oleinas","status":"publish","type":"page","link":"https:\/\/www.riosa.com\/en\/oleinas\/","title":{"rendered":"oleins"},"content":{"rendered":"<div id=\"cs-content\" class=\"cs-content\"><\/div>","protected":false},"excerpt":{"rendered":"<p>What are oleins? On this page you will find a brief explanation of what vegetable olein, also known as acid oil, is and its relationship to oils. Olein is primarily used in animal feed, but it is also commonly used to make toilet soap and other products in the chemical industry. For immediate access to... <\/p>\n<div><a href=\"https:\/\/www.riosa.com\/en\/oleinas\/\" class=\"more-link\">Read More<\/a><\/div>","protected":false},"author":1,"featured_media":0,"parent":0,"menu_order":0,"comment_status":"closed","ping_status":"closed","template":"template-layout-full-width.php","meta":{"footnotes":""},"yoast_head":"<!-- This site is optimized with the Yoast SEO plugin v22.6 - https:\/\/yoast.com\/wordpress\/plugins\/seo\/ -->\n<title>Qu\u00e9 Son las Ole\u00ednas | RIOSA - Nuestros Productos<\/title>\n<meta name=\"description\" content=\"Explicaci\u00f3n de qu\u00e9 son las ole\u00ednas vegetales. La oleina tambi\u00e9n conocida como aceite \u00e1cido, se usa en alimentaci\u00f3n animal y para hacer jab\u00f3n\" \/>\n<meta name=\"robots\" content=\"index, follow, max-snippet:-1, max-image-preview:large, max-video-preview:-1\" \/>\n<link rel=\"canonical\" href=\"https:\/\/www.riosa.com\/en\/eu\/oleins\/\" \/>\n<meta property=\"og:locale\" content=\"en_US\" \/>\n<meta property=\"og:type\" content=\"article\" \/>\n<meta property=\"og:title\" content=\"Qu\u00e9 Son las Ole\u00ednas | RIOSA - Nuestros Productos\" \/>\n<meta property=\"og:description\" content=\"Explicaci\u00f3n de qu\u00e9 son las ole\u00ednas vegetales. La oleina tambi\u00e9n conocida como aceite \u00e1cido, se usa en alimentaci\u00f3n animal y para hacer jab\u00f3n\" \/>\n<meta property=\"og:url\" content=\"https:\/\/www.riosa.com\/en\/eu\/oleins\/\" \/>\n<meta property=\"og:site_name\" content=\"RIOSA\" \/>\n<meta property=\"article:modified_time\" content=\"2019-05-04T20:37:12+00:00\" \/>\n<meta name=\"twitter:card\" content=\"summary_large_image\" \/>\n<meta name=\"twitter:label1\" content=\"Est. reading time\" \/>\n\t<meta name=\"twitter:data1\" content=\"1 minute\" \/>\n<script type=\"application\/ld+json\" class=\"yoast-schema-graph\">{\"@context\":\"https:\/\/schema.org\",\"@graph\":[{\"@type\":\"WebPage\",\"@id\":\"https:\/\/www.riosa.com\/eu\/oleins\/\",\"url\":\"https:\/\/www.riosa.com\/eu\/oleins\/\",\"name\":\"Qu\u00e9 Son las Ole\u00ednas | RIOSA - Nuestros Productos\",\"isPartOf\":{\"@id\":\"https:\/\/www.riosa.com\/he\/#website\"},\"datePublished\":\"2019-03-20T11:09:18+00:00\",\"dateModified\":\"2019-05-04T20:37:12+00:00\",\"description\":\"Explicaci\u00f3n de qu\u00e9 son las ole\u00ednas vegetales. La oleina tambi\u00e9n conocida como aceite \u00e1cido, se usa en alimentaci\u00f3n animal y para hacer jab\u00f3n\",\"breadcrumb\":{\"@id\":\"https:\/\/www.riosa.com\/eu\/oleins\/#breadcrumb\"},\"inLanguage\":\"en-US\",\"potentialAction\":[{\"@type\":\"ReadAction\",\"target\":[\"https:\/\/www.riosa.com\/eu\/oleins\/\"]}]},{\"@type\":\"BreadcrumbList\",\"@id\":\"https:\/\/www.riosa.com\/eu\/oleins\/#breadcrumb\",\"itemListElement\":[{\"@type\":\"ListItem\",\"position\":1,\"name\":\"Inicio\",\"item\":\"https:\/\/www.riosa.com\/\"},{\"@type\":\"ListItem\",\"position\":2,\"name\":\"Ole\u00ednas\"}]},{\"@type\":\"WebSite\",\"@id\":\"https:\/\/www.riosa.com\/he\/#website\",\"url\":\"https:\/\/www.riosa.com\/he\/\",\"name\":\"RIOSA\",\"description\":\"ACEITES GRASAS Y OLE\u00cdNAS para alimentaci\u00f3n animal\",\"publisher\":{\"@id\":\"https:\/\/www.riosa.com\/he\/#organization\"},\"potentialAction\":[{\"@type\":\"SearchAction\",\"target\":{\"@type\":\"EntryPoint\",\"urlTemplate\":\"https:\/\/www.riosa.com\/he\/?s={search_term_string}\"},\"query-input\":\"required name=search_term_string\"}],\"inLanguage\":\"en-US\"},{\"@type\":\"Organization\",\"@id\":\"https:\/\/www.riosa.com\/he\/#organization\",\"name\":\"RIOSA - Refinaci\u00f3n Industrial Oleicola S.A.\",\"url\":\"https:\/\/www.riosa.com\/he\/\",\"logo\":{\"@type\":\"ImageObject\",\"inLanguage\":\"en-US\",\"@id\":\"https:\/\/www.riosa.com\/he\/#\/schema\/logo\/image\/\",\"url\":\"https:\/\/staging.riosa.com\/wp-content\/uploads\/2019\/04\/Logo-Riosa-250.jpg\",\"contentUrl\":\"https:\/\/staging.riosa.com\/wp-content\/uploads\/2019\/04\/Logo-Riosa-250.jpg\",\"width\":250,\"height\":271,\"caption\":\"RIOSA - Refinaci\u00f3n Industrial Oleicola S.A.\"},\"image\":{\"@id\":\"https:\/\/www.riosa.com\/he\/#\/schema\/logo\/image\/\"}}]}<\/script>\n<!-- \/ Yoast SEO plugin. -->","yoast_head_json":{"title":"What Are Oleins | RIOSA - Our Products","description":"Explanation of what vegetable oleins are. Olein, also known as acid oil, is used in animal feed and to make soap.","robots":{"index":"index","follow":"follow","max-snippet":"max-snippet:-1","max-image-preview":"max-image-preview:large","max-video-preview":"max-video-preview:-1"},"canonical":"https:\/\/www.riosa.com\/en\/eu\/oleins\/","og_locale":"en_US","og_type":"article","og_title":"Qu\u00e9 Son las Ole\u00ednas | RIOSA - Nuestros Productos","og_description":"Explicaci\u00f3n de qu\u00e9 son las ole\u00ednas vegetales. La oleina tambi\u00e9n conocida como aceite \u00e1cido, se usa en alimentaci\u00f3n animal y para hacer jab\u00f3n","og_url":"https:\/\/www.riosa.com\/en\/eu\/oleins\/","og_site_name":"RIOSA","article_modified_time":"2019-05-04T20:37:12+00:00","twitter_card":"summary_large_image","twitter_misc":{"Est. reading time":"1 minute"},"schema":{"@context":"https:\/\/schema.org","@graph":[{"@type":"WebPage","@id":"https:\/\/www.riosa.com\/eu\/oleins\/","url":"https:\/\/www.riosa.com\/eu\/oleins\/","name":"What Are Oleins | RIOSA - Our Products","isPartOf":{"@id":"https:\/\/www.riosa.com\/he\/#website"},"datePublished":"2019-03-20T11:09:18+00:00","dateModified":"2019-05-04T20:37:12+00:00","description":"Explanation of what vegetable oleins are. Olein, also known as acid oil, is used in animal feed and to make soap.","breadcrumb":{"@id":"https:\/\/www.riosa.com\/eu\/oleins\/#breadcrumb"},"inLanguage":"en-US","potentialAction":[{"@type":"ReadAction","target":["https:\/\/www.riosa.com\/eu\/oleins\/"]}]},{"@type":"BreadcrumbList","@id":"https:\/\/www.riosa.com\/eu\/oleins\/#breadcrumb","itemListElement":[{"@type":"ListItem","position":1,"name":"Inicio","item":"https:\/\/www.riosa.com\/"},{"@type":"ListItem","position":2,"name":"Ole\u00ednas"}]},{"@type":"WebSite","@id":"https:\/\/www.riosa.com\/he\/#website","url":"https:\/\/www.riosa.com\/he\/","name":"RIOSA","description":"FATS AND OLEINS OILS for animal feed","publisher":{"@id":"https:\/\/www.riosa.com\/he\/#organization"},"potentialAction":[{"@type":"SearchAction","target":{"@type":"EntryPoint","urlTemplate":"https:\/\/www.riosa.com\/he\/?s={search_term_string}"},"query-input":"required name=search_term_string"}],"inLanguage":"en-US"},{"@type":"Organization","@id":"https:\/\/www.riosa.com\/he\/#organization","name":"RIOSA - Refining Industrial Oleicola SA","url":"https:\/\/www.riosa.com\/he\/","logo":{"@type":"ImageObject","inLanguage":"en-US","@id":"https:\/\/www.riosa.com\/he\/#\/schema\/logo\/image\/","url":"https:\/\/staging.riosa.com\/wp-content\/uploads\/2019\/04\/Logo-Riosa-250.jpg","contentUrl":"https:\/\/staging.riosa.com\/wp-content\/uploads\/2019\/04\/Logo-Riosa-250.jpg","width":250,"height":271,"caption":"RIOSA - Refinaci\u00f3n Industrial Oleicola S.A."},"image":{"@id":"https:\/\/www.riosa.com\/he\/#\/schema\/logo\/image\/"}}]}},"_links":{"self":[{"href":"https:\/\/www.riosa.com\/en\/wp-json\/wp\/v2\/pages\/219"}],"collection":[{"href":"https:\/\/www.riosa.com\/en\/wp-json\/wp\/v2\/pages"}],"about":[{"href":"https:\/\/www.riosa.com\/en\/wp-json\/wp\/v2\/types\/page"}],"author":[{"embeddable":true,"href":"https:\/\/www.riosa.com\/en\/wp-json\/wp\/v2\/users\/1"}],"replies":[{"embeddable":true,"href":"https:\/\/www.riosa.com\/en\/wp-json\/wp\/v2\/comments?post=219"}],"version-history":[{"count":20,"href":"https:\/\/www.riosa.com\/en\/wp-json\/wp\/v2\/pages\/219\/revisions"}],"predecessor-version":[{"id":592,"href":"https:\/\/www.riosa.com\/en\/wp-json\/wp\/v2\/pages\/219\/revisions\/592"}],"wp:attachment":[{"href":"https:\/\/www.riosa.com\/en\/wp-json\/wp\/v2\/media?parent=219"}],"curies":[{"name":"wp","href":"https:\/\/api.w.org\/{rel}","templated":true}]}}