{"id":2,"date":"2019-03-14T20:39:08","date_gmt":"2019-03-14T20:39:08","guid":{"rendered":"https:\/\/www.riosa.com\/?page_id=2"},"modified":"2019-05-04T21:36:33","modified_gmt":"2019-05-04T20:36:33","slug":"nutricion-animal","status":"publish","type":"page","link":"https:\/\/www.riosa.com\/en\/animal-nutrition\/","title":{"rendered":"Animal Nutrition"},"content":{"rendered":"<div id=\"cs-content\" class=\"cs-content\"><\/div>","protected":false},"excerpt":{"rendered":"<p>Animal Nutrition Products We present our lipid products for animal nutrition. If you are looking for another section of the catalog, you can use the links below. NutritionSoapIndustryAll of our animal nutrition products are certified by the ISO 22000:2005 Food Safety Management Systems and GMP+ Food Good Manufacturing Practices quality standards. We scrupulously comply with\u2026 <\/p>\n<div><a href=\"https:\/\/www.riosa.com\/en\/animal-nutrition\/\" class=\"more-link\">Read More<\/a><\/div>","protected":false},"author":1,"featured_media":0,"parent":0,"menu_order":0,"comment_status":"closed","ping_status":"open","template":"template-layout-full-width.php","meta":{"footnotes":""},"yoast_head":"<!-- This site is optimized with the Yoast SEO plugin v22.6 - https:\/\/yoast.com\/wordpress\/plugins\/seo\/ -->\n<title>Nutrici\u00f3n Animal | RIOSA - Nuestros Productos<\/title>\n<meta name=\"description\" content=\"Productos para alimentaci\u00f3n animal como aceites, grasas y ole\u00ednas vegetales. Para ganado porcino, avicultura y rumiantes\" \/>\n<meta name=\"robots\" content=\"index, follow, max-snippet:-1, max-image-preview:large, max-video-preview:-1\" \/>\n<link rel=\"canonical\" href=\"https:\/\/www.riosa.com\/en\/ar\/\u0628\u0627\u0644\u062a\u063a\u0630\u064a\u0629-\u0627\u0644\u062d\u064a\u0648\u0627\u0646\u064a\u0629\/\" \/>\n<meta property=\"og:locale\" content=\"en_US\" \/>\n<meta property=\"og:type\" content=\"article\" \/>\n<meta property=\"og:title\" content=\"Nutrici\u00f3n Animal | RIOSA - Nuestros Productos\" \/>\n<meta property=\"og:description\" content=\"Productos para alimentaci\u00f3n animal como aceites, grasas y ole\u00ednas vegetales. Para ganado porcino, avicultura y rumiantes\" \/>\n<meta property=\"og:url\" content=\"https:\/\/www.riosa.com\/en\/ar\/\u0628\u0627\u0644\u062a\u063a\u0630\u064a\u0629-\u0627\u0644\u062d\u064a\u0648\u0627\u0646\u064a\u0629\/\" \/>\n<meta property=\"og:site_name\" content=\"RIOSA\" \/>\n<meta property=\"article:modified_time\" content=\"2019-05-04T20:36:33+00:00\" \/>\n<meta name=\"twitter:card\" content=\"summary_large_image\" \/>\n<meta name=\"twitter:label1\" content=\"Est. reading time\" \/>\n\t<meta name=\"twitter:data1\" content=\"1 minute\" \/>\n<script type=\"application\/ld+json\" class=\"yoast-schema-graph\">{\"@context\":\"https:\/\/schema.org\",\"@graph\":[{\"@type\":\"WebPage\",\"@id\":\"https:\/\/www.riosa.com\/ar\/%d8%a8%d8%a7%d9%84%d8%aa%d8%ba%d8%b0%d9%8a%d8%a9-%d8%a7%d9%84%d8%ad%d9%8a%d9%88%d8%a7%d9%86%d9%8a%d8%a9\/\",\"url\":\"https:\/\/www.riosa.com\/ar\/%d8%a8%d8%a7%d9%84%d8%aa%d8%ba%d8%b0%d9%8a%d8%a9-%d8%a7%d9%84%d8%ad%d9%8a%d9%88%d8%a7%d9%86%d9%8a%d8%a9\/\",\"name\":\"Nutrici\u00f3n Animal | RIOSA - Nuestros Productos\",\"isPartOf\":{\"@id\":\"https:\/\/www.riosa.com\/he\/#website\"},\"datePublished\":\"2019-03-14T20:39:08+00:00\",\"dateModified\":\"2019-05-04T20:36:33+00:00\",\"description\":\"Productos para alimentaci\u00f3n animal como aceites, grasas y ole\u00ednas vegetales. Para ganado porcino, avicultura y rumiantes\",\"breadcrumb\":{\"@id\":\"https:\/\/www.riosa.com\/ar\/%d8%a8%d8%a7%d9%84%d8%aa%d8%ba%d8%b0%d9%8a%d8%a9-%d8%a7%d9%84%d8%ad%d9%8a%d9%88%d8%a7%d9%86%d9%8a%d8%a9\/#breadcrumb\"},\"inLanguage\":\"en-US\",\"potentialAction\":[{\"@type\":\"ReadAction\",\"target\":[\"https:\/\/www.riosa.com\/ar\/%d8%a8%d8%a7%d9%84%d8%aa%d8%ba%d8%b0%d9%8a%d8%a9-%d8%a7%d9%84%d8%ad%d9%8a%d9%88%d8%a7%d9%86%d9%8a%d8%a9\/\"]}]},{\"@type\":\"BreadcrumbList\",\"@id\":\"https:\/\/www.riosa.com\/ar\/%d8%a8%d8%a7%d9%84%d8%aa%d8%ba%d8%b0%d9%8a%d8%a9-%d8%a7%d9%84%d8%ad%d9%8a%d9%88%d8%a7%d9%86%d9%8a%d8%a9\/#breadcrumb\",\"itemListElement\":[{\"@type\":\"ListItem\",\"position\":1,\"name\":\"Inicio\",\"item\":\"https:\/\/www.riosa.com\/\"},{\"@type\":\"ListItem\",\"position\":2,\"name\":\"Nutrici\u00f3n Animal\"}]},{\"@type\":\"WebSite\",\"@id\":\"https:\/\/www.riosa.com\/he\/#website\",\"url\":\"https:\/\/www.riosa.com\/he\/\",\"name\":\"RIOSA\",\"description\":\"ACEITES GRASAS Y OLE\u00cdNAS para alimentaci\u00f3n animal\",\"publisher\":{\"@id\":\"https:\/\/www.riosa.com\/he\/#organization\"},\"potentialAction\":[{\"@type\":\"SearchAction\",\"target\":{\"@type\":\"EntryPoint\",\"urlTemplate\":\"https:\/\/www.riosa.com\/he\/?s={search_term_string}\"},\"query-input\":\"required name=search_term_string\"}],\"inLanguage\":\"en-US\"},{\"@type\":\"Organization\",\"@id\":\"https:\/\/www.riosa.com\/he\/#organization\",\"name\":\"RIOSA - Refinaci\u00f3n Industrial Oleicola S.A.\",\"url\":\"https:\/\/www.riosa.com\/he\/\",\"logo\":{\"@type\":\"ImageObject\",\"inLanguage\":\"en-US\",\"@id\":\"https:\/\/www.riosa.com\/he\/#\/schema\/logo\/image\/\",\"url\":\"https:\/\/staging.riosa.com\/wp-content\/uploads\/2019\/04\/Logo-Riosa-250.jpg\",\"contentUrl\":\"https:\/\/staging.riosa.com\/wp-content\/uploads\/2019\/04\/Logo-Riosa-250.jpg\",\"width\":250,\"height\":271,\"caption\":\"RIOSA - Refinaci\u00f3n Industrial Oleicola S.A.\"},\"image\":{\"@id\":\"https:\/\/www.riosa.com\/he\/#\/schema\/logo\/image\/\"}}]}<\/script>\n<!-- \/ Yoast SEO plugin. -->","yoast_head_json":{"title":"Animal Nutrition | RIOSA - Our Products","description":"Products for animal feed such as vegetable oils, fats and oleins. For pigs, poultry and ruminants","robots":{"index":"index","follow":"follow","max-snippet":"max-snippet:-1","max-image-preview":"max-image-preview:large","max-video-preview":"max-video-preview:-1"},"canonical":"https:\/\/www.riosa.com\/en\/ar\/\u0628\u0627\u0644\u062a\u063a\u0630\u064a\u0629-\u0627\u0644\u062d\u064a\u0648\u0627\u0646\u064a\u0629\/","og_locale":"en_US","og_type":"article","og_title":"Nutrici\u00f3n Animal | RIOSA - Nuestros Productos","og_description":"Productos para alimentaci\u00f3n animal como aceites, grasas y ole\u00ednas vegetales. Para ganado porcino, avicultura y rumiantes","og_url":"https:\/\/www.riosa.com\/en\/ar\/\u0628\u0627\u0644\u062a\u063a\u0630\u064a\u0629-\u0627\u0644\u062d\u064a\u0648\u0627\u0646\u064a\u0629\/","og_site_name":"RIOSA","article_modified_time":"2019-05-04T20:36:33+00:00","twitter_card":"summary_large_image","twitter_misc":{"Est. reading time":"1 minute"},"schema":{"@context":"https:\/\/schema.org","@graph":[{"@type":"WebPage","@id":"https:\/\/www.riosa.com\/ar\/%d8%a8%d8%a7%d9%84%d8%aa%d8%ba%d8%b0%d9%8a%d8%a9-%d8%a7%d9%84%d8%ad%d9%8a%d9%88%d8%a7%d9%86%d9%8a%d8%a9\/","url":"https:\/\/www.riosa.com\/ar\/%d8%a8%d8%a7%d9%84%d8%aa%d8%ba%d8%b0%d9%8a%d8%a9-%d8%a7%d9%84%d8%ad%d9%8a%d9%88%d8%a7%d9%86%d9%8a%d8%a9\/","name":"Animal Nutrition | RIOSA - Our Products","isPartOf":{"@id":"https:\/\/www.riosa.com\/he\/#website"},"datePublished":"2019-03-14T20:39:08+00:00","dateModified":"2019-05-04T20:36:33+00:00","description":"Products for animal feed such as vegetable oils, fats and oleins. For pigs, poultry and ruminants","breadcrumb":{"@id":"https:\/\/www.riosa.com\/ar\/%d8%a8%d8%a7%d9%84%d8%aa%d8%ba%d8%b0%d9%8a%d8%a9-%d8%a7%d9%84%d8%ad%d9%8a%d9%88%d8%a7%d9%86%d9%8a%d8%a9\/#breadcrumb"},"inLanguage":"en-US","potentialAction":[{"@type":"ReadAction","target":["https:\/\/www.riosa.com\/ar\/%d8%a8%d8%a7%d9%84%d8%aa%d8%ba%d8%b0%d9%8a%d8%a9-%d8%a7%d9%84%d8%ad%d9%8a%d9%88%d8%a7%d9%86%d9%8a%d8%a9\/"]}]},{"@type":"BreadcrumbList","@id":"https:\/\/www.riosa.com\/ar\/%d8%a8%d8%a7%d9%84%d8%aa%d8%ba%d8%b0%d9%8a%d8%a9-%d8%a7%d9%84%d8%ad%d9%8a%d9%88%d8%a7%d9%86%d9%8a%d8%a9\/#breadcrumb","itemListElement":[{"@type":"ListItem","position":1,"name":"Inicio","item":"https:\/\/www.riosa.com\/"},{"@type":"ListItem","position":2,"name":"Nutrici\u00f3n Animal"}]},{"@type":"WebSite","@id":"https:\/\/www.riosa.com\/he\/#website","url":"https:\/\/www.riosa.com\/he\/","name":"RIOSA","description":"FATS AND OLEINS OILS for animal feed","publisher":{"@id":"https:\/\/www.riosa.com\/he\/#organization"},"potentialAction":[{"@type":"SearchAction","target":{"@type":"EntryPoint","urlTemplate":"https:\/\/www.riosa.com\/he\/?s={search_term_string}"},"query-input":"required name=search_term_string"}],"inLanguage":"en-US"},{"@type":"Organization","@id":"https:\/\/www.riosa.com\/he\/#organization","name":"RIOSA - Refining Industrial Oleicola SA","url":"https:\/\/www.riosa.com\/he\/","logo":{"@type":"ImageObject","inLanguage":"en-US","@id":"https:\/\/www.riosa.com\/he\/#\/schema\/logo\/image\/","url":"https:\/\/staging.riosa.com\/wp-content\/uploads\/2019\/04\/Logo-Riosa-250.jpg","contentUrl":"https:\/\/staging.riosa.com\/wp-content\/uploads\/2019\/04\/Logo-Riosa-250.jpg","width":250,"height":271,"caption":"RIOSA - Refinaci\u00f3n Industrial Oleicola S.A."},"image":{"@id":"https:\/\/www.riosa.com\/he\/#\/schema\/logo\/image\/"}}]}},"jetpack_sharing_enabled":true,"_links":{"self":[{"href":"https:\/\/www.riosa.com\/en\/wp-json\/wp\/v2\/pages\/2"}],"collection":[{"href":"https:\/\/www.riosa.com\/en\/wp-json\/wp\/v2\/pages"}],"about":[{"href":"https:\/\/www.riosa.com\/en\/wp-json\/wp\/v2\/types\/page"}],"author":[{"embeddable":true,"href":"https:\/\/www.riosa.com\/en\/wp-json\/wp\/v2\/users\/1"}],"replies":[{"embeddable":true,"href":"https:\/\/www.riosa.com\/en\/wp-json\/wp\/v2\/comments?post=2"}],"version-history":[{"count":33,"href":"https:\/\/www.riosa.com\/en\/wp-json\/wp\/v2\/pages\/2\/revisions"}],"predecessor-version":[{"id":913,"href":"https:\/\/www.riosa.com\/en\/wp-json\/wp\/v2\/pages\/2\/revisions\/913"}],"wp:attachment":[{"href":"https:\/\/www.riosa.com\/en\/wp-json\/wp\/v2\/media?parent=2"}],"curies":[{"name":"wp","href":"https:\/\/api.w.org\/{rel}","templated":true}]}}