{"id":764,"date":"2019-04-15T12:39:19","date_gmt":"2019-04-15T11:39:19","guid":{"rendered":"https:\/\/www.riosa.com\/?page_id=764"},"modified":"2019-05-04T21:38:09","modified_gmt":"2019-05-04T20:38:09","slug":"industria-quimica","status":"publish","type":"page","link":"https:\/\/www.riosa.com\/de\/chemische-industrie\/","title":{"rendered":"Chemieindustrie"},"content":{"rendered":"<div id=\"cs-content\" class=\"cs-content\"><\/div>","protected":false},"excerpt":{"rendered":"<p>Produkte f\u00fcr die Chemie- und Biodieselindustrie Wir pr\u00e4sentieren unsere Lipidprodukte f\u00fcr die Biodieselproduktion und die chemische Industrie. Wenn Sie einen anderen Katalogabschnitt suchen, k\u00f6nnen Sie die folgenden Links verwenden. Ern\u00e4hrungSeifeIndustrieAlle unsere Produkte f\u00fcr die chemische Industrie werden nach den gleichen strengen Qualit\u00e4ts- und Hygienema\u00dfnahmen hergestellt wie f\u00fcr Lebensmittel. Sie sind zudem nachhaltig und umweltfreundlich. <\/p>\n<div><a href=\"https:\/\/www.riosa.com\/de\/chemische-industrie\/\" class=\"more-link\">Mehr lesen<\/a><\/div>","protected":false},"author":1,"featured_media":0,"parent":0,"menu_order":0,"comment_status":"closed","ping_status":"open","template":"template-layout-full-width.php","meta":{"_exactmetrics_skip_tracking":false,"_exactmetrics_sitenote_active":false,"_exactmetrics_sitenote_note":"","_exactmetrics_sitenote_category":0,"footnotes":""},"yoast_head":"<!-- This site is optimized with the Yoast SEO plugin v22.6 - https:\/\/yoast.com\/wordpress\/plugins\/seo\/ -->\n<title>Industria qu\u00edmica | RIOSA - Nuestros Productos<\/title>\n<meta name=\"description\" content=\"Aceites, grasas, ole\u00ednas, aceites \u00e1cidos y \u00e1cidos grasos para uso como materias primas en la industria qu\u00edmica\" \/>\n<meta name=\"robots\" content=\"index, follow, max-snippet:-1, max-image-preview:large, max-video-preview:-1\" \/>\n<link rel=\"canonical\" href=\"https:\/\/www.riosa.com\/de\/ar\/\u0627\u0644\u0635\u0646\u0627\u0639\u0629-\u0627\u0644\u0643\u064a\u0645\u064a\u0627\u0626\u064a\u0629\/\" \/>\n<meta property=\"og:locale\" content=\"de_DE\" \/>\n<meta property=\"og:type\" content=\"article\" \/>\n<meta property=\"og:title\" content=\"Industria qu\u00edmica | RIOSA - Nuestros Productos\" \/>\n<meta property=\"og:description\" content=\"Aceites, grasas, ole\u00ednas, aceites \u00e1cidos y \u00e1cidos grasos para uso como materias primas en la industria qu\u00edmica\" \/>\n<meta property=\"og:url\" content=\"https:\/\/www.riosa.com\/de\/ar\/\u0627\u0644\u0635\u0646\u0627\u0639\u0629-\u0627\u0644\u0643\u064a\u0645\u064a\u0627\u0626\u064a\u0629\/\" \/>\n<meta property=\"og:site_name\" content=\"RIOSA\" \/>\n<meta property=\"article:modified_time\" content=\"2019-05-04T20:38:09+00:00\" \/>\n<meta name=\"twitter:card\" content=\"summary_large_image\" \/>\n<meta name=\"twitter:label1\" content=\"Gesch\u00e4tzte Lesezeit\" \/>\n\t<meta name=\"twitter:data1\" content=\"1\u00a0Minute\" \/>\n<script type=\"application\/ld+json\" class=\"yoast-schema-graph\">{\"@context\":\"https:\/\/schema.org\",\"@graph\":[{\"@type\":\"WebPage\",\"@id\":\"https:\/\/www.riosa.com\/ar\/%d8%a7%d9%84%d8%b5%d9%86%d8%a7%d8%b9%d8%a9-%d8%a7%d9%84%d9%83%d9%8a%d9%85%d9%8a%d8%a7%d8%a6%d9%8a%d8%a9\/\",\"url\":\"https:\/\/www.riosa.com\/ar\/%d8%a7%d9%84%d8%b5%d9%86%d8%a7%d8%b9%d8%a9-%d8%a7%d9%84%d9%83%d9%8a%d9%85%d9%8a%d8%a7%d8%a6%d9%8a%d8%a9\/\",\"name\":\"Industria qu\u00edmica | RIOSA - Nuestros Productos\",\"isPartOf\":{\"@id\":\"https:\/\/www.riosa.com\/he\/#website\"},\"datePublished\":\"2019-04-15T11:39:19+00:00\",\"dateModified\":\"2019-05-04T20:38:09+00:00\",\"description\":\"Aceites, grasas, ole\u00ednas, aceites \u00e1cidos y \u00e1cidos grasos para uso como materias primas en la industria qu\u00edmica\",\"breadcrumb\":{\"@id\":\"https:\/\/www.riosa.com\/ar\/%d8%a7%d9%84%d8%b5%d9%86%d8%a7%d8%b9%d8%a9-%d8%a7%d9%84%d9%83%d9%8a%d9%85%d9%8a%d8%a7%d8%a6%d9%8a%d8%a9\/#breadcrumb\"},\"inLanguage\":\"de\",\"potentialAction\":[{\"@type\":\"ReadAction\",\"target\":[\"https:\/\/www.riosa.com\/ar\/%d8%a7%d9%84%d8%b5%d9%86%d8%a7%d8%b9%d8%a9-%d8%a7%d9%84%d9%83%d9%8a%d9%85%d9%8a%d8%a7%d8%a6%d9%8a%d8%a9\/\"]}]},{\"@type\":\"BreadcrumbList\",\"@id\":\"https:\/\/www.riosa.com\/ar\/%d8%a7%d9%84%d8%b5%d9%86%d8%a7%d8%b9%d8%a9-%d8%a7%d9%84%d9%83%d9%8a%d9%85%d9%8a%d8%a7%d8%a6%d9%8a%d8%a9\/#breadcrumb\",\"itemListElement\":[{\"@type\":\"ListItem\",\"position\":1,\"name\":\"Inicio\",\"item\":\"https:\/\/www.riosa.com\/\"},{\"@type\":\"ListItem\",\"position\":2,\"name\":\"Industria qu\u00edmica\"}]},{\"@type\":\"WebSite\",\"@id\":\"https:\/\/www.riosa.com\/he\/#website\",\"url\":\"https:\/\/www.riosa.com\/he\/\",\"name\":\"RIOSA\",\"description\":\"ACEITES GRASAS Y OLE\u00cdNAS para alimentaci\u00f3n animal\",\"publisher\":{\"@id\":\"https:\/\/www.riosa.com\/he\/#organization\"},\"potentialAction\":[{\"@type\":\"SearchAction\",\"target\":{\"@type\":\"EntryPoint\",\"urlTemplate\":\"https:\/\/www.riosa.com\/he\/?s={search_term_string}\"},\"query-input\":\"required name=search_term_string\"}],\"inLanguage\":\"de\"},{\"@type\":\"Organization\",\"@id\":\"https:\/\/www.riosa.com\/he\/#organization\",\"name\":\"RIOSA - Refinaci\u00f3n Industrial Oleicola S.A.\",\"url\":\"https:\/\/www.riosa.com\/he\/\",\"logo\":{\"@type\":\"ImageObject\",\"inLanguage\":\"de\",\"@id\":\"https:\/\/www.riosa.com\/he\/#\/schema\/logo\/image\/\",\"url\":\"https:\/\/staging.riosa.com\/wp-content\/uploads\/2019\/04\/Logo-Riosa-250.jpg\",\"contentUrl\":\"https:\/\/staging.riosa.com\/wp-content\/uploads\/2019\/04\/Logo-Riosa-250.jpg\",\"width\":250,\"height\":271,\"caption\":\"RIOSA - Refinaci\u00f3n Industrial Oleicola S.A.\"},\"image\":{\"@id\":\"https:\/\/www.riosa.com\/he\/#\/schema\/logo\/image\/\"}}]}<\/script>\n<!-- \/ Yoast SEO plugin. -->","yoast_head_json":{"title":"Chemische Industrie | RIOSA - Unsere Produkte","description":"\u00d6le, Fette, Oleine, saure \u00d6le und Fetts\u00e4uren zur Verwendung als Rohstoffe in der chemischen Industrie","robots":{"index":"index","follow":"follow","max-snippet":"max-snippet:-1","max-image-preview":"max-image-preview:large","max-video-preview":"max-video-preview:-1"},"canonical":"https:\/\/www.riosa.com\/de\/ar\/\u0627\u0644\u0635\u0646\u0627\u0639\u0629-\u0627\u0644\u0643\u064a\u0645\u064a\u0627\u0626\u064a\u0629\/","og_locale":"de_DE","og_type":"article","og_title":"Industria qu\u00edmica | RIOSA - Nuestros Productos","og_description":"Aceites, grasas, ole\u00ednas, aceites \u00e1cidos y \u00e1cidos grasos para uso como materias primas en la industria qu\u00edmica","og_url":"https:\/\/www.riosa.com\/de\/ar\/\u0627\u0644\u0635\u0646\u0627\u0639\u0629-\u0627\u0644\u0643\u064a\u0645\u064a\u0627\u0626\u064a\u0629\/","og_site_name":"RIOSA","article_modified_time":"2019-05-04T20:38:09+00:00","twitter_card":"summary_large_image","twitter_misc":{"Gesch\u00e4tzte Lesezeit":"1\u00a0Minute"},"schema":{"@context":"https:\/\/schema.org","@graph":[{"@type":"WebPage","@id":"https:\/\/www.riosa.com\/ar\/%d8%a7%d9%84%d8%b5%d9%86%d8%a7%d8%b9%d8%a9-%d8%a7%d9%84%d9%83%d9%8a%d9%85%d9%8a%d8%a7%d8%a6%d9%8a%d8%a9\/","url":"https:\/\/www.riosa.com\/ar\/%d8%a7%d9%84%d8%b5%d9%86%d8%a7%d8%b9%d8%a9-%d8%a7%d9%84%d9%83%d9%8a%d9%85%d9%8a%d8%a7%d8%a6%d9%8a%d8%a9\/","name":"Chemische Industrie | RIOSA - Unsere Produkte","isPartOf":{"@id":"https:\/\/www.riosa.com\/he\/#website"},"datePublished":"2019-04-15T11:39:19+00:00","dateModified":"2019-05-04T20:38:09+00:00","description":"\u00d6le, Fette, Oleine, saure \u00d6le und Fetts\u00e4uren zur Verwendung als Rohstoffe in der chemischen Industrie","breadcrumb":{"@id":"https:\/\/www.riosa.com\/ar\/%d8%a7%d9%84%d8%b5%d9%86%d8%a7%d8%b9%d8%a9-%d8%a7%d9%84%d9%83%d9%8a%d9%85%d9%8a%d8%a7%d8%a6%d9%8a%d8%a9\/#breadcrumb"},"inLanguage":"de","potentialAction":[{"@type":"ReadAction","target":["https:\/\/www.riosa.com\/ar\/%d8%a7%d9%84%d8%b5%d9%86%d8%a7%d8%b9%d8%a9-%d8%a7%d9%84%d9%83%d9%8a%d9%85%d9%8a%d8%a7%d8%a6%d9%8a%d8%a9\/"]}]},{"@type":"BreadcrumbList","@id":"https:\/\/www.riosa.com\/ar\/%d8%a7%d9%84%d8%b5%d9%86%d8%a7%d8%b9%d8%a9-%d8%a7%d9%84%d9%83%d9%8a%d9%85%d9%8a%d8%a7%d8%a6%d9%8a%d8%a9\/#breadcrumb","itemListElement":[{"@type":"ListItem","position":1,"name":"Inicio","item":"https:\/\/www.riosa.com\/"},{"@type":"ListItem","position":2,"name":"Industria qu\u00edmica"}]},{"@type":"WebSite","@id":"https:\/\/www.riosa.com\/he\/#website","url":"https:\/\/www.riosa.com\/he\/","name":"RIOSA","description":"FETTE UND OLEINS\u00d6LE f\u00fcr Tierfutter","publisher":{"@id":"https:\/\/www.riosa.com\/he\/#organization"},"potentialAction":[{"@type":"SearchAction","target":{"@type":"EntryPoint","urlTemplate":"https:\/\/www.riosa.com\/he\/?s={search_term_string}"},"query-input":"required name=search_term_string"}],"inLanguage":"de"},{"@type":"Organization","@id":"https:\/\/www.riosa.com\/he\/#organization","name":"RIOSA - Industrielle Raffination Oleicola SA","url":"https:\/\/www.riosa.com\/he\/","logo":{"@type":"ImageObject","inLanguage":"de","@id":"https:\/\/www.riosa.com\/he\/#\/schema\/logo\/image\/","url":"https:\/\/staging.riosa.com\/wp-content\/uploads\/2019\/04\/Logo-Riosa-250.jpg","contentUrl":"https:\/\/staging.riosa.com\/wp-content\/uploads\/2019\/04\/Logo-Riosa-250.jpg","width":250,"height":271,"caption":"RIOSA - Refinaci\u00f3n Industrial Oleicola S.A."},"image":{"@id":"https:\/\/www.riosa.com\/he\/#\/schema\/logo\/image\/"}}]}},"jetpack_likes_enabled":true,"jetpack_sharing_enabled":true,"_links":{"self":[{"href":"https:\/\/www.riosa.com\/de\/wp-json\/wp\/v2\/pages\/764"}],"collection":[{"href":"https:\/\/www.riosa.com\/de\/wp-json\/wp\/v2\/pages"}],"about":[{"href":"https:\/\/www.riosa.com\/de\/wp-json\/wp\/v2\/types\/page"}],"author":[{"embeddable":true,"href":"https:\/\/www.riosa.com\/de\/wp-json\/wp\/v2\/users\/1"}],"replies":[{"embeddable":true,"href":"https:\/\/www.riosa.com\/de\/wp-json\/wp\/v2\/comments?post=764"}],"version-history":[{"count":6,"href":"https:\/\/www.riosa.com\/de\/wp-json\/wp\/v2\/pages\/764\/revisions"}],"predecessor-version":[{"id":773,"href":"https:\/\/www.riosa.com\/de\/wp-json\/wp\/v2\/pages\/764\/revisions\/773"}],"wp:attachment":[{"href":"https:\/\/www.riosa.com\/de\/wp-json\/wp\/v2\/media?parent=764"}],"curies":[{"name":"wp","href":"https:\/\/api.w.org\/{rel}","templated":true}]}}