{"id":648,"date":"2019-04-13T17:41:34","date_gmt":"2019-04-13T16:41:34","guid":{"rendered":"https:\/\/www.riosa.com\/?page_id=648"},"modified":"2026-04-25T18:26:35","modified_gmt":"2026-04-25T17:26:35","slug":"sobre-el-web","status":"publish","type":"page","link":"https:\/\/www.riosa.com\/de\/uber-uns\/im-web\/","title":{"rendered":"\u00dcber die Webseite"},"content":{"rendered":"<div id=\"cs-content\" class=\"cs-content\"><div class=\"x-section e648-e1 mi0-0\"><div class=\"x-container max width e648-e2 mi0-1 mi0-2\"><div class=\"x-column x-sm x-1-1 e648-e3 mi0-4\"><div class=\"x-text x-text-headline e648-e4 mi0-5\"><div class=\"x-text-content\"><div class=\"x-text-content-text\"><h2 class=\"x-text-content-text-primary\">\u00dcber die Webseite<\/h2>\n<\/div><\/div><\/div><hr class=\"x-line e648-e5 mi0-6\"\/><div class=\"x-text x-content e648-e6 mi0-7 mi0-8 mi0-9\">\n(Und \u00fcber unsere Leidenschaft f\u00fcr Informationstechnologien)<\/div><\/div><\/div><\/div><div class=\"x-section e648-e7 mi0-0\"><div class=\"x-container max width e648-e8 mi0-1 mi0-3\"><div class=\"x-column x-sm x-1-2 e648-e9 mi0-4\"><div class=\"x-text x-content e648-e10 mi0-7 mi0-a mi0-b mi0-c\"><p>Hier bei RIOSA ist eine weitere unserer Leidenschaften<strong> Systemingenieur<\/strong>\u00a0und Computer. nicht umsonst unsere <a href=\"\/de\/riosa_old_web_1995\/spanish.html\/\" target=\"_blank\" rel=\"noopener\"><strong>erste Webseite<\/strong><\/a> wurde 1995 in Betrieb genommen, nur 6 Jahre nach dem Erfinder des World Wide Web-Konzepts, <a href=\"https:\/\/en.wikipedia.org\/wiki\/Tim_Berners-Lee\" target=\"_blank\" rel=\"noopener\"><strong>Tim Berners-Lee<\/strong><\/a> erstellte die erste Webseite mit dem Protokoll <a href=\"https:\/\/en.wikipedia.org\/wiki\/Hypertext_Transfer_Protocol\" target=\"_blank\" rel=\"noopener\"><strong>Hypertext-\u00dcbertragungsprotokoll (HTTP)<\/strong><\/a> 1989 im <strong><a href=\"https:\/\/en.wikipedia.org\/wiki\/CERN\" target=\"_blank\" rel=\"noopener\">CERN<\/a><\/strong> an der Grenze zwischen der Schweiz und Frankreich, in der N\u00e4he der Stadt <strong><a href=\"https:\/\/en.wikipedia.org\/wiki\/Canton_of_Geneva\" target=\"_blank\" rel=\"noopener\">Genf<\/a><\/strong>.<\/p>\n<p>In jenem Jahr, 1995, waren Webseiten in Spanien sehr knapp und wurden praktisch auf Universit\u00e4ten und andere offizielle Institutionen reduziert. Private oder Firmenwebseiten waren praktisch nicht vorhanden, so dass der Aufwand nur eine \u00dcbung zur Selbstverbesserung war, da ihre n\u00fctzliche Wirkung (Besuche unserer Seite zur Bekanntmachung unseres Unternehmens) bis viele Jahre sp\u00e4ter, als die Verwendung von Informationen, gering war Technologien breiteten sich auf die gesamte Bev\u00f6lkerung und damit auf den Industrie- und Viehsektor aus.<\/p>\n<p>Trotzdem zeigte sich schon damals, wie sehr wir uns in unserem Unternehmen um Forschung und Entwicklung k\u00fcmmern.<\/p><\/div><\/div><div class=\"x-column x-sm x-1-2 e648-e11 mi0-4\"><div class=\"x-text x-content e648-e12 mi0-7 mi0-9 mi0-a mi0-b\"><p><a href=\"\/de\/riosa_old_web_1995\/spanish.html\/\" target=\"_blank\" rel=\"noopener\"><strong>Die erste Webseite von RIOSA, Jahr 1995<\/strong><\/a><br \/>\n<br \/>\n<\/p><\/div><a class=\"x-image e648-e13 mi0-e\" href=\"\/de\/riosa_old_web_1995\/spanish.html\/\" target=\"_blank\" rel=\"noopener noreferrer\"><img src=\"https:\/\/www.riosa.com\/wp-content\/uploads\/2019\/04\/riosa_old_web_1995.png\" width=\"750\" height=\"1092\" alt=\"RIOSA alte Webseite 1995\" loading=\"lazy\"><\/a><\/div><\/div><div class=\"x-container max width e648-e14 mi0-1 mi0-2\"><div class=\"x-column x-sm x-1-1 e648-e15 mi0-4\"><hr class=\"x-line e648-e16 mi0-f\"\/><\/div><\/div><div class=\"x-container max width e648-e17 mi0-1 mi0-3\"><div class=\"x-column x-sm x-1-1 e648-e18 mi0-4\"><div class=\"x-text x-content e648-e19 mi0-7 mi0-a mi0-b\"><p>Unsere Webdienste basieren seit jeher auf unseren eigenen Servern, die sich physisch in unseren Rechenzentren befinden. Diese Philosophie geht auf das Jahr 1995 zur\u00fcck, als Cloud-Dienste noch nicht existierten und jedes Unternehmen f\u00fcr den Betrieb seiner eigenen Infrastruktur verantwortlich war, da externe Webhosting-Dienste rar und teuer waren. Daher bevorzugen wir es nach wie vor, alle externen Dienste intern zu betreiben. Dies erm\u00f6glicht uns eine umfassende Kontrolle und erleichtert es uns, die heutigen hohen Anforderungen zu erf\u00fcllen. <strong>Datenschutzgesetze<\/strong>, Da die Daten unserer Kunden nicht mit externen Webhosting-Diensten geteilt werden, was Vereinbarungen mit anderen Unternehmen \u2013 oft multinationalen Konzernen mit Strukturen, die zu gro\u00df sind, um den Bed\u00fcrfnissen eines spanischen KMU gerecht zu werden \u2013 erfordern w\u00fcrde, bevorzugen wir Beziehungen zu Lieferanten, die menschlicher und geografisch n\u00e4her sind.<\/p>\n<p>Diese Philosophie verpflichtet uns, ein Expertenteam von IT-Mitarbeitern zu unterhalten, um unsere Internetdienste zu warten und zu aktualisieren, aber aus unserer Sicht ist es effizienter, als die Wartung dieser Dienste an externe multinationale Unternehmen zu delegieren.<\/p>  <\/div><\/div><\/div><div class=\"x-container max width e648-e20 mi0-1 mi0-2\"><div class=\"x-column x-sm x-1-1 e648-e21 mi0-4\"><hr class=\"x-line e648-e22 mi0-f\"\/><\/div><\/div><div class=\"x-container max width e648-e23 mi0-1 mi0-3\"><div class=\"x-column x-sm x-1-2 e648-e24 mi0-4\"><div class=\"x-text x-content e648-e25 mi0-7 mi0-a mi0-b\"><p>Ebenso haben wir im IT-Team immer an die Philosophie und Verwendung von geglaubt <strong><a href=\"http:\/\/www.fsf.org\" target=\"_blank\" rel=\"noopener\">gratis Software<\/a><\/strong>, und in freien Betriebssystemen, insbesondere im System\u00a0<strong><a href=\"https:\/\/www.gnu.org\" target=\"_blank\" rel=\"noopener\">Linux<\/a><\/strong>. Wir verwenden sie ausgiebig auf allen unseren Servern, Workstations und Anwendungen und wir f\u00f6rdern ihre Verwendung, wo immer dies m\u00f6glich ist. Wir glauben, dass die Flexibilit\u00e4t, Freiheit und Effizienz, die durch den Einsatz von L\u00f6sungen auf Basis freier Software erreicht wird, mit keiner anderen L\u00f6sung auf dem Markt vergleichbar ist.<\/p>\n<p>Zu Informationszwecken f\u00fchren wir auf den richtigen Links nur die wichtigsten Softwarekomponenten auf, die diese Website erm\u00f6glichen. <\/div><\/div><div class=\"x-column x-sm x-1-2 e648-e26 mi0-4\"><div class=\"x-text x-content e648-e27 mi0-7 mi0-b mi0-d\"><p>\u00b7 Betriebssystem <a href=\"https:\/\/www.gnu.org\" target=\"_blank\" rel=\"noopener\"><strong>Linux<\/strong><\/a><\/p>\n<p>Linux-Distribution <a href=\"http:\/\/www.debian.org\" target=\"_blank\" rel=\"noopener\"><strong>DEBIAN<\/strong><\/a><\/p>\n<p>Linux-Distribution <strong><a href=\"http:\/\/www.ubuntu.com\" target=\"_blank\" rel=\"noopener\">UBUNTU<\/a><\/strong><\/p>\n<p>\u00b7 Webserver <a href=\"http:\/\/www.apache.org\" target=\"_blank\" rel=\"noopener\"><strong>APACHE<\/strong><\/a><\/p>\n<p>\u00b7 Programmiersprache <a href=\"http:\/\/www.w3.org\/html\/\" target=\"_blank\" rel=\"noopener\"><strong>HTML<\/strong><\/a><\/p>\n<p>\u00b7 Programmiersprache <a href=\"http:\/\/www.php.net\/\" target=\"_blank\" rel=\"noopener\"><strong>PHP<\/strong><\/a><\/p>\n<p>\u00b7 Datenserver <a href=\"http:\/\/www.mysql.com\/\" target=\"_blank\" rel=\"noopener\"><strong>MySQL<\/strong><\/a><\/p>\n<p>\u00b7 Internetanwendung <a href=\"http:\/\/www.wordpress.org\" target=\"_blank\" rel=\"noopener\"><strong>WORTPRESSE<\/strong><\/a><\/p><\/div><\/div><\/div><\/div><\/div>","protected":false},"excerpt":{"rendered":"<p>\u00dcber die Website (und \u00fcber unsere Leidenschaft f\u00fcr Informationstechnologien) Eine weitere unserer Leidenschaften hier bei RIOSA ist Systemtechnik und Computer. Nicht umsonst ging unsere erste Website 1995 online, nur sechs Jahre nachdem der Erfinder des World Wide Web-Konzepts, Tim Berners-Lee, die erste erstellte\u2026 <\/p>\n<div><a href=\"https:\/\/www.riosa.com\/de\/uber-uns\/im-web\/\" class=\"more-link\">Mehr lesen<\/a><\/div>","protected":false},"author":1,"featured_media":0,"parent":95,"menu_order":0,"comment_status":"closed","ping_status":"closed","template":"template-layout-full-width.php","meta":{"footnotes":""},"yoast_head":"<!-- This site is optimized with the Yoast SEO plugin v22.6 - https:\/\/yoast.com\/wordpress\/plugins\/seo\/ -->\n<title>Sobre el web | RIOSA<\/title>\n<meta name=\"robots\" content=\"index, follow, max-snippet:-1, max-image-preview:large, max-video-preview:-1\" \/>\n<link rel=\"canonical\" href=\"https:\/\/www.riosa.com\/de\/uber-uns\/im-web\/\" \/>\n<meta property=\"og:locale\" content=\"de_DE\" \/>\n<meta property=\"og:type\" content=\"article\" \/>\n<meta property=\"og:title\" content=\"Sobre el web | RIOSA\" \/>\n<meta property=\"og:description\" content=\"Sobre el sitio web ( Y sobre nuestra pasi\u00f3n por las tecnolog\u00edas de la informaci\u00f3n )Aqu\u00ed en RIOSA otra de nuestras pasiones es la ingenier\u00eda de sistemas\u00a0y las computadoras. No en vano nuestro primer sitio web empez\u00f3 a funcionar en 1995, s\u00f3lo 6 a\u00f1os despu\u00e9s de que el inventor del concepto de World Wide Web, Tim Berners-Lee creara la primera ... Read More\" \/>\n<meta property=\"og:url\" content=\"https:\/\/www.riosa.com\/de\/uber-uns\/im-web\/\" \/>\n<meta property=\"og:site_name\" content=\"RIOSA\" \/>\n<meta property=\"article:modified_time\" content=\"2026-04-25T17:26:35+00:00\" \/>\n<meta name=\"twitter:card\" content=\"summary_large_image\" \/>\n<meta name=\"twitter:label1\" content=\"Gesch\u00e4tzte Lesezeit\" \/>\n\t<meta name=\"twitter:data1\" content=\"4\u00a0Minuten\" \/>\n<script type=\"application\/ld+json\" class=\"yoast-schema-graph\">{\"@context\":\"https:\/\/schema.org\",\"@graph\":[{\"@type\":\"WebPage\",\"@id\":\"https:\/\/www.riosa.com\/empresa\/sobre-el-web\/\",\"url\":\"https:\/\/www.riosa.com\/empresa\/sobre-el-web\/\",\"name\":\"Sobre el web | RIOSA\",\"isPartOf\":{\"@id\":\"https:\/\/www.riosa.com\/he\/#website\"},\"datePublished\":\"2019-04-13T16:41:34+00:00\",\"dateModified\":\"2026-04-25T17:26:35+00:00\",\"breadcrumb\":{\"@id\":\"https:\/\/www.riosa.com\/empresa\/sobre-el-web\/#breadcrumb\"},\"inLanguage\":\"de\",\"potentialAction\":[{\"@type\":\"ReadAction\",\"target\":[\"https:\/\/www.riosa.com\/empresa\/sobre-el-web\/\"]}]},{\"@type\":\"BreadcrumbList\",\"@id\":\"https:\/\/www.riosa.com\/empresa\/sobre-el-web\/#breadcrumb\",\"itemListElement\":[{\"@type\":\"ListItem\",\"position\":1,\"name\":\"Inicio\",\"item\":\"https:\/\/www.riosa.com\/\"},{\"@type\":\"ListItem\",\"position\":2,\"name\":\"Sobre Nosotros\",\"item\":\"https:\/\/www.riosa.com\/empresa\/\"},{\"@type\":\"ListItem\",\"position\":3,\"name\":\"Sobre el web\"}]},{\"@type\":\"WebSite\",\"@id\":\"https:\/\/www.riosa.com\/he\/#website\",\"url\":\"https:\/\/www.riosa.com\/he\/\",\"name\":\"RIOSA\",\"description\":\"ACEITES GRASAS Y OLE\u00cdNAS para alimentaci\u00f3n animal\",\"publisher\":{\"@id\":\"https:\/\/www.riosa.com\/he\/#organization\"},\"potentialAction\":[{\"@type\":\"SearchAction\",\"target\":{\"@type\":\"EntryPoint\",\"urlTemplate\":\"https:\/\/www.riosa.com\/he\/?s={search_term_string}\"},\"query-input\":\"required name=search_term_string\"}],\"inLanguage\":\"de\"},{\"@type\":\"Organization\",\"@id\":\"https:\/\/www.riosa.com\/he\/#organization\",\"name\":\"RIOSA - Refinaci\u00f3n Industrial Oleicola S.A.\",\"url\":\"https:\/\/www.riosa.com\/he\/\",\"logo\":{\"@type\":\"ImageObject\",\"inLanguage\":\"de\",\"@id\":\"https:\/\/www.riosa.com\/he\/#\/schema\/logo\/image\/\",\"url\":\"https:\/\/staging.riosa.com\/wp-content\/uploads\/2019\/04\/Logo-Riosa-250.jpg\",\"contentUrl\":\"https:\/\/staging.riosa.com\/wp-content\/uploads\/2019\/04\/Logo-Riosa-250.jpg\",\"width\":250,\"height\":271,\"caption\":\"RIOSA - Refinaci\u00f3n Industrial Oleicola S.A.\"},\"image\":{\"@id\":\"https:\/\/www.riosa.com\/he\/#\/schema\/logo\/image\/\"}}]}<\/script>\n<!-- \/ Yoast SEO plugin. -->","yoast_head_json":{"title":"\u00dcber die Website | RIOSA","robots":{"index":"index","follow":"follow","max-snippet":"max-snippet:-1","max-image-preview":"max-image-preview:large","max-video-preview":"max-video-preview:-1"},"canonical":"https:\/\/www.riosa.com\/de\/uber-uns\/im-web\/","og_locale":"de_DE","og_type":"article","og_title":"Sobre el web | RIOSA","og_description":"Sobre el sitio web ( Y sobre nuestra pasi\u00f3n por las tecnolog\u00edas de la informaci\u00f3n )Aqu\u00ed en RIOSA otra de nuestras pasiones es la ingenier\u00eda de sistemas\u00a0y las computadoras. No en vano nuestro primer sitio web empez\u00f3 a funcionar en 1995, s\u00f3lo 6 a\u00f1os despu\u00e9s de que el inventor del concepto de World Wide Web, Tim Berners-Lee creara la primera ... Read More","og_url":"https:\/\/www.riosa.com\/de\/uber-uns\/im-web\/","og_site_name":"RIOSA","article_modified_time":"2026-04-25T17:26:35+00:00","twitter_card":"summary_large_image","twitter_misc":{"Gesch\u00e4tzte Lesezeit":"4\u00a0Minuten"},"schema":{"@context":"https:\/\/schema.org","@graph":[{"@type":"WebPage","@id":"https:\/\/www.riosa.com\/empresa\/sobre-el-web\/","url":"https:\/\/www.riosa.com\/empresa\/sobre-el-web\/","name":"\u00dcber die Website | RIOSA","isPartOf":{"@id":"https:\/\/www.riosa.com\/he\/#website"},"datePublished":"2019-04-13T16:41:34+00:00","dateModified":"2026-04-25T17:26:35+00:00","breadcrumb":{"@id":"https:\/\/www.riosa.com\/empresa\/sobre-el-web\/#breadcrumb"},"inLanguage":"de","potentialAction":[{"@type":"ReadAction","target":["https:\/\/www.riosa.com\/empresa\/sobre-el-web\/"]}]},{"@type":"BreadcrumbList","@id":"https:\/\/www.riosa.com\/empresa\/sobre-el-web\/#breadcrumb","itemListElement":[{"@type":"ListItem","position":1,"name":"Inicio","item":"https:\/\/www.riosa.com\/"},{"@type":"ListItem","position":2,"name":"Sobre Nosotros","item":"https:\/\/www.riosa.com\/empresa\/"},{"@type":"ListItem","position":3,"name":"Sobre el web"}]},{"@type":"WebSite","@id":"https:\/\/www.riosa.com\/he\/#website","url":"https:\/\/www.riosa.com\/he\/","name":"RIOSA","description":"\u00d6LE, FETTE UND OLEINE f\u00fcr Tierern\u00e4hrung","publisher":{"@id":"https:\/\/www.riosa.com\/he\/#organization"},"potentialAction":[{"@type":"SearchAction","target":{"@type":"EntryPoint","urlTemplate":"https:\/\/www.riosa.com\/he\/?s={search_term_string}"},"query-input":"required name=search_term_string"}],"inLanguage":"de"},{"@type":"Organization","@id":"https:\/\/www.riosa.com\/he\/#organization","name":"RIOSA - Industrielle Raffination Oleicola SA","url":"https:\/\/www.riosa.com\/he\/","logo":{"@type":"ImageObject","inLanguage":"de","@id":"https:\/\/www.riosa.com\/he\/#\/schema\/logo\/image\/","url":"https:\/\/staging.riosa.com\/wp-content\/uploads\/2019\/04\/Logo-Riosa-250.jpg","contentUrl":"https:\/\/staging.riosa.com\/wp-content\/uploads\/2019\/04\/Logo-Riosa-250.jpg","width":250,"height":271,"caption":"RIOSA - Refinaci\u00f3n Industrial Oleicola S.A."},"image":{"@id":"https:\/\/www.riosa.com\/he\/#\/schema\/logo\/image\/"}}]}},"jetpack_sharing_enabled":true,"_links":{"self":[{"href":"https:\/\/www.riosa.com\/de\/wp-json\/wp\/v2\/pages\/648"}],"collection":[{"href":"https:\/\/www.riosa.com\/de\/wp-json\/wp\/v2\/pages"}],"about":[{"href":"https:\/\/www.riosa.com\/de\/wp-json\/wp\/v2\/types\/page"}],"author":[{"embeddable":true,"href":"https:\/\/www.riosa.com\/de\/wp-json\/wp\/v2\/users\/1"}],"replies":[{"embeddable":true,"href":"https:\/\/www.riosa.com\/de\/wp-json\/wp\/v2\/comments?post=648"}],"version-history":[{"count":12,"href":"https:\/\/www.riosa.com\/de\/wp-json\/wp\/v2\/pages\/648\/revisions"}],"predecessor-version":[{"id":36550,"href":"https:\/\/www.riosa.com\/de\/wp-json\/wp\/v2\/pages\/648\/revisions\/36550"}],"up":[{"embeddable":true,"href":"https:\/\/www.riosa.com\/de\/wp-json\/wp\/v2\/pages\/95"}],"wp:attachment":[{"href":"https:\/\/www.riosa.com\/de\/wp-json\/wp\/v2\/media?parent=648"}],"curies":[{"name":"wp","href":"https:\/\/api.w.org\/{rel}","templated":true}]}}