{"id":160,"date":"2019-03-17T11:59:55","date_gmt":"2019-03-17T10:59:55","guid":{"rendered":"https:\/\/www.riosa.com\/?page_id=160"},"modified":"2026-05-06T16:34:00","modified_gmt":"2026-05-06T15:34:00","slug":"contacto","status":"publish","type":"page","link":"https:\/\/www.riosa.com\/de\/kontakt\/","title":{"rendered":"Kontakt"},"content":{"rendered":"<div id=\"cs-content\" class=\"cs-content\"><div class=\"x-section e160-e1 m4g-0 m4g-1 m4g-2\"><div class=\"x-container max width e160-e2 m4g-5 m4g-6 m4g-7\"><div class=\"x-column x-sm x-1-1 e160-e3 m4g-a\"><div class=\"x-text x-text-headline e160-e4 m4g-d\"><div class=\"x-text-content\"><div class=\"x-text-content-text\"><h2 class=\"x-text-content-text-primary\">Kontaktinformationen<\/h2>\n<\/div><\/div><\/div><hr class=\"x-line e160-e5 m4g-e\"\/><\/div><\/div><\/div><div class=\"x-section e160-e6 m4g-0 m4g-1 m4g-3\"><div class=\"x-container max width e160-e7 m4g-5 m4g-8 m4g-9\"><div class=\"x-column x-sm x-1-2 e160-e8 m4g-a m4g-b\"><div class=\"x-text x-content e160-e9 m4g-f m4g-g\"><br><br>\nMit diesen Daten k\u00f6nnen Sie uns kontaktieren.<br><br>\nGerne beantworten wir Ihre Anfragen, Fragen, W\u00fcnsche oder Beschwerden. Und wir werden alles in unserer Macht Stehende tun, um sie zu l\u00f6sen.\n<br>\n<br>\nWenn Sie es vorziehen, dass wir Sie kontaktieren, k\u00f6nnen Sie dies \u00fcber unsere tun <a href=\"\/de\/formulario-de-contacto\/\"><strong>Kontakt Formular<\/strong><\/a>.<\/div><\/div><div class=\"x-column x-sm x-1-2 e160-e10 m4g-a m4g-c\"><div class=\"cs-content x-global-block x-global-block-333 e160-e11\"><div class=\"x-section e333-e2 m99-0\"><div class=\"x-container max width e333-e3 m99-1\"><div class=\"x-column x-sm x-1-1 e333-e4 m99-2\"><div class=\"x-text x-content e333-e5 m99-3\"><img decoding=\"async\" src=\"https:\/\/www.riosa.com\/wp-content\/uploads\/2019\/03\/riosa_titulo_trans.png\" alt=\"RIOSA\" width=\"200\">\n<br>\n<strong>Raffinerie Industrial Ole\u00edcola SA<\/strong>\n<br><br>\n<a onclick=\"return gtag_report_conversion('tel:+34953692000')\"; href=\"Telefon: +34953692000\"><img decoding=\"async\" src=\"https:\/\/www.riosa.com\/wp-content\/uploads\/2019\/03\/phone-classic.png\" alt=\"Telefon\" width=\"25\"> (+34) 953692000<\/a>\n<br>\n<a href=\"mailto:riosa@riosa.com\"><img decoding=\"async\" src=\"https:\/\/www.riosa.com\/wp-content\/uploads\/2019\/03\/email.png\" alt=\"Email\" width=\"25\"> riosa@riosa.com<\/a>&nbsp;\n<br>\n<a href=\"https:\/\/api.whatsapp.com\/send?phone=+34678692001&amp;text=Hallo, ich brauche weitere Informationen!\"><img decoding=\"async\" src=\"\/wp-content\/uploads\/2023\/02\/whatsapp-bw.png\" width=\"25\"> WhatsApp-Nachricht<\/a>\n<br>\n<a href=\"https:\/\/t.me\/+34678692001\"><img decoding=\"async\" src=\"https:\/\/www.riosa.com\/wp-content\/uploads\/2023\/03\/telegram-bw-1.png\" width=\"25\"> Telegrammnachricht &nbsp;<\/a>\n<br>\n<br>\n<a href=\"https:\/\/www.google.com\/maps\/place\/RIOSA+-+Refinaci\u00f3n+Industrial+Ole\u00edcola+SA\/@38.070372,-3.5852287,17z\/data=!3m1!4b1!4m5!3m4!1s0xd6e858a55a98acb:0xa422f967ef41e083!8m2! 3d38.070372!4d-3.58304\"  target=\"_blank\">\nBarriada del Puente s\/n<br>\n23490 E. Linares Baeza<br>\nSPANIEN<\/a><br>\n<br>\n<a href=\"\/de\/formulario-de-contacto\/\"><strong>KONTAKTIERE UNS<\/strong><\/a>\n<br>\n<br>\n  <center><div class=\"cs-content x-global-block x-global-block-36578 e36578-e0\"><div class=\"x-section e36578-e2 ms82-0\"><div class=\"x-row x-container max width e36578-e3 ms82-1 ms82-2\"><div class=\"x-row-inner\"><div class=\"x-col e36578-e4 ms82-3\"><div class=\"x-text x-content e36578-e5 ms82-4\">\n <div class=\"riosa-social\" aria-label=\"Folgen Sie uns\">\n  \n    <a href=\"https:\/\/x.com\/RIOSA_hec\"\n       target=\"_blank\" rel=\"noopener noreferrer me\"\n       aria-label=\"RIOSA in X\" title=\"RIOSA in X\">\n      <svg viewbox=\"0 0 24 24\" width=\"20\" height=\"20\" aria-hidden=\"true\">\n        <path d=\"M18.244 2.25h3.308l-7.227 8.26 8.502 11.24H16.17l-5.214-6.817L4.99 21.75H1.68l7.73-8.835L1.254 2.25H8.08l4.713 6.231zm-1.161 17.52h1.833L7.084   4.126H5.117z\"\/>\n      <\/svg>\n    <\/a>\n  \n    <a href=\"https:\/\/www.linkedin.com\/company\/riosa\"\n       target=\"_blank\" rel=\"noopener noreferrer me\"\n       aria-label=\"RIOSA auf LinkedIn\" title=\"RIOSA auf LinkedIn\">\n      <svg viewbox=\"0 0 24 24\" width=\"20\" height=\"20\" aria-hidden=\"true\">\n        <path d=\"M20.447 20.452h-3.554v-5.569c0-1.328-.027-3.037-1.852-3.037-1.853 0-2.136 1.445-2.136 2.939v5.667H9.351V9h3.414v1.561h.046c.477-.9 1.637-1.852   3.37-1.852 3.601 0 4.267 2.37 4.267 5.455v6.288zM5.337 7.433a2.062 2.062 0 01-2.063-2.065 2.063 2.063 0 112.063 2.065zm1.782   13.019H3.555V9h3.564v11.452zM22.225 0H1.771C.792 0 0 .774 0 1.729v20.542C0 23.227.792 24 1.771 24h20.451C23.2 24 24 23.227 24 22.271V1.729C24 .774 23.2 0   22.222 0h.003z\"\/>\n      <\/svg>\n    <\/a>\n  \n    <a href=\"https:\/\/www.instagram.com\/RIOSA_company\"\n       target=\"_blank\" rel=\"noopener noreferrer me\"\n       aria-label=\"RIOSA auf Instagram\" title=\"RIOSA auf Instagram\">\n      <svg viewbox=\"0 0 24 24\" width=\"20\" height=\"20\" aria-hidden=\"true\">\n        <path d=\"M12 2.163c3.204 0 3.584.012 4.85.07 3.252.148 4.771 1.691 4.919 4.919.058 1.265.069 1.645.069 4.849 0 3.205-.012 3.584-.069 4.849-.149   3.225-1.664 4.771-4.919 4.919-1.266.058-1.644.07-4.85.07-3.204 0-3.584-.012-4.849-.07-3.26-.149-4.771-1.699-4.919-4.92-.058-1.265-.07-1.644-.07-4.849   0-3.204.013-3.583.07-4.849.149-3.227 1.664-4.771 4.919-4.919 1.266-.057 1.645-.069 4.849-.069zM12 0C8.741 0 8.333.014 7.053.072 2.695.272.273 2.69.073   7.052.014 8.333 0 8.741 0 12c0 3.259.014 3.668.072 4.948.2 4.358 2.618 6.78 6.98 6.98C8.333 23.986 8.741 24 12 24c3.259 0 3.668-.014 4.948-.072 4.354-.2   6.782-2.618 6.979-6.98.059-1.28.073-1.689.073-4.948 0-3.259-.014-3.667-.072-4.947-.196-4.354-2.617-6.78-6.979-6.98C15.668.014 15.259 0 12 0zm0 5.838a6.162   6.162 0 100 12.324 6.162 6.162 0 000-12.324zM12 16a4 4 0 110-8 4 4 0 010 8zm6.406-11.845a1.44 1.44 0 100 2.881 1.44 1.44 0 000-2.881z\"\/>\n      <\/svg>\n    <\/a>\n  \n  <\/div><\/div><\/div><\/div><\/div><\/div><\/div><\/center><\/div><\/div><\/div><\/div><\/div><\/div><\/div><div class=\"x-container max width e160-e12 m4g-5 m4g-6 m4g-7\"><div class=\"x-column x-sm x-1-1 e160-e13 m4g-a\"><hr class=\"x-line e160-e14 m4g-i\"\/><\/div><\/div><div class=\"x-container max width e160-e15 m4g-5 m4g-7 m4g-8\"><div class=\"x-column x-sm x-1-1 e160-e16 m4g-a\"><div class=\"x-text x-content e160-e17 m4g-f m4g-h\">Wenn Sie uns in unserem Werk besuchen m\u00f6chten, sind Sie herzlich willkommen. Mit der folgenden Karte k\u00f6nnen Sie sich Ihre Route zu uns berechnen lassen oder uns geografisch lokalisieren.\n<br><\/div><div class=\"x-frame x-frame-map-embed e160-e18 m4g-j\"><div class=\"x-frame-inner\"><div class=\"x-map x-map-embed\"><div id=\"riosa-map-container\"                                                                                            \n  style=\"width:100%;height:450px;background:#f5f5f5;display:flex;align-items:center;justify-content:center;color:#888;\">     \n    <p style=\"margin:0;text-align:center\">\ud83d\udccd Die interaktive Google Maps-Karte wird geladen, wenn Sie Werbe-Cookies akzeptieren.<br><small><a href=\"#\" onclick=\"document.querySelector('.cli_settings_button').click();return false;\">Cookies konfigurieren<\/a><\/small><\/p>                                                                                                   \n  <\/div>    <\/div><\/div><\/div><\/div><\/div><\/div><div class=\"x-section e160-e19 m4g-0 m4g-3 m4g-4\"><div class=\"x-container max width e160-e20 m4g-5 m4g-6 m4g-7\"><div class=\"x-column x-sm x-1-1 e160-e21 m4g-a\"><div class=\"cs-content x-global-block x-global-block-542 e160-e22\"><div class=\"x-section e542-e1 mf2-0\"><div class=\"x-container e542-e2 mf2-1\"><div class=\"x-column x-sm x-1-1 e542-e3 mf2-2\"><div class=\"x-text x-text-headline e542-e4 mf2-3\"><div class=\"x-text-content\"><div class=\"x-text-content-text\"><h4 class=\"x-text-content-text-primary\">Wir erreichen Qualit\u00e4tsniveaus, die andere nicht erreichen k\u00f6nnen<\/h4>\n<\/div><\/div><\/div><\/div><\/div><\/div><\/div><\/div><\/div><\/div><\/div>","protected":false},"excerpt":{"rendered":"<p>Kontaktdaten Unter diesen Kontaktdaten k\u00f6nnen Sie mit uns Kontakt aufnehmen. Gerne beantworten wir Ihre Fragen, Fragen, W\u00fcnsche oder Beschwerden. Und wir werden alles in unserer Macht Stehende tun, um sie zu l\u00f6sen. Wenn Sie m\u00f6chten, dass wir Sie kontaktieren, k\u00f6nnen Sie dies \u00fcber unser Kontaktformular tun. Refinaci\u00f3n Industrial Ole\u00edcola SA (+34) 953692000 riosa@riosa.com WhatsApp \u2026 <\/p>\n<div><a href=\"https:\/\/www.riosa.com\/de\/kontakt\/\" class=\"more-link\">Mehr lesen<\/a><\/div>","protected":false},"author":1,"featured_media":0,"parent":0,"menu_order":0,"comment_status":"closed","ping_status":"closed","template":"template-layout-full-width.php","meta":{"footnotes":""},"yoast_head":"<!-- This site is optimized with the Yoast SEO plugin v22.6 - https:\/\/yoast.com\/wordpress\/plugins\/seo\/ -->\n<title>Contacto | RIOSA<\/title>\n<meta name=\"robots\" content=\"index, follow, max-snippet:-1, max-image-preview:large, max-video-preview:-1\" \/>\n<link rel=\"canonical\" href=\"https:\/\/www.riosa.com\/de\/kontakt\/\" \/>\n<meta property=\"og:locale\" content=\"de_DE\" \/>\n<meta property=\"og:type\" content=\"article\" \/>\n<meta property=\"og:title\" content=\"Contacto | RIOSA\" \/>\n<meta property=\"og:description\" content=\"Datos de contacto Estos son los datos que pueden usar para contactar con nosotros. Estaremos encantados de contestar sus consultas, preguntas, peticiones o quejas. Y haremos todo lo que est\u00e9 en nuestra mano para solventarlas. Si prefieren que nosotros nos pongamos en contacto con usted pueden hacerlo usando nuestro formulario de contacto. Refinaci\u00f3n Industrial Ole\u00edcola S.A. (+34) 953692000 riosa@riosa.com&nbsp; WhatsApp ... Read More\" \/>\n<meta property=\"og:url\" content=\"https:\/\/www.riosa.com\/de\/kontakt\/\" \/>\n<meta property=\"og:site_name\" content=\"RIOSA\" \/>\n<meta property=\"article:modified_time\" content=\"2026-05-06T15:34:00+00:00\" \/>\n<meta name=\"twitter:card\" content=\"summary_large_image\" \/>\n<meta name=\"twitter:label1\" content=\"Gesch\u00e4tzte Lesezeit\" \/>\n\t<meta name=\"twitter:data1\" content=\"1\u00a0Minute\" \/>\n<script type=\"application\/ld+json\" class=\"yoast-schema-graph\">{\"@context\":\"https:\/\/schema.org\",\"@graph\":[{\"@type\":\"WebPage\",\"@id\":\"https:\/\/www.riosa.com\/contacto\/\",\"url\":\"https:\/\/www.riosa.com\/contacto\/\",\"name\":\"Contacto | RIOSA\",\"isPartOf\":{\"@id\":\"https:\/\/www.riosa.com\/he\/#website\"},\"datePublished\":\"2019-03-17T10:59:55+00:00\",\"dateModified\":\"2026-05-06T15:34:00+00:00\",\"breadcrumb\":{\"@id\":\"https:\/\/www.riosa.com\/contacto\/#breadcrumb\"},\"inLanguage\":\"de\",\"potentialAction\":[{\"@type\":\"ReadAction\",\"target\":[\"https:\/\/www.riosa.com\/contacto\/\"]}]},{\"@type\":\"BreadcrumbList\",\"@id\":\"https:\/\/www.riosa.com\/contacto\/#breadcrumb\",\"itemListElement\":[{\"@type\":\"ListItem\",\"position\":1,\"name\":\"Inicio\",\"item\":\"https:\/\/www.riosa.com\/\"},{\"@type\":\"ListItem\",\"position\":2,\"name\":\"Contacto\"}]},{\"@type\":\"WebSite\",\"@id\":\"https:\/\/www.riosa.com\/he\/#website\",\"url\":\"https:\/\/www.riosa.com\/he\/\",\"name\":\"RIOSA\",\"description\":\"ACEITES GRASAS Y OLE\u00cdNAS para alimentaci\u00f3n animal\",\"publisher\":{\"@id\":\"https:\/\/www.riosa.com\/he\/#organization\"},\"potentialAction\":[{\"@type\":\"SearchAction\",\"target\":{\"@type\":\"EntryPoint\",\"urlTemplate\":\"https:\/\/www.riosa.com\/he\/?s={search_term_string}\"},\"query-input\":\"required name=search_term_string\"}],\"inLanguage\":\"de\"},{\"@type\":\"Organization\",\"@id\":\"https:\/\/www.riosa.com\/he\/#organization\",\"name\":\"RIOSA - Refinaci\u00f3n Industrial Oleicola S.A.\",\"url\":\"https:\/\/www.riosa.com\/he\/\",\"logo\":{\"@type\":\"ImageObject\",\"inLanguage\":\"de\",\"@id\":\"https:\/\/www.riosa.com\/he\/#\/schema\/logo\/image\/\",\"url\":\"https:\/\/staging.riosa.com\/wp-content\/uploads\/2019\/04\/Logo-Riosa-250.jpg\",\"contentUrl\":\"https:\/\/staging.riosa.com\/wp-content\/uploads\/2019\/04\/Logo-Riosa-250.jpg\",\"width\":250,\"height\":271,\"caption\":\"RIOSA - Refinaci\u00f3n Industrial Oleicola S.A.\"},\"image\":{\"@id\":\"https:\/\/www.riosa.com\/he\/#\/schema\/logo\/image\/\"}}]}<\/script>\n<!-- \/ Yoast SEO plugin. -->","yoast_head_json":{"title":"Kontakt | RIOSA","robots":{"index":"index","follow":"follow","max-snippet":"max-snippet:-1","max-image-preview":"max-image-preview:large","max-video-preview":"max-video-preview:-1"},"canonical":"https:\/\/www.riosa.com\/de\/kontakt\/","og_locale":"de_DE","og_type":"article","og_title":"Contacto | RIOSA","og_description":"Datos de contacto Estos son los datos que pueden usar para contactar con nosotros. Estaremos encantados de contestar sus consultas, preguntas, peticiones o quejas. Y haremos todo lo que est\u00e9 en nuestra mano para solventarlas. Si prefieren que nosotros nos pongamos en contacto con usted pueden hacerlo usando nuestro formulario de contacto. Refinaci\u00f3n Industrial Ole\u00edcola S.A. (+34) 953692000 riosa@riosa.com&nbsp; WhatsApp ... Read More","og_url":"https:\/\/www.riosa.com\/de\/kontakt\/","og_site_name":"RIOSA","article_modified_time":"2026-05-06T15:34:00+00:00","twitter_card":"summary_large_image","twitter_misc":{"Gesch\u00e4tzte Lesezeit":"1\u00a0Minute"},"schema":{"@context":"https:\/\/schema.org","@graph":[{"@type":"WebPage","@id":"https:\/\/www.riosa.com\/contacto\/","url":"https:\/\/www.riosa.com\/contacto\/","name":"Kontakt | RIOSA","isPartOf":{"@id":"https:\/\/www.riosa.com\/he\/#website"},"datePublished":"2019-03-17T10:59:55+00:00","dateModified":"2026-05-06T15:34:00+00:00","breadcrumb":{"@id":"https:\/\/www.riosa.com\/contacto\/#breadcrumb"},"inLanguage":"de","potentialAction":[{"@type":"ReadAction","target":["https:\/\/www.riosa.com\/contacto\/"]}]},{"@type":"BreadcrumbList","@id":"https:\/\/www.riosa.com\/contacto\/#breadcrumb","itemListElement":[{"@type":"ListItem","position":1,"name":"Inicio","item":"https:\/\/www.riosa.com\/"},{"@type":"ListItem","position":2,"name":"Contacto"}]},{"@type":"WebSite","@id":"https:\/\/www.riosa.com\/he\/#website","url":"https:\/\/www.riosa.com\/he\/","name":"RIOSA","description":"\u00d6LE, FETTE UND OLEINE f\u00fcr Tierern\u00e4hrung","publisher":{"@id":"https:\/\/www.riosa.com\/he\/#organization"},"potentialAction":[{"@type":"SearchAction","target":{"@type":"EntryPoint","urlTemplate":"https:\/\/www.riosa.com\/he\/?s={search_term_string}"},"query-input":"required name=search_term_string"}],"inLanguage":"de"},{"@type":"Organization","@id":"https:\/\/www.riosa.com\/he\/#organization","name":"RIOSA - Industrielle Raffination Oleicola SA","url":"https:\/\/www.riosa.com\/he\/","logo":{"@type":"ImageObject","inLanguage":"de","@id":"https:\/\/www.riosa.com\/he\/#\/schema\/logo\/image\/","url":"https:\/\/staging.riosa.com\/wp-content\/uploads\/2019\/04\/Logo-Riosa-250.jpg","contentUrl":"https:\/\/staging.riosa.com\/wp-content\/uploads\/2019\/04\/Logo-Riosa-250.jpg","width":250,"height":271,"caption":"RIOSA - Refinaci\u00f3n Industrial Oleicola S.A."},"image":{"@id":"https:\/\/www.riosa.com\/he\/#\/schema\/logo\/image\/"}}]}},"_links":{"self":[{"href":"https:\/\/www.riosa.com\/de\/wp-json\/wp\/v2\/pages\/160"}],"collection":[{"href":"https:\/\/www.riosa.com\/de\/wp-json\/wp\/v2\/pages"}],"about":[{"href":"https:\/\/www.riosa.com\/de\/wp-json\/wp\/v2\/types\/page"}],"author":[{"embeddable":true,"href":"https:\/\/www.riosa.com\/de\/wp-json\/wp\/v2\/users\/1"}],"replies":[{"embeddable":true,"href":"https:\/\/www.riosa.com\/de\/wp-json\/wp\/v2\/comments?post=160"}],"version-history":[{"count":15,"href":"https:\/\/www.riosa.com\/de\/wp-json\/wp\/v2\/pages\/160\/revisions"}],"predecessor-version":[{"id":36589,"href":"https:\/\/www.riosa.com\/de\/wp-json\/wp\/v2\/pages\/160\/revisions\/36589"}],"wp:attachment":[{"href":"https:\/\/www.riosa.com\/de\/wp-json\/wp\/v2\/media?parent=160"}],"curies":[{"name":"wp","href":"https:\/\/api.w.org\/{rel}","templated":true}]}}